{"id":1480,"date":"2013-08-27T02:41:39","date_gmt":"2013-08-27T00:41:39","guid":{"rendered":"http:\/\/www.vuncf.org\/?page_id=1480"},"modified":"2013-08-27T02:47:36","modified_gmt":"2013-08-27T00:47:36","slug":"la-strate","status":"publish","type":"page","link":"https:\/\/www.vuncf.org\/?page_id=1480","title":{"rendered":"La strate"},"content":{"rendered":"<p>Nous vivons dans des strates. C&rsquo;est pas tr\u00e8s compliqu\u00e9 : la strate repr\u00e9sente tous les gens avec lesquels vous \u00eates en relation. Priv\u00e9, boulot, les commer\u00e7ants du quartier si vous faites les courses.<\/p>\n<p>Je ne compterai pas la caissi\u00e8re, \u00e0 moins que vous ayez une relation sortant du bonjour madame, au revoir madame.<\/p>\n<p>Gardons le boulot, qui parfois se superpose \u00e0 du priv\u00e9.<\/p>\n<p>Avec\u00a0 vos connaissances, vos relations, vous \u00eates en \u00ab\u00a0affaire\u00a0\u00bb avec des \u00ab\u00a0gens\u00a0\u00bb. Du fait de vos interactions, il est bien possible que vos sorts soit li\u00e9s.<\/p>\n<p>Pour le boulot, c&rsquo;est simple : Si la taule ferme, vous \u00eates tous dans la mouise. Avec les clients, les fournisseurs, vous avez tous plus ou moins int\u00e9r\u00eat \u00e0 garder une bonne sant\u00e9. Ou \u00e0 ne pas vous faire virer.<\/p>\n<p>Vous avez une vague id\u00e9e de la strate des gens qui vous sont connect\u00e9 par proximit\u00e9. Et les ing\u00e9nieurs sont dans d&rsquo;autre strates, les enseignants, les magistrats, avocats et auxiliaires de justice dans d&rsquo;autres encore.<\/p>\n<p>En dehors de rencontres fortuites, vous devriez pouvoir occasionnellement visiter une strate juste au dessus, ou juste au dessous. Pas de hi\u00e9rarchie, c&rsquo;est juste une repr\u00e9sentation en mille-feuilles.<\/p>\n<p>En tous cas, vous n&rsquo;\u00eates pas nombreux dans une strate particuli\u00e8re. La strate des d\u00e9cideurs.Pr\u00e9sident, gouvernement, machins internationaux, FMI, BM, Commissions, lobbies, banques, march\u00e9.<\/p>\n<p>Ces gens l\u00e0 sont dans leur tour d&rsquo;ivoire, \u00e0 bouffer du raisin pendant que Rome br\u00fble. Tous sont complices d&rsquo;une fantastique machine \u00e0 pomper les fruits du travail, de l&#8217;emploi, tout ce que vous voulez.<\/p>\n<p>Donc, cette strate, dont vous devriez pouvoir vous faire une carte mentale approximative, manipule des leviers dangereux en faisant du d\u00e9g\u00e2t et du retour sur investissement.<\/p>\n<p>Cette strate fonctionne d\u00e9connect\u00e9e partiellement. Les b\u00e9n\u00e9ficiaires priv\u00e9s savent pr\u00e9cis\u00e9ment pourquoi ils sont l\u00e0, pour actionner nos politiques. Ils sont les seuls \u00e0 avoir un plan.<br \/>\nNos politiques, eux, ont tout au plus un plan. De carri\u00e8re.<br \/>\nMais \u00e7a commence \u00e0 se voir, non ?<\/p>\n<p><a href=\"http:\/\/www.fakirpresse.info\/L-irrealisme-c-est-eux-entretien.html\" title=\"Fakir\" target=\"_blank\">Fakir (le journal sur Internet)<\/a>,et Fr\u00e9d\u00e9ric Lordon nous offrent \u00e7a :<\/p>\n<p>&nbsp;<br \/>\n<video width=\"320\" height=\"180\" src=\"\/video\/Fr\u00e9d\u00e9ric Lordon La solution le d\u00e9faut de paiement.mp4\" controls=\"controls\" autobuffer=\"\"><object width=\"320\" height=\"180\" \nclassid=\"clsid:d27cdb6e-ae6d-11cf-96b8-444553540000\" \ncodebase=\"http:\/\/download.macromedia.com\/pub\/shockwave\/cabs\/flash\/swflash.cab#version=6,0,40,0\"><param name=\"src\" value=\"https:\/\/www.vuncf.org\/wp-includes\/js\/tinymce\/plugins\/media\/moxieplayer.swf\" \/><param name=\"flashvars\" value=\"url=\/video\/Fr\u00e9d\u00e9ric Lordon La solution le d\u00e9faut de paiement.mp4&amp;poster=\/wp-admin\/\" \/><param name=\"allowfullscreen\" value=\"true\" \/><param name=\"allowscriptaccess\" value=\"true\" \/><embed width=\"320\" height=\"180\" type=\"application\/x-shockwave-flash\"  \nsrc=\"https:\/\/www.vuncf.org\/wp-includes\/js\/tinymce\/plugins\/media\/moxieplayer.swf\" \nflashvars=\"url=\/video\/Fr\u00e9d\u00e9ric Lordon La solution le d\u00e9faut de paiement.mp4&amp;poster=\/wp-admin\/\" allowfullscreen=\"true\" allowscriptaccess=\"true\" \/><\/object><\/video><\/p>\n<h2>La solution : le d\u00e9faut de paiement<\/h2>\n","protected":false},"excerpt":{"rendered":"<p>Nous vivons dans des strates. C&rsquo;est pas tr\u00e8s compliqu\u00e9 : la strate repr\u00e9sente tous les gens avec lesquels vous \u00eates en relation. Priv\u00e9, boulot, les commer\u00e7ants du quartier si vous faites les courses. Je ne compterai pas la caissi\u00e8re, \u00e0 moins que vous ayez une relation sortant du bonjour madame, au revoir madame. Gardons le [&hellip;]<\/p>\n","protected":false},"author":1,"featured_media":0,"parent":0,"menu_order":0,"comment_status":"open","ping_status":"closed","template":"","meta":{"footnotes":""},"class_list":["post-1480","page","type-page","status-publish","hentry"],"_links":{"self":[{"href":"https:\/\/www.vuncf.org\/index.php?rest_route=\/wp\/v2\/pages\/1480","targetHints":{"allow":["GET"]}}],"collection":[{"href":"https:\/\/www.vuncf.org\/index.php?rest_route=\/wp\/v2\/pages"}],"about":[{"href":"https:\/\/www.vuncf.org\/index.php?rest_route=\/wp\/v2\/types\/page"}],"author":[{"embeddable":true,"href":"https:\/\/www.vuncf.org\/index.php?rest_route=\/wp\/v2\/users\/1"}],"replies":[{"embeddable":true,"href":"https:\/\/www.vuncf.org\/index.php?rest_route=%2Fwp%2Fv2%2Fcomments&post=1480"}],"version-history":[{"count":4,"href":"https:\/\/www.vuncf.org\/index.php?rest_route=\/wp\/v2\/pages\/1480\/revisions"}],"predecessor-version":[{"id":1483,"href":"https:\/\/www.vuncf.org\/index.php?rest_route=\/wp\/v2\/pages\/1480\/revisions\/1483"}],"wp:attachment":[{"href":"https:\/\/www.vuncf.org\/index.php?rest_route=%2Fwp%2Fv2%2Fmedia&parent=1480"}],"curies":[{"name":"wp","href":"https:\/\/api.w.org\/{rel}","templated":true}]}}