{"id":144,"date":"2013-06-09T11:57:56","date_gmt":"2013-06-09T09:57:56","guid":{"rendered":"http:\/\/test.briosoft.com\/?page_id=144"},"modified":"2016-12-04T06:30:51","modified_gmt":"2016-12-04T05:30:51","slug":"respect-de-la-propriete","status":"publish","type":"page","link":"https:\/\/www.vuncf.org\/?page_id=144","title":{"rendered":"Respect de la propri\u00e9t\u00e9"},"content":{"rendered":"<p>Le respect fait partie des concepts inviolables et inoxydables.<\/p>\n<p>\u00ab\u00a0J&rsquo;ai droit au respect\u00a0\u00bb constitue une synth\u00e8se d\u00e9sarmante de l&rsquo;utilisation de ce concept-valise.<br \/>\nNotez que je n&rsquo;ajoute pas \u00ab\u00a0concept-nuage\u00a0\u00bb, parce qu&rsquo;il n&rsquo;est pas <em>seulement <\/em>fait d&rsquo;abstraction, de r\u00eave, d&rsquo;impr\u00e9cision propice \u00e0 n&rsquo;importe quelle transcription concr\u00e8te partisane comme les concepts d&rsquo;\u00e9galit\u00e9, de fraternit\u00e9.<\/p>\n<p>Comment r\u00e9pondre non ?<\/p>\n<p>Toutefois si le respect d&rsquo;autrefois ne traduisait que la d\u00e9f\u00e9rence au dominant du moment et \u00e0 ses privil\u00e8ges divers : professeur, juge, policier, notaire, cur\u00e9, et surtout le patron ou le ch\u00e2telain, il avait \u00e9t\u00e9 g\u00e9n\u00e9reusement \u00e9tendu \u00e0 tous les gueux que nous sommes, comme un cadeau sublime. Dans les limites des int\u00e9r\u00eats bien compris de l&rsquo;actionnaire, cela va de soi, mais c&rsquo;est toutefois avec ce genre de concept gentil, que nos dominants on desserr\u00e9 l\u00e9g\u00e8rement l&rsquo;\u00e9tau de leurs exigences.<\/p>\n<p>Or le respect pr\u00e9sente l&rsquo;avantage d&rsquo;\u00eatre un lubrifiant dans les m\u00e9canismes de communication. Il adoucit les mauvaises nouvelles. Il amortit les effets de la domination.<br \/>\nQui regrettera, que lors d&rsquo;un proc\u00e8s, m\u00eame le pr\u00e9sident du tribunal ne puisse interrompre le plaignant ou l&rsquo;inculp\u00e9 pendant qu&rsquo;il exprime son point de vue. Selon le code de proc\u00e9dure p\u00e9nal, il n&rsquo;y a aucune limite au temps imparti. Et une interruption qui ne serait pas justifi\u00e9e par un \u00e9v\u00e8nement punissable par la loi (injure \u00e0 la cour, diffamation, emploi de mots orduriers d\u00e9pr\u00e9ciant l&rsquo;autre partie..), rendrait toute la proc\u00e9dure nulle. C&rsquo;est l\u00e0 la transcription du respect que la soci\u00e9t\u00e9 s&rsquo;impose vis \u00e0 vis de tous les usagers de la justice.<\/p>\n<p>Mais il y a respect et respect. Certains \u00ab\u00a0respects\u00a0\u00bb nous viennent de la vie en commun dans la famille, d\u2019autres \u00e0 l\u2019\u00e9cole, au travail, aux loisirs etc\u2026 La notion de respect fonde les relations humaines. Donc l\u2019ambiance.<\/p>\n<p>Peu avant 1914, la tournure des \u00e9lections \u00e0 venir indiquait une arriv\u00e9e en masse de d\u00e9put\u00e9s plut\u00f4t \u00ab\u00a0de gauche\u00a0\u00bb. Plus particuli\u00e8rement un d\u00e9put\u00e9 annon\u00e7ait clairement son d\u00e9sir de cr\u00e9er l&rsquo;imp\u00f4t sur les revenus. Une r\u00e9action tr\u00e8s violente de la part des poss\u00e9dants avait commenc\u00e9 bien des ann\u00e9es avant, d\u00e8s lors que ce projet politique prenait forme.<br \/>\nOn y invoquait l&rsquo;intol\u00e9rable abandon du <b>respect du secret des fortunes<\/b>. Texto. Ben oui, si imp\u00f4t il y a, cela suppose de d\u00e9clarer ses revenus. Horreur ! Une campagne visant \u00e0 exciter le populo envers des allemands suppos\u00e9s obs\u00e9d\u00e9s par l&rsquo;id\u00e9e de nous tomber dessus, a \u00e9t\u00e9 organis\u00e9e pour justifier de lancer la pi\u00e9taille se faire hacher menu. En guerre, on a g\u00e9n\u00e9ralement un consensus de bon aloi, et personne ne peut plus parler de choses comme l&rsquo;imp\u00f4t sur les revenus.<\/p>\n<p>L\u2019id\u00e9e de l\u2019imp\u00f4t sur les revenus avait provoqu\u00e9 la panique des patrons, avec d\u2019autres provocations ouvri\u00e8res comme\u00a0: la journ\u00e9e de 8h, une poign\u00e9e de poix-chiches de plus dans la gamelle et autre. Vous savez quand votre souris d\u2019ordinateur a mang\u00e9 un peu de votre sandwich, et que maintenant votre outil de travail commence \u00e0 s\u00e9rieusement bloquer, vous dites \u00ab\u00a0putain de souris de merde\u2026\u00a0\u00bb, Vous la jetez contre le mur et vous en achetez une autre.<\/p>\n<p>Il ne le dira jamais, mais Jean D\u2019Ormesson de la Margelle du Puy Le Dernier Ferme Laporte, fait exactement pareil\u00a0: les gros mots, le mur, tout.<\/p>\n<p>Eh ben les patrons ne jettent pas les ouvriers contre le mur, ils les font mitrailler par quelque larbin plus larbin que les autres (La Commune de Paris), ou les envoient \u00e0 la guerre\u00a0: gouvernement Poincar\u00e9, ou laisse gagner un adversaire battable, mais qui aura le bon go\u00fbt de d\u00e9gager les rouges\u00a0: P\u00e9tain. Et c\u2019est comme \u00e7a dans tous les pays\u00a0!<\/p>\n<p>Vous comprenez mon bafroumir lorsque d\u2019aucun me reproche mes lib\u00e9ralit\u00e9s de langage, pla\u00e7ant au premier rang mes fautes d\u2019orthographe et mes gros mots, ce qui permet d\u2019\u00e9vacuer le fond. Il e\u00fbt \u00e9t\u00e9 plus r\u00e9gulier que je le sachiasse.<\/p>\n<p>Bon. Respect du secret des fortunes, \u00e7a ira tr\u00e8s bien. Sinon, on vous envoie faire la guerre. Heu non, il suffit de vous la montrer \u00e0 la t\u00e9l\u00e9.<\/p>\n<p>Vous ne me croyez pas ? Allez donc voir <a href=\"https:\/\/www.vuncf.org\/?page_id=1062\" target=\"_blank\">l&rsquo;expos\u00e9 d&rsquo;Henri Guillemin sur la p\u00e9riode 1870-1914<\/a>. \u00c9difiant ! Non seulement les allemands que NOUS avons envahis en 1970 ne nous ont rien demand\u00e9, mais puisqu\u2019on insistait, ils ont pris l\u2019Alsace et la Lorraine. Nos chers chefs nous ont envoy\u00e9s faire la guerre pour bloquer les avanc\u00e9es sociales. Ces cr\u00e9tins incomp\u00e9tents y ont laiss\u00e9 deux r\u00e9gions. Qui constituaient (\u00e9ventuellement) les seules revendications allemandes. Donc en 1914, ils ont tout ce qu&rsquo;ils demandent et n&rsquo;en veulent pas plus.<\/p>\n<p>Mais il est important de faire la paix au plus vite pour se retourner contre l\u2019ennemi int\u00e9rieur\u00a0: la population de Paris qui est pass\u00e9e \u00e0 gauche. Mais encore une fois, le bon Kaiser V2.0 de Prusse avait \u00e0 l&rsquo;\u00e9poque bien d\u2019autres soucis : l&rsquo;int\u00e9rieur et la Russie lui posent des probl\u00e8mes autrement vitaux&#8230;<\/p>\n<p>R\u00e9alit\u00e9 historique : tu veux coller des imp\u00f4ts aux riches : ils d\u00e9clenchent une guerre. Il ne faut pas manquer de respect au secret des fortunes !<\/p>\n<p>On parle du respect des r\u00e8gles de l&rsquo;OMC. Un droit a\u00e9rien, jamais discut\u00e9 par les populations concern\u00e9es, et qui organise leur pressurage.<br \/>\nCe respect qui est le m\u00eame mot que dans l&rsquo;expression \u00ab\u00a0respecte mon intimit\u00e9\u00a0\u00bb.<br \/>\nQui va donc se m\u00e9langer avec le respect du droit de chacun d&rsquo;acheter.<br \/>\nOu avec le respect des r\u00e8gles d\u00e9mocratiques du moment. Ce qui permet en transparence de faire passer le respect de leur <em>immuabilit\u00e9<\/em>. Respectes la loi, et ne la change pas.<\/p>\n<p>Imposer le respect des votes majoritaires \u00e0 l&rsquo;assembl\u00e9e permet de ne pas remettre en cause la constitution de cette assembl\u00e9e et la somme des mobiles personnels de ses composantes. Le truc g\u00e9nial, clairement planifi\u00e9 par Thiers\u00a0: \u00ab\u00a0Si le populo vote, et sachant qu\u2019ils votent comme on leur dit de voter, vous aurez automatiquement une l\u00e9gitimit\u00e9 inoxydable pour chacune de vos d\u00e9cisions, laissez tomber vos d\u00e9glinguos de rois\u00a0\u00bb. J\u2019ai tr\u00e8s l\u00e9g\u00e8rement adapt\u00e9 le texte.<\/p>\n<p>Donc, le respect, c&rsquo;est bien. Mais pas toujours. Les motivations de celui qui invoque le respect doivent \u00eatre soigneusement examin\u00e9es.<\/p>\n<p>C&rsquo;est un concept \u00e9lastique commod\u00e9ment tritur\u00e9 selon le moment. A surveiller de pr\u00e8s donc.<\/p>\n<p>Encore un point : le respect se marie fort mal avec l&rsquo;ob\u00e9issance.<\/p>\n<p>Exemple : je dois ob\u00e9ir au juge du tribunal, mais je ne suis pas oblig\u00e9 de le respecter. Ce qui ne veux pas dire que je peux l&rsquo;insulter, cela veut dire que je peux faire appel de sa d\u00e9cision.<\/p>\n<p>De m\u00eame, un penseur peut \u00eatre respect\u00e9, m\u00eame si je combat ses id\u00e9es. Tant que je ne dois pas lui ob\u00e9ir.<\/p>\n<p>Un pr\u00e9sident de la R\u00e9publique \u00e0 talonnette a un jour cri\u00e9 au scandale parce que, selon lui, on lui avait manqu\u00e9 de respect, usant d&rsquo;ailleurs d&rsquo;une transitivit\u00e9 imaginaire, comme quoi on d\u00e9valorisait sa fonction. Ben dis donc mon p\u00e9p\u00e8re, on est d\u00e9j\u00e0 oblig\u00e9 de t&rsquo;ob\u00e9ir, d&rsquo;ob\u00e9ir \u00e0 tes d\u00e9cisions sans appel, et en plus tu veux le respect ? Macache !<\/p>\n","protected":false},"excerpt":{"rendered":"<p>Le respect fait partie des concepts inviolables et inoxydables. \u00ab\u00a0J&rsquo;ai droit au respect\u00a0\u00bb constitue une synth\u00e8se d\u00e9sarmante de l&rsquo;utilisation de ce concept-valise. Notez que je n&rsquo;ajoute pas \u00ab\u00a0concept-nuage\u00a0\u00bb, parce qu&rsquo;il n&rsquo;est pas seulement fait d&rsquo;abstraction, de r\u00eave, d&rsquo;impr\u00e9cision propice \u00e0 n&rsquo;importe quelle transcription concr\u00e8te partisane comme les concepts d&rsquo;\u00e9galit\u00e9, de fraternit\u00e9. Comment r\u00e9pondre non ? [&hellip;]<\/p>\n","protected":false},"author":1,"featured_media":0,"parent":0,"menu_order":0,"comment_status":"closed","ping_status":"closed","template":"","meta":{"footnotes":""},"class_list":["post-144","page","type-page","status-publish","hentry"],"_links":{"self":[{"href":"https:\/\/www.vuncf.org\/index.php?rest_route=\/wp\/v2\/pages\/144","targetHints":{"allow":["GET"]}}],"collection":[{"href":"https:\/\/www.vuncf.org\/index.php?rest_route=\/wp\/v2\/pages"}],"about":[{"href":"https:\/\/www.vuncf.org\/index.php?rest_route=\/wp\/v2\/types\/page"}],"author":[{"embeddable":true,"href":"https:\/\/www.vuncf.org\/index.php?rest_route=\/wp\/v2\/users\/1"}],"replies":[{"embeddable":true,"href":"https:\/\/www.vuncf.org\/index.php?rest_route=%2Fwp%2Fv2%2Fcomments&post=144"}],"version-history":[{"count":12,"href":"https:\/\/www.vuncf.org\/index.php?rest_route=\/wp\/v2\/pages\/144\/revisions"}],"predecessor-version":[{"id":3281,"href":"https:\/\/www.vuncf.org\/index.php?rest_route=\/wp\/v2\/pages\/144\/revisions\/3281"}],"wp:attachment":[{"href":"https:\/\/www.vuncf.org\/index.php?rest_route=%2Fwp%2Fv2%2Fmedia&parent=144"}],"curies":[{"name":"wp","href":"https:\/\/api.w.org\/{rel}","templated":true}]}}