{"id":1344,"date":"2013-08-25T21:49:43","date_gmt":"2013-08-25T19:49:43","guid":{"rendered":"http:\/\/www.vuncf.org\/?page_id=1344"},"modified":"2013-08-26T16:58:33","modified_gmt":"2013-08-26T14:58:33","slug":"euro-quand-tu-nous-tiens","status":"publish","type":"page","link":"https:\/\/www.vuncf.org\/?page_id=1344","title":{"rendered":"Euro, quand tu nous tiens&#8230;."},"content":{"rendered":"<h2>1 &#8211; Comment appelle-t-on une chose mauvaise dont on ne peut plus se passer ?<\/h2>\n<p>Pour le drogu\u00e9 de base, il existe au moins un moment o\u00f9 c&rsquo;est tr\u00e8s bon !<\/p>\n<h2>2 &#8211; L&rsquo;Euro nous tuera.<\/h2>\n<p>L&rsquo;euro n&rsquo;a jamais \u00e9t\u00e9 bon pour le peuple. D\u00e8s le d\u00e9part, il est un outil technique pour assoir d\u00e9finitivement le lib\u00e9ralisme \u00e9conomique.<\/p>\n<p>Comme bien souvent, nous avons chop\u00e9 cette maladie alors que nous ne l&rsquo;avions pas. C&rsquo;est b\u00eate de dire \u00e7a, mais les gros niqueurs mondains des \u00e9poques noblement ou bourgeoisement libertines se seraient probablement prot\u00e9g\u00e9s s&rsquo;ils avaient su pour la syphilis.<\/p>\n<p>Les quinquas d&rsquo;aujourd&rsquo;hui ont cru \u00e0 la fable des constructeurs de l&rsquo;Europe. J&rsquo;le sais, j&rsquo;y \u00e9tais.<\/p>\n<p>L&rsquo;euro, avec son cort\u00e8ge de r\u00e8gles, r\u00e8glements et lois restrictives, menotte dans le dos notre syst\u00e8me politique, en proc\u00e9dant \u00e0 l&rsquo;ablation sans anesth\u00e9sie de la plus grande part de son pouvoir l\u00e9gislatif.<\/p>\n<p>L&rsquo;euro, dont la location a \u00e9t\u00e9 abusivement privatis\u00e9e, est un outil priv\u00e9, dans les \u00e9tats ne peuvent rien faire, sinon subir.<\/p>\n<h2>3 &#8211; L&rsquo;Euro est une arnaque<\/h2>\n<p>L&rsquo;Euro est une cr\u00e9ation allemande (mais pas que), fruit des cogitations d&rsquo;une intelligentsia financi\u00e8re performante et \u00e9go\u00efste. De vieux retrait\u00e9s riches allemands ont tout d\u00e9cid\u00e9 en fonction de leurs int\u00e9r\u00eats exclusifs.<\/p>\n<p>Pas de hausse des prix qui compromet les profits de la rente, p\u00e9nurie organis\u00e9e de monnaie au sein des \u00e9tats, au profits des investisseurs priv\u00e9s.<\/p>\n<p>La location de notre monnaie nous co\u00fbte 50 000 000 000 d&rsquo;euros par an. Pas perdus pour tout le monde.<\/p>\n<p>Le taux de change est abusivement pouss\u00e9 vers la haut par des rentiers qui souhaitent sur\u00e9valuer leurs avoirs en Euro pour les convertir avantageusement en dollars pour jouer \u00e0 l&rsquo;aise au Casino de la Finance.<\/p>\n<p>Un euro fort les prot\u00e8ge un peu des avanc\u00e9es r\u00e9ciproques des financiers venant d&rsquo;autre monnaies.<\/p>\n<h2>4 &#8211; Cons\u00e9quences<\/h2>\n<p>Les \u00e9conomies europ\u00e9ennes payent cher une monnaie sur\u00e9valu\u00e9e par sottise.<\/p>\n<p>Tous les approvisionnements pay\u00e9s en dollar sont plut\u00f4t avantageux, mais nos exportations sont plomb\u00e9es.<\/p>\n<p>L\u00e0 encore, les gens qui produisent autre chose que de la paperasse, comme des outils, des machines, des avions ou des pommes se prennent des claques.<\/p>\n<p>L&rsquo;Euro est un <a title=\"Cilice\" href=\"http:\/\/fr.wikipedia.org\/wiki\/Cilice\" target=\"_blank\">cilice <\/a>pour les peuples europ\u00e9ens soumis au diktat des banques de Francfort qui font la pluie et le beau temps \u00e0 la BCE.<\/p>\n<h2>5 &#8211; Enlisement<\/h2>\n<p>Toucher \u00e0 l&rsquo;Euro, c&rsquo;est donc forc\u00e9ment quitter l&rsquo;euro. Donc l\u2019Europe.<\/p>\n<p>Nos dominants financiers, industriels et commerciaux tant que m\u00e9diatiques trouvent tous l\u2019Europe formidable. Car le plus souvent ils y trouvent leur compte.<\/p>\n<p>Des cerveaux lav\u00e9s, relav\u00e9s et re-relav\u00e9s aux chansonnettes lib\u00e9rales, agitant facilement le spectre de la guerre (\u00e7a marche toujours !), vous obligent \u00e0 vous taire.<\/p>\n<p>Les seules id\u00e9es qui tournent dans les t\u00eates, les seuls mots qui sont utilis\u00e9s sont comme des \u00e9pitres religieuses, un coran encore plus intouchable.<\/p>\n<p>L&rsquo;euro, le libre-\u00e9change fa\u00e7on OMC, les fronti\u00e8res, la politique, tout est contenu dans un ensemble de sentences \u00e0 vocabulaire limit\u00e9, ressemblant \u00e9trangement \u00e0 un dogme religieux.<\/p>\n<p>Des plus victimes d&rsquo;entre nous jusqu&rsquo;au plus gros profiteurs, nous utilisons toujours les m\u00eame mots, avons les m\u00eames pr\u00e9ventions pour ne pas oser penser avec du neuf.<\/p>\n<h2>6 &#8211; Localisation des points durs<\/h2>\n<p>La sortie de l&rsquo;euro est un sujet plein de pi\u00e8ges mais surtout de blocages mentaux.<\/p>\n<p>Des blocages mentaux viennent emp\u00eacher la r\u00e9flexion, comme la peur d&rsquo;une inflation ou d&rsquo;une d\u00e9valuation. Nous sommes gouvern\u00e9s par la peur, car c&rsquo;est le carburant primaire de la supercherie repr\u00e9sentative.<\/p>\n<p>Plus que du contenu, c&rsquo;est une v\u00e9ritable d\u00e9sintoxication mentale qui doit \u00eatre envisag\u00e9e. Ne serait-ce que pour pouvoir d\u00e9finir un espace de discussions.<\/p>\n<h2>7 &#8211; Solution(s) envisag\u00e9e(s)<\/h2>\n<p>Il y a 40 ans, notre soci\u00e9t\u00e9 roulait sur son erre de reconstruction d&rsquo;apr\u00e8s-guerre. Il y avait tellement de travail, qu&rsquo;on a fait venir des immigr\u00e9s pour calmer les revendications des travailleurs fran\u00e7ais.<\/p>\n<p>On a rien vu. Maintenant, nos amis bas du Front ressortent les techniques m\u00e9rovingiennes pour r\u00e9soudre la question. Foutons \u00e0 l&rsquo;eau les immigr\u00e9s, pr\u00e9conisent-il.<\/p>\n<p>Mais n&rsquo;allons pas rechercher l&rsquo;argent gagn\u00e9 sur leur dos par certains de nos \u00e9lecteurs tout aussi bas du Front.<\/p>\n<p>On nous a privatis\u00e9 la monnaie, contrat stupide entre un racketteur, le March\u00e9, et l\u2019\u00c9tat. Contrat qui stipule que nous paierons de vrais int\u00e9r\u00eats exorbitants contre quelques \u00e9critures comptables \u00e0 deux balles.<\/p>\n<p>On a dit oui. On casque depuis 1973.<\/p>\n<p>On nous a vendu l&rsquo;euro. On a dit oui, abrutis qu&rsquo;on \u00e9tait. On s&rsquo;est fait enfumer avec leurs envol\u00e9es lyriques. On s&rsquo;est d\u00e9barrass\u00e9 du m\u00eame coup de l&rsquo;obligation de penser la monnaie.<\/p>\n<p>Alors je ne sais pas ce que vous allez penser. Mais pensez, bordel !<\/p>\n<p>Au del\u00e0 de certains de nos chercheurs qui nous on montr\u00e9 la folie de l&rsquo;Euro, comme Jorion, <a title=\"Fr\u00e9d\u00e9ric Lordon\" href=\"https:\/\/www.vuncf.org\/?page_id=918\" target=\"_blank\">Lordon<\/a>, Laroutouroux, <a title=\"L\u2019Euro au r\u00e9gime\" href=\"https:\/\/www.vuncf.org\/?page_id=540\" target=\"_blank\">Sapir<\/a>, Beruyier, Orl\u00e9an, Holbeck et ceux que j&rsquo;ai oubli\u00e9s, d&rsquo;autre mercenaires de l&rsquo;argent, comme Jacques Attali, ou d&rsquo;autre cerveaux comme Franz-Oliver-Twist Giesbert viennent au coin du feu nous expliquer que la mondialisation c&rsquo;est le fun.<\/p>\n<p>Que Mr Olbek ne s&rsquo;offusque pas, j&rsquo;ai d\u00e9cid\u00e9 d&rsquo;essayer toutes les orthographes possibles de son nom. Un genre de d\u00e9fi.<\/p>\n<p>Nous pouvons envisager un retour au Franc. Pour en faire quoi ? C&rsquo;est de cela que nous devons discuter. J&rsquo;ai dit quelque part que la monnaie en circulation doit \u00eatre exactement disponible en regards des salaires ou autre r\u00e9tributions \u00e0 payer \u00e0 des gens qui bossent, ou sont au ch\u00f4mage ou \u00e0 la retraite. Plus, cela cr\u00e9e de l&rsquo;inflation, et moins cela cr\u00e9e du ch\u00f4mage. Ce qui suppose des m\u00e9canismes qui n&rsquo;existent pas aujourd&rsquo;hui.<\/p>\n<p>Par ailleurs, la somme des salaires (en retirant l&rsquo;\u00e9pargne) doit \u00eatre \u00e9gale \u00e0 la sommes des biens et services disponibles. Bon bref, c&rsquo;est un vrai sujet. Pas plus compliqu\u00e9 qu&rsquo;un autre. Il est juste horriblement nouveau !<\/p>\n<p>Il est reproch\u00e9 (par les rentiers !) aux \u00e9tats maitres de leur monnaie de la fracasser dans des op\u00e9rations l\u00e8che-bottes \u00e9lectorales. Inflation et autre. Sauf que l&rsquo;inflation ne g\u00e8ne que les rentiers, d\u00e8s lors que les salaires sont index\u00e9s sur le co\u00fbt de la vie.<\/p>\n<p>C&rsquo;est surtout faire l&rsquo;impasse sur l&rsquo;essentiel : Comment des \u00e9lus, r\u00e9\u00e9ligibles peuvent ils se voir confier le sort de la monnaie ?? C&rsquo;est l\u00e0 que cela p\u00eache. La solution d\u00e9mocratique consiste \u00e0 faire g\u00e9rer la monnaie par une repr\u00e9sentation populaire tir\u00e9e au sort (sinon nous n&rsquo;aurons que des directeurs de banques dans cette repr\u00e9sentation). Cette \u00ab\u00a0Assembl\u00e9e de la monnaie\u00a0\u00bb re\u00e7oit une mission claire, d\u00e9termin\u00e9e par tous les fran\u00e7ais, pas plus les banquiers ou les rentiers que les autres.<\/p>\n<p>C&rsquo;est parce qu&rsquo;il \u00e9tait possible \u00e0 un homme politique de cr\u00e9er de la monnaie pour s&rsquo;acheter des voix, que cela a eu lieu. Mais si le retour au Franc s&rsquo;accompagne d&rsquo;une v\u00e9ritable \u00ab\u00a0constitution mon\u00e9taire\u00a0\u00bb d\u00e9mocratique, emp\u00eachant des int\u00e9r\u00eats particuliers de d\u00e9voyer la monnaie de son r\u00f4le, il n&rsquo;y a plus de raison d&rsquo;avoir peur.<\/p>\n<p>Le retour au Franc pourrait bien n&rsquo;\u00eatre que provisoire : l&rsquo;id\u00e9e en soi de partager une monnaie n&rsquo;est pas stupide, si elle s&rsquo;appuie sur des structures \u00e9conomiques et fiscales strictement identiques. M\u00eame monnaie, m\u00eame m\u00e9canismes budg\u00e9taires. C&rsquo;est la base.<\/p>\n<p>Quand on a dit m\u00eame m\u00e9canismes budg\u00e9taires, cela veut donc dire fiscalit\u00e9 et r\u00e9gimes sociaux identiques. Ce qui est impossible avec des \u00ab\u00a0rendements\u00a0\u00bb, des \u00ab\u00a0productivit\u00e9s\u00a0\u00bb trop diff\u00e9rentes. J&rsquo;esp\u00e8re que le raccourci ne vous trouble pas trop, mais en faisant le lien maillons par maillons, on arrive l\u00e0.<\/p>\n<p>\u00c9vitons donc le premier pi\u00e8ge qui nous d\u00e9crirait comme des \u00e9go\u00efstes aveugles. Une monnaie commune peut-\u00eatre, mais pas celle-l\u00e0. Comme les 27 autres vont se faire attendre, partons devant. Nous rejoindrons ceux qui veulent et qui partagerons nos projets.<\/p>\n<p>Ce qui nous am\u00e8ne \u00e0 prendre un petit cours sur la monnaie. J&rsquo;en esquisse une \u00e9bauche dans<a title=\"Argent\" href=\"https:\/\/www.vuncf.org\/?page_id=367\" target=\"_blank\"> ce chapitre du site<\/a>. Les \u00e9conomistes \u00ab\u00a0h\u00e9t\u00e9rodoxes\u00a0\u00bb sont bien s\u00fbr plus comp\u00e9tents, et j&rsquo;use volontiers de simplifications.<\/p>\n<p>A force de se laisser pinailler sur des virgules, on n&rsquo;avance pas.<\/p>\n<p>Si vous pensez avoir une vision plus juste sur tel ou tel sujet, pondez donc votre version et proposez l\u00e0, je la collerai \u00e0 cot\u00e9, voire \u00e0 la place de la mienne !<\/p>\n<p>J&rsquo;attend.<\/p>\n<p>&nbsp;<\/p>\n","protected":false},"excerpt":{"rendered":"<p>1 &#8211; Comment appelle-t-on une chose mauvaise dont on ne peut plus se passer ? Pour le drogu\u00e9 de base, il existe au moins un moment o\u00f9 c&rsquo;est tr\u00e8s bon ! 2 &#8211; L&rsquo;Euro nous tuera. L&rsquo;euro n&rsquo;a jamais \u00e9t\u00e9 bon pour le peuple. D\u00e8s le d\u00e9part, il est un outil technique pour assoir d\u00e9finitivement [&hellip;]<\/p>\n","protected":false},"author":1,"featured_media":0,"parent":0,"menu_order":0,"comment_status":"open","ping_status":"closed","template":"","meta":{"footnotes":""},"class_list":["post-1344","page","type-page","status-publish","hentry"],"_links":{"self":[{"href":"https:\/\/www.vuncf.org\/index.php?rest_route=\/wp\/v2\/pages\/1344","targetHints":{"allow":["GET"]}}],"collection":[{"href":"https:\/\/www.vuncf.org\/index.php?rest_route=\/wp\/v2\/pages"}],"about":[{"href":"https:\/\/www.vuncf.org\/index.php?rest_route=\/wp\/v2\/types\/page"}],"author":[{"embeddable":true,"href":"https:\/\/www.vuncf.org\/index.php?rest_route=\/wp\/v2\/users\/1"}],"replies":[{"embeddable":true,"href":"https:\/\/www.vuncf.org\/index.php?rest_route=%2Fwp%2Fv2%2Fcomments&post=1344"}],"version-history":[{"count":10,"href":"https:\/\/www.vuncf.org\/index.php?rest_route=\/wp\/v2\/pages\/1344\/revisions"}],"predecessor-version":[{"id":1467,"href":"https:\/\/www.vuncf.org\/index.php?rest_route=\/wp\/v2\/pages\/1344\/revisions\/1467"}],"wp:attachment":[{"href":"https:\/\/www.vuncf.org\/index.php?rest_route=%2Fwp%2Fv2%2Fmedia&parent=1344"}],"curies":[{"name":"wp","href":"https:\/\/api.w.org\/{rel}","templated":true}]}}