{"id":134,"date":"2013-06-08T19:02:34","date_gmt":"2013-06-08T17:02:34","guid":{"rendered":"http:\/\/test.briosoft.com\/?page_id=134"},"modified":"2014-02-10T14:02:41","modified_gmt":"2014-02-10T13:02:41","slug":"cest-legal","status":"publish","type":"page","link":"https:\/\/www.vuncf.org\/?page_id=134","title":{"rendered":"C&rsquo;est L\u00e9gal !"},"content":{"rendered":"<h1>La l\u00e9galit\u00e9 est un concept oubli\u00e9<\/h1>\n<p>Notre relation \u00e0 la l\u00e9galit\u00e9 est de plusieurs ordres.<\/p>\n<p>Nous ajustons nos d\u00e9sirs au cadre l\u00e9gal. Limitation de vitesse, contrat, fiscalit\u00e9 par exemple.<\/p>\n<p>Nous vivons aussi le respect de lois, sans pour autant que les effets de ses contraintes ou de ses permissions soient automatiquement reli\u00e9es aux effets que nous observons.<\/p>\n<p>Nous avons aussi oubli\u00e9 que les lois de notre belle oligarchie sont en th\u00e9orie \u00e9crites par les citoyens (th\u00e9oriques).<\/p>\n<p>A priori, dans une d\u00e9mocratie, nos lois devraient nous plaire.<\/p>\n<h1>Difficult\u00e9s<\/h1>\n<h3>Nous confondons la critique d&rsquo;une loi avec la critique de l&rsquo;id\u00e9e de loi.<\/h3>\n<p>Si je dis\u00a0: \u00ab\u00a0Telle loi et ses cons\u00e9quences doivent \u00eatre abrog\u00e9s\u00a0\u00bb, je ne dis pas\u00a0: \u00ab\u00a0Je souhaite la destruction de la soci\u00e9t\u00e9 que ces lois structurent\u00a0\u00bb. C&rsquo;est malheureusement le discours de l&rsquo;oligarchie pour faire perdurer son r\u00e8gne.<\/p>\n<p>Vouloir faire dispara\u00eetre ou amender une loi, c&rsquo;est changer une certaine soci\u00e9t\u00e9 pour en faire na\u00eetre une autre.<\/p>\n<p>Ce qui n&rsquo;est pas du go\u00fbt des b\u00e9n\u00e9ficiaires gav\u00e9s par le syst\u00e8me en place.<\/p>\n<p>Objecter \u00e0 la remise en cause d&rsquo;un syst\u00e8me de lois, sans avoir eu le temps de laisser l&rsquo;intervenant s&rsquo;expliquer est une saloperie de manipulation.<\/p>\n<p>\u00ab\u00a0Donc vous \u00eates pour le viol p\u00e9dophile\u00a0?\u00a0\u00bb quand on parle d&rsquo;am\u00e9nagement de peines mineures.<\/p>\n<h3>La l\u00e9galit\u00e9 est dans l\u2019\u0153il de celui qui regarde.<\/h3>\n<p>Vous faites face dans votre vie \u00e0 un nombre limit\u00e9s de situation.<\/p>\n<p>Ces situations vous mettent en contact avec des facettes de la l\u00e9galit\u00e9. Dans l&rsquo;ensemble, vous admettez l&rsquo;existence de ces barri\u00e8res. Vous en approuvez la plupart. Ouf\u00a0!<\/p>\n<p>En revanche, au-dessus de vous r\u00e8gnent des pouvoirs qui vous \u00e9chappent. Vous n&rsquo;en soup\u00e7onnez pas toujours l&rsquo;existence, mais certain d&rsquo;entre vous fouillent et trouvent des infos.<\/p>\n<p>Vous assistez sans toujours comprendre \u00e0 des \u00e9v\u00e9nements sociaux, fiscaux dont les cons\u00e9quences pratiques sont importantes.<\/p>\n<p>Vous ne la voyez pas, mais vous supposez bien que tout ceci s&rsquo;appuie sur la loi. M\u00eame pas la peine de le dire, d\u2019ailleurs\u00a0!<\/p>\n<h1>Premi\u00e8res cons\u00e9quences<\/h1>\n<p>Nous posons comme acquis que les lois sont n\u00e9cessaires, et qu&rsquo;une grande partie de l&rsquo;arsenal actuel ne pose pas de grandes questions de principe\u00a0: interdiction du vol, du crime etc..<\/p>\n<p>Par ailleurs, nous avons dit plus haut que d&rsquo;autre lois s&rsquo;exercent sur nous, sans que les voyions en action.<\/p>\n<p>Quand vous perdez votre boulot, vous visualisez la directive Europ\u00e9enne qui permet aux employeurs de picorer du larbin pas cher dans 28 \u00e9tats\u00a0?<\/p>\n<p>Bien s\u00fbr que non\u00a0! Sur ce sujet, c&rsquo;est un grand flou. A priori, vous dites-vous, il vous faudrait un doctorat en droit international et appendre par c\u0153ur 300 000 pages \u00e9crites petit.<\/p>\n<p>Il ne vous reste plus qu&rsquo;\u00e0 amalgamer votre \u00ab\u00a0bon sens\u00a0\u00bb, c&rsquo;est \u00e0 dire l&rsquo;acceptation des lois \u00ab\u00a0proches\u00a0\u00bb en supposant les lois \u00ab\u00a0lointaines\u00a0\u00bb sont s\u00fbrement encore plus b\u00e9tonn\u00e9es.<\/p>\n<h3>L&rsquo;impasse<\/h3>\n<p>Nous vivons donc en ob\u00e9issant sagement \u00e0 des lois acceptables. Si nous le faisons, c&rsquo;est parce que les circonstances nous le permettent. Plus ou moins.<\/p>\n<p>Par ailleurs nous subissons sans broncher des \u00e9v\u00e9nements graves et douloureux sans aller lire les lois qui les permettent.<\/p>\n<p>Les automobilistes hargneux d\u00e9taillent la virgule qui fera sauter leurs contraventions.<\/p>\n<p>En revanche, aucun des tsunamis sociaux\/\u00e9conomiques qui passent et repassent sur nos vies ne font l&rsquo;objet de la moindre analyse juridique.<\/p>\n<p>L&rsquo;imaginaire construit l\u2019acceptation de l&rsquo;\u00e9tat de fait, qui est le moyen le moins douloureux pour combler les blancs.<\/p>\n<p>L&rsquo;euro et l&rsquo;Europe sont aussi intouchables que la veuve et l&rsquo;orphelin. Parler, m\u00eame \u00e0 des militants de g\u00f4che, de larguer l&rsquo;Euro et ce qui est accroch\u00e9 avec, est une gageure. Quiconque vit dans la crainte des lois \u00ab\u00a0lointaines\u00a0\u00bb consacre son esclavage en passant subitement en mode \u00ab\u00a0d\u00e9ni\u00a0\u00bb.<\/p>\n<p>Donc c&rsquo;est la merde.<\/p>\n<h3>Faire autrement\u00a0?<\/h3>\n<p>Le droit est un domaine certes un peu complexe. \u00ab\u00a0Faire valoir ses droits\u00a0\u00bb touche \u00e0 chaque seconde des vies concern\u00e9es. Il faut du monde bien form\u00e9 pour l&rsquo;animer.<\/p>\n<p>Cela commence avec le projet de loi, sa r\u00e9dac finale et les moyens de justice pour faire respecter tout \u00e7a.<\/p>\n<p>Alors, pour l\u2019immense majorit\u00e9 d&rsquo;entre nous qui fait autre chose dans la vie, la l\u00e9galit\u00e9, le droit, c&rsquo;est compliqu\u00e9.<\/p>\n<p>OK.<\/p>\n<p>Est-ce que cette ignorance n&rsquo;est pas un peu voulue, entretenue\u00a0? <a title=\"Frank Lepage (et ses b\u00e9b\u00e9s)\" href=\"https:\/\/www.vuncf.org\/?page_id=1042\" target=\"_blank\">Si vous allez voir les deux premi\u00e8res conf\u00e9rence de \u00ab\u00a0Inculture\u00a0\u00bb de Frank Lepage<\/a>, vous saisirez mieux le truc.<\/p>\n","protected":false},"excerpt":{"rendered":"<p>La l\u00e9galit\u00e9 est un concept oubli\u00e9 Notre relation \u00e0 la l\u00e9galit\u00e9 est de plusieurs ordres. Nous ajustons nos d\u00e9sirs au cadre l\u00e9gal. Limitation de vitesse, contrat, fiscalit\u00e9 par exemple. Nous vivons aussi le respect de lois, sans pour autant que les effets de ses contraintes ou de ses permissions soient automatiquement reli\u00e9es aux effets que [&hellip;]<\/p>\n","protected":false},"author":1,"featured_media":0,"parent":0,"menu_order":0,"comment_status":"open","ping_status":"closed","template":"","meta":{"footnotes":""},"class_list":["post-134","page","type-page","status-publish","hentry"],"_links":{"self":[{"href":"https:\/\/www.vuncf.org\/index.php?rest_route=\/wp\/v2\/pages\/134","targetHints":{"allow":["GET"]}}],"collection":[{"href":"https:\/\/www.vuncf.org\/index.php?rest_route=\/wp\/v2\/pages"}],"about":[{"href":"https:\/\/www.vuncf.org\/index.php?rest_route=\/wp\/v2\/types\/page"}],"author":[{"embeddable":true,"href":"https:\/\/www.vuncf.org\/index.php?rest_route=\/wp\/v2\/users\/1"}],"replies":[{"embeddable":true,"href":"https:\/\/www.vuncf.org\/index.php?rest_route=%2Fwp%2Fv2%2Fcomments&post=134"}],"version-history":[{"count":47,"href":"https:\/\/www.vuncf.org\/index.php?rest_route=\/wp\/v2\/pages\/134\/revisions"}],"predecessor-version":[{"id":2125,"href":"https:\/\/www.vuncf.org\/index.php?rest_route=\/wp\/v2\/pages\/134\/revisions\/2125"}],"wp:attachment":[{"href":"https:\/\/www.vuncf.org\/index.php?rest_route=%2Fwp%2Fv2%2Fmedia&parent=134"}],"curies":[{"name":"wp","href":"https:\/\/api.w.org\/{rel}","templated":true}]}}