{"id":1323,"date":"2013-08-23T09:37:02","date_gmt":"2013-08-23T07:37:02","guid":{"rendered":"http:\/\/www.vuncf.org\/?page_id=1323"},"modified":"2014-11-22T13:47:03","modified_gmt":"2014-11-22T12:47:03","slug":"art-53-un-traite-une-loi","status":"publish","type":"page","link":"https:\/\/www.vuncf.org\/?page_id=1323","title":{"rendered":"Art 53 Un trait\u00e9, une loi"},"content":{"rendered":"<p style=\"text-align: left;\" align=\"center\"><em>Article 53 de la constitution actuelle<br \/>\n<\/em><\/p>\n<blockquote><p><em>\u00ab\u00a0Les trait\u00e9s de paix, les trait\u00e9s de commerce, les trait\u00e9s ou accords relatifs \u00e0 l\u2019organisation internationale, ceux qui engagent les finances de l\u2019\u00c9tat, ceux qui modifient des dispositions de nature l\u00e9gislative, ceux qui sont relatifs \u00e0 l\u2019\u00e9tat des personnes, ceux qui comportent cession, \u00e9change ou adjonction de territoire, ne peuvent \u00eatre ratifi\u00e9s ou approuv\u00e9s qu\u2019en vertu d\u2019une loi.<\/em><\/p>\n<p><em>Ils ne prennent effet qu\u2019apr\u00e8s avoir \u00e9t\u00e9 ratifi\u00e9s ou approuv\u00e9s.<\/em><\/p>\n<p><em>Nulle cession, nul \u00e9change, nulle adjonction de territoire n\u2019est valable sans le consentement des populations int\u00e9ress\u00e9es.\u00a0\u00bb<\/em><\/p><\/blockquote>\n<p style=\"text-align: left;\">\n<p style=\"text-align: left;\">Bravo ! On applaudi !<\/p>\n<p style=\"text-align: left;\">R\u00e9sum\u00e9 : La commission Europ\u00e9enne qui est non \u00e9lue concocte un accord. Lequel accord doit se conformer au r\u00e8gles n\u00e9o-lib\u00e9rales de l&rsquo;OMC, du FMI et de la Banque Mondiale. Donc en fait les conforter. Ces accords peuvent faire 2000 pages \u00e9crites petit.<\/p>\n<p style=\"text-align: left;\">Une simple loi suffit \u00e0 l&rsquo;ent\u00e9riner, alors que le texte du trait\u00e9 n&rsquo;est pas soumis au peuple, qui est d\u00e9cid\u00e9ment trop con pour s&rsquo;occuper de ses affaires.<\/p>\n<p style=\"text-align: left;\">Et l&rsquo;article 55, un peu plus loin, pr\u00e9cise aussit\u00f4t que le trait\u00e9 force nos lois.<\/p>\n<p style=\"text-align: left;\">L&rsquo;article 54 pr\u00e9cise qu&rsquo;en cas de d\u00e9saccord avec la constitution, celle-ci est modifi\u00e9e. Pas le contraire. Ce n&rsquo;est m\u00eame pas envisag\u00e9. Donc, les lois importantes, les cadres les plus terribles sont renvoy\u00e9s dans des textes l\u00e9gislatifs d\u00e9cid\u00e9s dans un cadre absolument non d\u00e9mocratique : le bouillon inf\u00e2me des lobbies, des int\u00e9r\u00eats des grands groupes multinationaux.<\/p>\n<p style=\"text-align: left;\">Imaginez par exemple que l&rsquo;on remplace \u00ab\u00a0n<em>e peuvent \u00eatre ratifi\u00e9s ou approuv\u00e9s qu\u2019en vertu d\u2019une loi.<\/em>\u00a0\u00bb par \u00ab\u00a0n<em>e peuvent \u00eatre ratifi\u00e9s ou approuv\u00e9s qu\u2019en vertu d\u2019un r\u00e9f\u00e9rendum organis\u00e9 apr\u00e8s au moins 6 mois de d\u00e9bat public.<\/em>\u00ab\u00a0.<\/p>\n<p style=\"text-align: left;\">L\u00e0 on pourrait parler de d\u00e9mocratie.<\/p>\n","protected":false},"excerpt":{"rendered":"<p>Article 53 de la constitution actuelle \u00ab\u00a0Les trait\u00e9s de paix, les trait\u00e9s de commerce, les trait\u00e9s ou accords relatifs \u00e0 l\u2019organisation internationale, ceux qui engagent les finances de l\u2019\u00c9tat, ceux qui modifient des dispositions de nature l\u00e9gislative, ceux qui sont relatifs \u00e0 l\u2019\u00e9tat des personnes, ceux qui comportent cession, \u00e9change ou adjonction de territoire, ne [&hellip;]<\/p>\n","protected":false},"author":1,"featured_media":0,"parent":0,"menu_order":0,"comment_status":"open","ping_status":"closed","template":"","meta":{"footnotes":""},"class_list":["post-1323","page","type-page","status-publish","hentry"],"_links":{"self":[{"href":"https:\/\/www.vuncf.org\/index.php?rest_route=\/wp\/v2\/pages\/1323","targetHints":{"allow":["GET"]}}],"collection":[{"href":"https:\/\/www.vuncf.org\/index.php?rest_route=\/wp\/v2\/pages"}],"about":[{"href":"https:\/\/www.vuncf.org\/index.php?rest_route=\/wp\/v2\/types\/page"}],"author":[{"embeddable":true,"href":"https:\/\/www.vuncf.org\/index.php?rest_route=\/wp\/v2\/users\/1"}],"replies":[{"embeddable":true,"href":"https:\/\/www.vuncf.org\/index.php?rest_route=%2Fwp%2Fv2%2Fcomments&post=1323"}],"version-history":[{"count":7,"href":"https:\/\/www.vuncf.org\/index.php?rest_route=\/wp\/v2\/pages\/1323\/revisions"}],"predecessor-version":[{"id":2748,"href":"https:\/\/www.vuncf.org\/index.php?rest_route=\/wp\/v2\/pages\/1323\/revisions\/2748"}],"wp:attachment":[{"href":"https:\/\/www.vuncf.org\/index.php?rest_route=%2Fwp%2Fv2%2Fmedia&parent=1323"}],"curies":[{"name":"wp","href":"https:\/\/api.w.org\/{rel}","templated":true}]}}