{"id":1299,"date":"2013-08-23T07:13:22","date_gmt":"2013-08-23T05:13:22","guid":{"rendered":"http:\/\/www.vuncf.org\/?page_id=1299"},"modified":"2014-11-22T13:36:16","modified_gmt":"2014-11-22T12:36:16","slug":"art-46-lois-organiques-tres-ordinaires","status":"publish","type":"page","link":"https:\/\/www.vuncf.org\/?page_id=1299","title":{"rendered":"Art 46 Lois organiques, tr\u00e8s ordinaires"},"content":{"rendered":"<p style=\"text-align: left;\" align=\"center\"><em>Article 46 de la constitution actuelle<br \/>\n<\/em><\/p>\n<blockquote><p><em>\u00ab\u00a0Les lois auxquelles la Constitution conf\u00e8re le caract\u00e8re de lois organiques sont vot\u00e9es et modifi\u00e9es dans les conditions suivantes.<\/em><\/p>\n<p><em>Le projet ou la proposition ne peut, en premi\u00e8re lecture, \u00eatre soumis \u00e0 la d\u00e9lib\u00e9ration et au vote des assembl\u00e9es qu\u2019\u00e0 l\u2019expiration des d\u00e9lais fix\u00e9s au troisi\u00e8me alin\u00e9a de l\u2019article\u00a042. Toutefois, si la proc\u00e9dure acc\u00e9l\u00e9r\u00e9e a \u00e9t\u00e9 engag\u00e9e dans les conditions pr\u00e9vues \u00e0 l\u2019article\u00a045, le projet ou la proposition ne peut \u00eatre soumis \u00e0 la d\u00e9lib\u00e9ration de la premi\u00e8re assembl\u00e9e saisie avant l\u2019expiration d\u2019un d\u00e9lai de quinze jours apr\u00e8s son d\u00e9p\u00f4t.<\/em><\/p>\n<p><em>La proc\u00e9dure de l\u2019article 45 est applicable. Toutefois, faute d\u2019accord entre les deux assembl\u00e9es, le texte ne peut \u00eatre adopt\u00e9 par l\u2019Assembl\u00e9e nationale en derni\u00e8re lecture qu\u2019\u00e0 la majorit\u00e9 absolue de ses membres.<\/em><\/p>\n<p><em>Les lois organiques relatives au S\u00e9nat doivent \u00eatre vot\u00e9es dans les m\u00eames termes par les deux assembl\u00e9es.<\/em><\/p>\n<p><em>Les lois organiques ne peuvent \u00eatre promulgu\u00e9es qu\u2019apr\u00e8s d\u00e9claration par le Conseil constitutionnel de leur conformit\u00e9 \u00e0 la Constitution.\u00a0\u00bb<\/em><\/p><\/blockquote>\n<p>&nbsp;<\/p>\n<p>La seule diff\u00e9rence, en dehors de consid\u00e9rations cosm\u00e9tiques de proc\u00e9dure, est que le Gouvernement intervient moins.<\/p>\n<p>En dehors du fait qu&rsquo;il peut demander une proc\u00e9dure acc\u00e9l\u00e9r\u00e9e.<\/p>\n<p>Et que la loi ne peut pas \u00eatre vot\u00e9 par trois clodos en panne d\u2019h\u00f4tel qui ont \u00e9chou\u00e9 \u00e0 trois heure du mat&rsquo; \u00e0 l&rsquo;assembl\u00e9e.<\/p>\n<p>Il faut une majorit\u00e9 r\u00e9elle. Les d\u00e9put\u00e9s doivent se lever le matin. Il aura fallu attendre l&rsquo;article 46 et les lois organiques pour les obliger \u00e0 bosser.<\/p>\n<p>pfffffff&#8230;&#8230;.<\/p>\n","protected":false},"excerpt":{"rendered":"<p>Article 46 de la constitution actuelle \u00ab\u00a0Les lois auxquelles la Constitution conf\u00e8re le caract\u00e8re de lois organiques sont vot\u00e9es et modifi\u00e9es dans les conditions suivantes. Le projet ou la proposition ne peut, en premi\u00e8re lecture, \u00eatre soumis \u00e0 la d\u00e9lib\u00e9ration et au vote des assembl\u00e9es qu\u2019\u00e0 l\u2019expiration des d\u00e9lais fix\u00e9s au troisi\u00e8me alin\u00e9a de l\u2019article\u00a042. [&hellip;]<\/p>\n","protected":false},"author":1,"featured_media":0,"parent":0,"menu_order":0,"comment_status":"open","ping_status":"closed","template":"","meta":{"footnotes":""},"class_list":["post-1299","page","type-page","status-publish","hentry"],"_links":{"self":[{"href":"https:\/\/www.vuncf.org\/index.php?rest_route=\/wp\/v2\/pages\/1299","targetHints":{"allow":["GET"]}}],"collection":[{"href":"https:\/\/www.vuncf.org\/index.php?rest_route=\/wp\/v2\/pages"}],"about":[{"href":"https:\/\/www.vuncf.org\/index.php?rest_route=\/wp\/v2\/types\/page"}],"author":[{"embeddable":true,"href":"https:\/\/www.vuncf.org\/index.php?rest_route=\/wp\/v2\/users\/1"}],"replies":[{"embeddable":true,"href":"https:\/\/www.vuncf.org\/index.php?rest_route=%2Fwp%2Fv2%2Fcomments&post=1299"}],"version-history":[{"count":5,"href":"https:\/\/www.vuncf.org\/index.php?rest_route=\/wp\/v2\/pages\/1299\/revisions"}],"predecessor-version":[{"id":2740,"href":"https:\/\/www.vuncf.org\/index.php?rest_route=\/wp\/v2\/pages\/1299\/revisions\/2740"}],"wp:attachment":[{"href":"https:\/\/www.vuncf.org\/index.php?rest_route=%2Fwp%2Fv2%2Fmedia&parent=1299"}],"curies":[{"name":"wp","href":"https:\/\/api.w.org\/{rel}","templated":true}]}}