{"id":1293,"date":"2013-08-23T07:03:20","date_gmt":"2013-08-23T05:03:20","guid":{"rendered":"http:\/\/www.vuncf.org\/?page_id=1293"},"modified":"2014-11-22T13:34:12","modified_gmt":"2014-11-22T12:34:12","slug":"art-44-parlement-aux-ordres","status":"publish","type":"page","link":"https:\/\/www.vuncf.org\/?page_id=1293","title":{"rendered":"Art 44 Parlement aux ordres"},"content":{"rendered":"<p style=\"text-align: left;\" align=\"center\"><em><b>Article 44<\/b><\/em><\/p>\n<blockquote><p><em>\u00ab\u00a0Les membres du Parlement et le Gouvernement ont le droit d\u2019amendement. Ce droit s\u2019exerce en s\u00e9ance ou en commission selon les conditions fix\u00e9es par les r\u00e8glements des assembl\u00e9es, dans le cadre d\u00e9termin\u00e9 par une loi organique.<\/em><\/p>\n<p><em>Apr\u00e8s l\u2019ouverture du d\u00e9bat, le Gouvernement peut s\u2019opposer \u00e0 l\u2019examen de tout amendement qui n\u2019a pas \u00e9t\u00e9 ant\u00e9rieurement soumis \u00e0 la commission.<\/em><\/p>\n<p><em>Si le Gouvernement le demande, l\u2019assembl\u00e9e saisie se prononce par un seul vote sur tout ou partie du texte en discussion en ne retenant que les amendements propos\u00e9s ou accept\u00e9s par le Gouvernement.\u00a0\u00bb<\/em><\/p><\/blockquote>\n<p>&nbsp;<\/p>\n<p>Le Gouvernement pilote les d\u00e9bats et peut, selon son bon plaisir, sortir un sujet dudit d\u00e9bat.<\/p>\n<p>L&rsquo;ex\u00e9cutif pilote encore le l\u00e9gislatif.<\/p>\n<p>Si on r\u00e9sume , en mati\u00e8re l\u00e9gislative :<\/p>\n<ul>\n<li><strong>Le Gouvernement \u00e0 un droit<\/strong> de modifier une loi \u00e0 l&rsquo;\u00e9tude,<\/li>\n<li><strong>Le Gouvernement peut s&rsquo;opposer<\/strong> \u00e0 l&rsquo;examen d&rsquo;un amendement,<\/li>\n<li><strong>Le Gouvernement force l&rsquo;assembl\u00e9e<\/strong> \u00e0 ne s&rsquo;int\u00e9resser qu&rsquo;\u00e0 ce qui l\u2019int\u00e9resse.<\/li>\n<\/ul>\n<p>A part \u00e7a, dans une d\u00e9mocratie, l&rsquo;ex\u00e9cutif et le l\u00e9gislatif sont ind\u00e9pendants.<\/p>\n<p>M\u00eame que c&rsquo;est le gouvernement qui borde les lois.<\/p>\n<p>Je blague, mais je devrais pas&#8230;..<\/p>\n","protected":false},"excerpt":{"rendered":"<p>Article 44 \u00ab\u00a0Les membres du Parlement et le Gouvernement ont le droit d\u2019amendement. Ce droit s\u2019exerce en s\u00e9ance ou en commission selon les conditions fix\u00e9es par les r\u00e8glements des assembl\u00e9es, dans le cadre d\u00e9termin\u00e9 par une loi organique. Apr\u00e8s l\u2019ouverture du d\u00e9bat, le Gouvernement peut s\u2019opposer \u00e0 l\u2019examen de tout amendement qui n\u2019a pas \u00e9t\u00e9 [&hellip;]<\/p>\n","protected":false},"author":1,"featured_media":0,"parent":0,"menu_order":0,"comment_status":"open","ping_status":"closed","template":"","meta":{"footnotes":""},"class_list":["post-1293","page","type-page","status-publish","hentry"],"_links":{"self":[{"href":"https:\/\/www.vuncf.org\/index.php?rest_route=\/wp\/v2\/pages\/1293","targetHints":{"allow":["GET"]}}],"collection":[{"href":"https:\/\/www.vuncf.org\/index.php?rest_route=\/wp\/v2\/pages"}],"about":[{"href":"https:\/\/www.vuncf.org\/index.php?rest_route=\/wp\/v2\/types\/page"}],"author":[{"embeddable":true,"href":"https:\/\/www.vuncf.org\/index.php?rest_route=\/wp\/v2\/users\/1"}],"replies":[{"embeddable":true,"href":"https:\/\/www.vuncf.org\/index.php?rest_route=%2Fwp%2Fv2%2Fcomments&post=1293"}],"version-history":[{"count":6,"href":"https:\/\/www.vuncf.org\/index.php?rest_route=\/wp\/v2\/pages\/1293\/revisions"}],"predecessor-version":[{"id":2739,"href":"https:\/\/www.vuncf.org\/index.php?rest_route=\/wp\/v2\/pages\/1293\/revisions\/2739"}],"wp:attachment":[{"href":"https:\/\/www.vuncf.org\/index.php?rest_route=%2Fwp%2Fv2%2Fmedia&parent=1293"}],"curies":[{"name":"wp","href":"https:\/\/api.w.org\/{rel}","templated":true}]}}