{"id":1238,"date":"2013-08-14T18:43:48","date_gmt":"2013-08-14T16:43:48","guid":{"rendered":"http:\/\/www.vuncf.org\/?page_id=1238"},"modified":"2013-09-07T17:47:38","modified_gmt":"2013-09-07T15:47:38","slug":"le-tirage-au-sort","status":"publish","type":"page","link":"https:\/\/www.vuncf.org\/?page_id=1238","title":{"rendered":"Le Tirage au Sort"},"content":{"rendered":"<h2>\u00a01 &#8211; Le tirage au sort, c&rsquo;est la vraie d\u00e9mocratie<\/h2>\n<h2>2 &#8211; Le tirage au sort est sans danger<\/h2>\n<p>L&rsquo;\u00e9lection d\u00e9signe les plus mauvais serviteurs : les \u00e9lus deviennent nos maitres, et m\u00e9prisent les besoins de leurs administr\u00e9s.<\/p>\n<p>R\u00e9-\u00e9ligibles, prot\u00e9g\u00e9s par une immunit\u00e9, irresponsables jusqu&rsquo;\u00e0 l&rsquo;os, les \u00e9lus le sont par la gr\u00e2ce des puissants qui leurs donnent acc\u00e8s aux m\u00e9dias qu&rsquo;ils poss\u00e8dent.<\/p>\n<p>Le <a title=\"Etienne Chouard\" href=\"https:\/\/www.vuncf.org\/?page_id=880\" target=\"_blank\">tirage au sort<\/a> d\u00e9signe hommes et femmes, pauvres et riches \u00e0 la hauteur de leur repr\u00e9sentation r\u00e9elle dans la soci\u00e9t\u00e9. Un gouvernement tir\u00e9 au sort est une image exacte de la population qu&rsquo;il administre.<\/p>\n<p>L&rsquo;exp\u00e9rience ath\u00e9nienne du gouvernement par le tirage au sort a fonctionn\u00e9 sans accrocs pendant plus de deux cent ans et jamais les riches n&rsquo;ont gouvern\u00e9. C&rsquo;est pourtant une des p\u00e9riodes les plus brillantes de l&rsquo;antiquit\u00e9.<\/p>\n<h2>3 &#8211; Le tirage au sort fonctionne !<\/h2>\n<p>Une autre confusion est de ne prendre que la moiti\u00e9 du projet : le tirage au sort ne reproduit pas nos structures institutionnelles, juste en rempla\u00e7ant l&rsquo;\u00e9lection par le tirage au sort. On reprend plut\u00f4t le dispositif de z\u00e9ro.<\/p>\n<p>Des assembl\u00e9e tir\u00e9e aux sort prennent toutes les d\u00e9cisions et votent les lois. Des \u00ab\u00a0Magistrats\u00a0\u00bb sont tir\u00e9s au sort pour ex\u00e9cuter les d\u00e9cisions des assembl\u00e9es : notre gouvernement actuel, les hauts fonctionnaires, un corps ultra actif de magistrats pour surveiller les points chauds : respect de la constitution, ind\u00e9pendances des pouvoirs entre eux etc&#8230;<\/p>\n<p>Le tirage au sort suscite parfois une aversion imm\u00e9rit\u00e9 : l&rsquo;argument d&rsquo;incomp\u00e9tence. Si on tire au sort, on tire au sort des simplets. Cette vision est fausse et r\u00e9ductrice.<\/p>\n<p>Le tirage au sort s&rsquo;accompagne de bien d&rsquo;autres dispositions : filtrage d\u00e8s le tirage au sort sur la comp\u00e9tence politique (savoir lire et \u00e9crire, avoir une vague culture civique, ne pas \u00eatre en conflit d\u2019int\u00e9r\u00eats etc..), formation et protection sont fournies au tir\u00e9 au sort, contr\u00f4le permanent de celui-ci pouvant mener \u00e0 sa r\u00e9vocation, et reddition des comptes d\u00e9taill\u00e9e apr\u00e8s le mandat.<\/p>\n<p>Dans cette optique, on commence par reprendre le pouvoir donn\u00e9 aux riches : les assembl\u00e9es, qui seraient \u00e9quivalentes \u00e0 notre parlement (s\u00e9nat + assembl\u00e9e Nat.), mais aussi les conseils r\u00e9gionaux et g\u00e9n\u00e9raux, ainsi que les conseils municipaux, sont tir\u00e9(e)s au sort \u00e0 chaque session.<\/p>\n<p>Un \u00ab\u00a0tir\u00e9 au sort\u00a0\u00bb peut d\u00e9cliner, et en tout \u00e9tat de cause ne peut exercer qu&rsquo;un type de mandat \u00e0 la fois, non renouvelable pendant 10 ans au moins. Les mandats sont courts : un an environ, \u00e0 d\u00e9tailler selon les fonctions.<\/p>\n<p>Deuxi\u00e8me disposition : les \u00ab\u00a0autorit\u00e9s\u00a0\u00bb ou \u00ab\u00a0magistrats\u00a0\u00bb sont \u00e9galement tir\u00e9s au sort, filtr\u00e9s contr\u00f4l\u00e9s etc&#8230;<\/p>\n<p>Les magistrats sont charg\u00e9s d\u2019ex\u00e9cuter les d\u00e9cisions des assembl\u00e9es. Ils ont peu d&rsquo;initiative politique, car le pouvoir reste au peuple, aux assembl\u00e9es tir\u00e9es au sort. Les magistrats sont contr\u00f4l\u00e9s en permanence par au moins une assembl\u00e9e.<\/p>\n<p>Les magistrats sont par exemple : le pr\u00e9sident de la r\u00e9publique, ses ministres, les pr\u00e9fets et sous-pr\u00e9fets, les directeurs d&rsquo;administrations centrales, et surtout les \u00ab\u00a0hautes autorit\u00e9s\u00a0\u00bb, qui pour la premi\u00e8re fois seront r\u00e9ellement ind\u00e9pendantes.<\/p>\n<p>Il devient impossible d&rsquo;infl\u00e9chir des acteurs politiques qui ne doivent leur \u00e9lection qu&rsquo;au hasard, et qui n&rsquo;ont pas \u00e0 se soucier d&rsquo;\u00eatre r\u00e9\u00e9lus. En revanche, leur souci principal est de ne pas se faire choper une paluche dans une quelconque confiture de corruption ou de pr\u00e9varication.<\/p>\n<p>Avec le tirage au sort, des responsables politiques se retrouvent au trou ! Fini l&rsquo;immunit\u00e9 !<\/p>\n<p>Nos repr\u00e9sentants aujourd&rsquo;hui sont les plus \u00e2pres \u00e0 dominer successivement leur partis, puis les proc\u00e9dures de d\u00e9signation des candidats. Si ont ajoute de l&rsquo;argent corrupteur et des liaisons dangereuses avec les riches, notre soit-disant d\u00e9mocratie d\u00e9signe les pires candidats.<\/p>\n<p>En revanche, le tirage au sort d\u00e9signe des gens \u00ab\u00a0normaux\u00a0\u00bb, qu&rsquo;il faudra le plus souvent encourager \u00e0 ne pas d\u00e9cliner la charge.<\/p>\n<p><strong>La d\u00e9mocratie de r\u00eave est celle qui est dirig\u00e9e par des gens qui ne le veulent pas.<\/strong><\/p>\n<h2>4 &#8211; Cons\u00e9quences<\/h2>\n<p>Le tirage au sort d\u00e9sint\u00e8gre tous les m\u00e9canismes de confiscation des pouvoirs par les riches. Mais aussi, toute tentative de domination tout court !<\/p>\n<p>Pas plus de dictature du prol\u00e9tariat que de dictature des march\u00e9s !<\/p>\n<p>Le tirage au sort \u00ab\u00a0<strong>est<\/strong>\u00a0\u00bb la d\u00e9mocratie. Si vous allez voir<a title=\"Le Tirage au Sort\" href=\"https:\/\/www.vuncf.org\/?page_id=1238\" target=\"_blank\"> les pr\u00e9sentations de E. Chouard<\/a> \u00e0 ce propos, et que vous rangez votre mauvaise foi, vous le saisirez ais\u00e9ment.<\/p>\n<h2>5 &#8211; Enlisement<\/h2>\n<p>Notre syst\u00e8me politique, qui confond \u00e9lection et d\u00e9mocratie, rend les conversations assez p\u00e9nibles. Quand vous expliquez \u00e0 un \u00e9lecteur honn\u00eate qu&rsquo;il n&rsquo;est pas un citoyen, et qu&rsquo;il renonce \u00e0 la d\u00e9mocratie en remettant tous ses droits entre les mains d&rsquo;un d\u00e9put\u00e9 qui en fera ce qu&rsquo;il veut, sans contr\u00f4le ni aucune sorte de responsabilit\u00e9, celui-ci ressort l&rsquo;objection faisand\u00e9e qu&rsquo;on lui a viss\u00e9e dans le cr\u00e2ne :<\/p>\n<p>\u00ab\u00a0\u00c9lection\u00a0\u00bb \u00e9gale \u00ab\u00a0d\u00e9mocratie\u00a0\u00bb. Ce qui est archi-faux : \u00ab\u00a0\u00c9lection\u00a0\u00bb \u00e9gale \u00ab\u00a0oligarchie\u00a0\u00bb.<\/p>\n<p>De plus, le tirage au sort bouleverse les r\u00e9flexes acquis : si le tirage au sort est institu\u00e9, alors tous les citoyens doivent d&rsquo;urgence apprendre la d\u00e9mocratie. Ce qui leur a \u00e9t\u00e9 \u00e9pargn\u00e9 avec la t\u00e9l\u00e9 et autres loisirs.<\/p>\n<p>Difficile de se sortir du \u00ab\u00a0pain et des jeux\u00a0\u00bb. Il y a un terrible d\u00e9fi \u00e9ducatif.<\/p>\n<h2>6 &#8211; Localisation des points durs<\/h2>\n<p>Il nous faut convaincre un grand nombre de fran\u00e7ais que :<\/p>\n<ul>\n<li>Nous ne sommes pas en d\u00e9mocratie,<\/li>\n<li>Le tirage au sort est la seule voie d\u00e9mocratique,<\/li>\n<li>Cette voie n\u00e9cessite une implication des \u00e9lecteurs devenus citoyens,<\/li>\n<li>donc une formation \u00e9norme<\/li>\n<li>et une r\u00e9\u00e9criture compl\u00e8te de notre constitution !<\/li>\n<\/ul>\n<h2>7 &#8211; Solution(s) envisag\u00e9e(s)<\/h2>\n<p>Il existe un grand nombre de sites qui reprennent \u00e0 leur fa\u00e7on <a title=\"Etienne Chouard\" href=\"https:\/\/www.vuncf.org\/?page_id=880\" target=\"_blank\">les expos\u00e9s d&rsquo;Etienne Chouard<\/a>.<\/p>\n<p>Les sources d&rsquo;informations sont nombreuses. Une activit\u00e9 virale a d\u00e9j\u00e0 commenc\u00e9, mais elle reste confin\u00e9e au cercle des d\u00e9j\u00e0-convaincus.<\/p>\n<p>Il manque, comme souvent, un vecteur qui portera ces questions au grand public.<\/p>\n<p>Ah ben tiens ! Ce site est justement le vecteur qui manquait ! Donc tout va bien.<\/p>\n<p>Ce site a <a title=\"VUNCF : Le Plan\" href=\"https:\/\/www.vuncf.org\/?page_id=1667\" target=\"_blank\">un plan<\/a>.<\/p>\n<p>Voici une petite image qui r\u00e9sume bien l&rsquo;ensemble du \u00ab\u00a0tirage au sort\u00a0\u00bb :<\/p>\n<p>&nbsp;<\/p>\n<p>&nbsp;<\/p>\n<div style=\"width: 625px\" class=\"wp-caption aligncenter\"><img data-opt-id=937018320  fetchpriority=\"high\" decoding=\"async\" alt=\"Sch\u00e9ma de la vraie d\u00e9mocratie\" src=\"http:\/\/www.tourdefrancedesalternatives.fr\/wp-content\/uploads\/2013\/08\/schemavraiedemocratie-615x434.jpg\" width=\"615\" height=\"434\" \/><p class=\"wp-caption-text\">Sch\u00e9ma de la vraie d\u00e9mocratie<\/p><\/div>\n","protected":false},"excerpt":{"rendered":"<p>\u00a01 &#8211; Le tirage au sort, c&rsquo;est la vraie d\u00e9mocratie 2 &#8211; Le tirage au sort est sans danger L&rsquo;\u00e9lection d\u00e9signe les plus mauvais serviteurs : les \u00e9lus deviennent nos maitres, et m\u00e9prisent les besoins de leurs administr\u00e9s. R\u00e9-\u00e9ligibles, prot\u00e9g\u00e9s par une immunit\u00e9, irresponsables jusqu&rsquo;\u00e0 l&rsquo;os, les \u00e9lus le sont par la gr\u00e2ce des puissants [&hellip;]<\/p>\n","protected":false},"author":1,"featured_media":0,"parent":0,"menu_order":0,"comment_status":"open","ping_status":"closed","template":"","meta":{"footnotes":""},"class_list":["post-1238","page","type-page","status-publish","hentry"],"_links":{"self":[{"href":"https:\/\/www.vuncf.org\/index.php?rest_route=\/wp\/v2\/pages\/1238","targetHints":{"allow":["GET"]}}],"collection":[{"href":"https:\/\/www.vuncf.org\/index.php?rest_route=\/wp\/v2\/pages"}],"about":[{"href":"https:\/\/www.vuncf.org\/index.php?rest_route=\/wp\/v2\/types\/page"}],"author":[{"embeddable":true,"href":"https:\/\/www.vuncf.org\/index.php?rest_route=\/wp\/v2\/users\/1"}],"replies":[{"embeddable":true,"href":"https:\/\/www.vuncf.org\/index.php?rest_route=%2Fwp%2Fv2%2Fcomments&post=1238"}],"version-history":[{"count":14,"href":"https:\/\/www.vuncf.org\/index.php?rest_route=\/wp\/v2\/pages\/1238\/revisions"}],"predecessor-version":[{"id":1763,"href":"https:\/\/www.vuncf.org\/index.php?rest_route=\/wp\/v2\/pages\/1238\/revisions\/1763"}],"wp:attachment":[{"href":"https:\/\/www.vuncf.org\/index.php?rest_route=%2Fwp%2Fv2%2Fmedia&parent=1238"}],"curies":[{"name":"wp","href":"https:\/\/api.w.org\/{rel}","templated":true}]}}