{"id":1191,"date":"2013-08-12T00:33:13","date_gmt":"2013-08-11T22:33:13","guid":{"rendered":"http:\/\/www.vuncf.org\/?page_id=1191"},"modified":"2019-02-17T19:29:30","modified_gmt":"2019-02-17T18:29:30","slug":"la-propriete-lucrative","status":"publish","type":"page","link":"https:\/\/www.vuncf.org\/?page_id=1191","title":{"rendered":"La propri\u00e9t\u00e9 lucrative"},"content":{"rendered":"<p><a title=\"Les trois propri\u00e9t\u00e9s\" href=\"https:\/\/www.vuncf.org\/?page_id=1112\" target=\"_blank\" rel=\"noopener\">Le principe est expliqu\u00e9 l\u00e0.<\/a><\/p>\n<p>Apr\u00e8s avoir lu le <a title=\"Glossaire\" href=\"https:\/\/www.vuncf.org\/?page_id=15\" target=\"_blank\" rel=\"noopener\">glossaire <\/a>ou les articles acerbes du <a title=\"Gueuloir\" href=\"https:\/\/www.vuncf.org\/?page_id=374\" target=\"_blank\" rel=\"noopener\">Coups de gueule<\/a>, vous avez admis que la propri\u00e9t\u00e9 lucrative et l&rsquo;h\u00e9ritage sont les deux mamelles de la domination oligarchique. En clair : Le propri\u00e9taire de Vuitton poss\u00e8de 39 milliards d&rsquo;euros d&rsquo;actifs, qui lui rapportent entre 2 et 4 milliards de revenus par ans, pendant que vous ramez avec votre smic ou votre RSA tout pourri. Mais lui, il ne travaille pas. Il attend que les smicards le fassent pour lui. Et \u00e7a marche, puisque la propri\u00e9t\u00e9 lucrative, prot\u00e9g\u00e9e avant toute autre chose par les lois qu&rsquo;il a fait voter par \u00ab\u00a0ses\u00a0\u00bb hommes politiques, sert justement \u00e0 \u00e7a.<\/p>\n<p>Non ! ne zappez pas !<\/p>\n<p>Apr\u00e8s maturation en deux ou trois g\u00e9n\u00e9rations, les plus avides de pouvoirs ont accumul\u00e9 l&rsquo;argent, et les revenus qu&rsquo;ils tirent de la simple possession de cet argent les dispensent de travailler.<\/p>\n<p>Pour parachever l\u2019\u0153uvre, une constitution, une monnaie, une Union Europ\u00e9enne, ajoutent des renforts \u00e0 ce syst\u00e8me de pr\u00e9dation.<\/p>\n<p><a title=\"Etienne Chouard\" href=\"https:\/\/www.vuncf.org\/?page_id=880\" target=\"_blank\" rel=\"noopener\">La r\u00e9-\u00e9criture de la constitution fran\u00e7aise est le seul moyen disponible pour s&rsquo;en sortir<\/a>. Notre syst\u00e8me actuel ne m\u00e9rite aucune n\u00e9gociation.<\/p>\n<p><a title=\"Les trois propri\u00e9t\u00e9s\" href=\"https:\/\/www.vuncf.org\/?page_id=1112\" target=\"_blank\" rel=\"noopener\">La propri\u00e9t\u00e9 lucrative<\/a>, sujet de cette page, est donc un des piliers de notre soci\u00e9t\u00e9. Donc sa remise en cause est in\u00e9vitable.<\/p>\n<p>Remettre en cause la propri\u00e9t\u00e9 lucrative est l&rsquo;occasion de passer en revue tous nos actes et nos dispositions, en tant qu&rsquo;ils participent, au d\u00e9bit ou au cr\u00e9dit, \u00e0 la propri\u00e9t\u00e9 lucrative.<\/p>\n<p>Soit vous casquez, soit vous encaissez !<\/p>\n<h1>Et l\u00e0, tout d&rsquo;un coup, les dividendes et les int\u00e9r\u00eats d&#8217;emprunts sont interdits.<\/h1>\n<p>Tentons de donner l&rsquo;exemple, mais ce qui s&rsquo;\u00e9crira deviendra une base solide de r\u00e9flexion, juste si vous vous sortez les doigts au lieu de vous en remettre \u00e0 une fatalit\u00e9 parfois commode et lucrative.<\/p>\n<p>Respirez.<\/p>\n<p>N&rsquo;oubliez pas que dans les \u00ab\u00a0points durs\u00a0\u00bb, nous anticipons des questions pr\u00e9visibles. <a title=\"Au d\u00e9but, des colibris.\" href=\"https:\/\/www.vuncf.org\/?page_id=1132\" target=\"_blank\" rel=\"noopener\">Vous \u00eates des colibris ! Donc des \u00e9l\u00e9phants<\/a>.<\/p>\n<p>Dans ces pages, nous \u00e9num\u00e9rons des &lsquo;familles&rsquo; de situations concr\u00e8tes. et tous les cas de possessions financi\u00e8res, les cas de dettes (au d\u00e9bit ou au cr\u00e9dit : d\u00e9biteur ou cr\u00e9ancier).<\/p>\n<ul>\n<li>Que le dentiste poss\u00e8de son cabinet ou le coiffeur son salon, on peut traiter la propri\u00e9t\u00e9 fonci\u00e8re ou commerciale des ind\u00e9pendants. Et s&rsquo;ils ont encore un cr\u00e9dit ?<\/li>\n<li>Une assurance vie, un portefeuille quelconque d&rsquo;actions, qu&rsquo;elle que soit la niche fiscale, il lui arrive quoi ?<\/li>\n<li>La propri\u00e9t\u00e9 personnelle : mon appart, ma bagnole, mon bateau ?<\/li>\n<li>Et les viagers ?<\/li>\n<li>La propri\u00e9t\u00e9 des murs de l&rsquo;entreprise, ou du logement ?<\/li>\n<li>La propri\u00e9t\u00e9 fonci\u00e8re lucrative en g\u00e9n\u00e9ral ?<\/li>\n<li>Les droits d&rsquo;auteurs ?<\/li>\n<li>Les brevets (industriels, sur le vivant, les algorithmes, les g\u00e9nomes&#8230;) ?<\/li>\n<li>Un gite ?<\/li>\n<li>Une flotte de p\u00e9dalos\u00a0 et autre outils de travail ? Si il y a un cr\u00e9dit dessus ?<\/li>\n<\/ul>\n<p>Liste non exhaustive, bien s\u00fbr !<\/p>\n<p>Vous voyez l\u00e0 qu&rsquo;il y a mille sujets.<\/p>\n<p>Je vous renvoie \u00e0<a title=\"Nous recrutons !\" href=\"https:\/\/www.vuncf.org\/?page_id=1135\" target=\"_blank\" rel=\"noopener\"> la lettre aux assoc<\/a>, qui explique la man\u0153uvre. J&rsquo;adorerais recevoir de vous, qui pouvez en r\u00e9fl\u00e9chir avec quelques coll\u00e8gues, des id\u00e9es concr\u00e8tes sur le th\u00e8me :<\/p>\n<p>\u00ab\u00a0Si on r\u00e9\u00e9crit la constitution, et qu&rsquo;on peut se d\u00e9barrasser de la propri\u00e9t\u00e9 lucrative, entre le <em>avant<\/em> et le <em>apr\u00e8s<\/em>, on fait quoi ?\u00a0\u00bb<\/p>\n<p>Si vous voulez donner un plan s\u00e9rieux dans un domaine que vous maitrisez, trouvez vous des interlocuteurs et l\u00e2chez vous !<\/p>\n<p>Ce site ne veux pas se cantonner \u00e0 filtrer des contributions individuelles, avec ce que cela comporte de risque de bataille d&rsquo;\u00e9go, et d&rsquo;erreurs de notre part. Comme vous \u00eates grands et que vous n&rsquo;avez pas besoin de papa, vous allez former votre dream-team. \u00c7a commence \u00e0 deux.<\/p>\n<p>Nous sommes tous en train de r\u00e2ler contre le syst\u00e8me, ce qui se fait tr\u00e8s bien dans un canap\u00e9, avec un pastis \u00e0 la main. Bref, des gamins s\u00fbrs d&rsquo;eux pour casser le syst\u00e8me, mais qui attendent un PAPA pour leur ranger leur chambre.<\/p>\n<p>En revanche, quand il faut se coller au clavier, avec deux ou trois lascars pour faire la contradiction, on s&rsquo;amuse beaucoup plus !<\/p>\n<p>En plus \u00e7a marche aussi avec des lascardes. (click droit, \u00ab\u00a0ajouter au dictionnaire\u00a0\u00bb)<\/p>\n<h6>Y&rsquo;a pas de papa. Y&rsquo;a plus de papa ! \u00c7a fait 230 ans que vous l&rsquo;attendez, vous voyez bien qu&rsquo;il viendra plus. Faut \u00eatre raisonnable maintenant&#8230;.<\/h6>\n<p>Vous \u00eates peut-\u00eatre en train de lire cette page parce que nous croyons que vous d\u00e9tenez une comp\u00e9tence dans un domaine. Nous avons envoy\u00e9 des invitations, avec le lien sur cette page.<\/p>\n<p>Mettons que vous \u00eates agent du fisc, directeur de ceci-cela, douanier, notaires, huissier, avocat, juge, banquier, agent immobilier.<\/p>\n<p>Imaginez un instant que vous soyez tir\u00e9 au sort. Peu importe comment. Bing ! c&rsquo;est tomb\u00e9 sur vous.<\/p>\n<p>Bien s\u00fbr vous pouvez refuser. Bon, surveillez quand m\u00eame les points rouges qui bougent sur votre costume.<\/p>\n<h1>Vous avez une mission<\/h1>\n<p>\u00a0\u00bb Cher expert, vous \u00eates d\u00e9sign\u00e9 par le sort pour remplir une mission. Cette mission est men\u00e9e pour le peuple fran\u00e7ais. Oui, le ramassis de contribuables.<\/p>\n<p>Dot\u00e9 de l&rsquo;autorit\u00e9 et de la l\u00e9gitimit\u00e9 que conf\u00e8re le ramassis,<strong> il vous est demand\u00e9 d&rsquo;\u00e9crire le processus qui permettra de se passer en douceur de la propri\u00e9t\u00e9 lucrative<\/strong>.<\/p>\n<p>Le travail effectif de chacun sera consid\u00e9r\u00e9 en toute chose pour \u00e9valuer les valeurs.<\/p>\n<p>Les sommes plac\u00e9es devront \u00eatre remise \u00e0 disposition de l&rsquo;investisseur, ceci valant pour les emprunteurs, comme pour les pr\u00eateurs.<\/p>\n<p>Si des capitaux restaient d\u00fbs, les int\u00e9r\u00eats seraient annul\u00e9s simplement. Le mode de calcul des \u00e9chelles de remboursements sera revu, et les paiements ant\u00e9rieurs remis en cause \u00e9ventuellement\u00a0\u00bb<\/p>\n<p>En regard des sommes r\u00e9ellement pay\u00e9es par les emprunteurs, la plupart des cr\u00e9dits disparaissent. Ce qui signifie bien des changements.<\/p>\n<p>Reprendre la compta d&rsquo;une soci\u00e9t\u00e9 et son bizness plan en rayant les int\u00e9r\u00eats est un bonus extraordinaire. En revanche, les investissements financiers des entreprises seraient aussi bloqu\u00e9s sans dividendes.<\/p>\n<p>OK : Les douanes, par exemple. Vous avez pas des conseils sur la fa\u00e7on de faire un contr\u00f4le des changes et des mouvements financiers ? Parce que \u00e7a va \u00eatre un nuage de plumes dans le poulailler. Imaginez qu&rsquo;il faut pr\u00e9parer \u00e7a pour l&rsquo;enclencher en moins d&rsquo;une semaine.<\/p>\n<p>Vous demandez pas si c&rsquo;est pas possible ! Trop tard : alors vous dites quoi, on fait quoi ? Si vous avez d\u00e9j\u00e0 des moyens, faites les nous connaitre, s&rsquo;il vous plait.<\/p>\n<p>Les banques : le paiement d&rsquo;int\u00e9r\u00eats est devenus ill\u00e9gal. La valeur financi\u00e8re n&rsquo;est pas remise en cause. Comment comptez vous g\u00e9rer la transformation de toutes ces actions juteuses en valeur de stock ?<\/p>\n<p>Imaginons que l&rsquo;\u00e9tat finance avec sa monnaie (gratuite) le rachat \u00e0 peau-de-balle des actions qui ne valent plus aucun dividendes. Donc n\u00e9gociables contre un bol de riz.<\/p>\n<p>L\u00e0 vous allez voir que la SNCF ne vaut plus rien, GDF ne vaut plus rien, EDF, Orange, Total ne valent plus rien. V\u00e9olia va installer son si\u00e8ge \u00e0 Moscou, au dessus de Vinci, Eiffage et Bouygues.<\/p>\n<p>Enfin, les actionnaires ! Les salari\u00e9s n&rsquo;ont rien \u00e0 craindre. La part des actionnaires sera partag\u00e9e entre l&rsquo;\u00e9tat, les r\u00e9serves ou remboursements de dettes, et l&rsquo;investissement, d\u00e9termin\u00e9 par tous les salari\u00e9s.<\/p>\n<p>Et c&rsquo;est l\u00e0 que l&rsquo;on d\u00e9couvre que si les actionnaires font la gueule, tous les salari\u00e9s r\u00e9cup\u00e8rent l&rsquo;usage de l&rsquo;outil de travail. Mais de nouveaux probl\u00e8mes apparaissent : les empoignades ont lieu au sein de l&rsquo;entreprise pour les avancements, la n\u00e9gociation sociale fait rage et appara\u00eet un autre point dur : les empoignades sur les qualifications et la grille de salaires qui va avec. Allez voir <a title=\"Bernard Friot\" href=\"https:\/\/www.vuncf.org\/?page_id=1032\" target=\"_blank\" rel=\"noopener\">Friot.<\/a><\/p>\n<p>Hoh\u00e9 les notaires ! Vous avez vraiment aucune id\u00e9e ? Pour vous, ainsi que les huissiers et les juges et bien d&rsquo;autre, c&rsquo;est penser \u00e0 contre-courant.<\/p>\n<p>Aujourd&rsquo;hui vous vous appuyez sur des principes g\u00e9n\u00e9raux de droits qui favorisent la propri\u00e9t\u00e9 priv\u00e9e au d\u00e9triment du travail. Surtout elle favorise des situations que vous devez g\u00e9rer avec une loi. Admettons que vous n&rsquo;y \u00eates pour rien. Le machin existe depuis fort longtemps. Bien avant que vous ne fussiez qu&rsquo;un fr\u00e9missement lubrique dans l&rsquo;\u00e9chine de vos p\u00e8res. Et actuellement, vous faites votre boulot. L\u00e9galement le plus souvent, heureusement pour nous. Et m\u00eame avec conscience (un peu de l\u00e8che ne peut pas faire de mal).<\/p>\n<p>Pourquoi ce qui marche si bien devrait \u00eatre remplac\u00e9 ? Ben parce que 1% en profite et 99% en chie des boules de p\u00e9tanques. Ce qui fait des frais de fa\u00efence.<\/p>\n<p>Assez rigol\u00e9 !<\/p>\n<p>Si la notion <strong>d\u2019int\u00e9r\u00eat<\/strong> est discutable quand ils sont <strong>priv\u00e9s<\/strong>, elle devient d&rsquo;une toute autre saveur si les int\u00e9r\u00eats sont <strong>socialis\u00e9s<\/strong>, c&rsquo;est \u00e0 dire revers\u00e9 au pot commun pour produire de nouveaux investissements. Leur existence est rendue n\u00e9cessaire en tant qu&rsquo;ils mod\u00e8rent la consommation d&rsquo;argent : il ne sert \u00e0 rien de cr\u00e9er de l&rsquo;argent, si aucune force de travail n&rsquo;est disponible pour les consommer.<\/p>\n<p>Pour les huissiers, plus d&rsquo;expulsion. Vous allez regretter, messieurs notaires, huissiers, avocats, procureurs, juges ? Je ne le crois pas. Les honn\u00eates gens se soucient des malheurs des autres, pourquoi vous n&rsquo;en seriez pas ?<\/p>\n<p>Mais, alors que seul le peuple, dont vous faites statistiquement partie, peut choisir, vous seriez bien citoyens de vous presser un peu les neurones pour la bonne cause. Aider \u00e0 red\u00e9finir les d\u00e9tails. Parce que les gens vont toujours s&rsquo;engueuler, et tenter de se voler ou de s&rsquo;escroquer.<\/p>\n<p>Mettons un gars qui poss\u00e8de une usine, parce qu&rsquo;il l&rsquo;a construite. Il a travaill\u00e9 dedans. Ou un magasin de fruit et l\u00e9gumes, un gros avec du personnel. La propri\u00e9t\u00e9 financi\u00e8re, si elle n&rsquo;apporte plus de dividende doit avoir une sortie quand le propri\u00e9taire quitte l&rsquo;entreprise.<\/p>\n<p>Il est normal que cette propri\u00e9t\u00e9 financi\u00e8re soit transmise, mais en tenant compte de la v\u00e9tust\u00e9 : m\u00eame en parfait \u00e9tat, une usine poss\u00e9d\u00e9e par un type qui travaille dedans pendant 50 ans lui a rapport\u00e9 le meilleur salaire, et des dividendes. Il a peut-\u00eatre \u00e9t\u00e9 d\u00e9j\u00e0 \u00ab\u00a0rembours\u00e9\u00a0\u00bb d&rsquo;une certaine fa\u00e7on.<\/p>\n<p>Et le personnel qui travaille dedans, a peut-\u00eatre aussi m\u00e9rit\u00e9 que cette valeur financi\u00e8re soit port\u00e9e au capital \u00ab\u00a0social\u00a0\u00bb de l&rsquo;entreprise. Bref, il y a mati\u00e8re, je dis juste \u00e7a pour vous chauffer.<\/p>\n<p>Nombre de proc\u00e9dures ne demandent pas \u00e0 \u00eatre r\u00e9form\u00e9es : Le divorce, par exemple, \u00e0 part la d\u00e9termination des valeurs du patrimoine, n&rsquo;a pas, nous semblent-il,\u00a0 \u00e0 changer par nature, m\u00eame avec une nouvelle constitution.<\/p>\n<p>&nbsp;<\/p>\n<h1>Vous voyez le principe ?<\/h1>\n<p>Vous vous projetez dans cet avenir que je vous sugg\u00e8re. Ce site en entier devrait vous en convaincre.<\/p>\n<p>Bref rappel des faits, pr\u00e9sentation du cas g\u00e9n\u00e9ral, puis d&rsquo;un cas particulier. Ceci est une r\u00e9ponse au peuple, pas \u00e0 vos coll\u00e8gues.<\/p>\n<p>L&rsquo;abandon de la propri\u00e9t\u00e9 lucrative est une donn\u00e9e non n\u00e9gociable du probl\u00e8me. A moins que cette propri\u00e9t\u00e9 lucrative ne soit socialis\u00e9es, et que son usage ne soit d\u00e9mocratiquement contr\u00f4l\u00e9.<\/p>\n<p>N&rsquo;utilisez pas de latin, vous parlez \u00e0 des gens inquiets, qu&rsquo;il faut rassurer avec du concret, du compr\u00e9hensible. Supposez les gens mauvais, cupides, escrocs, voleurs par nature, corruptibles. Faites \u00e7a sereinement, c&rsquo;est \u00e9videment aussi une donn\u00e9e du probl\u00e8me.<\/p>\n<p>Vous pouvez vous appuyer par la pens\u00e9e sur l&rsquo;intervention d&rsquo;assembl\u00e9es populaires qui ont tout pouvoir sur leur juridiction (communale, d\u00e9partementale, r\u00e9gionale, nationale).<\/p>\n<p>Pensez la magistrature avec un peu moins d&rsquo;autorit\u00e9. Vous y gagnerez en respect.<\/p>\n<h2>Prenez donc un challenge<\/h2>\n<ul>\n<li>\u00ab\u00a0Soci\u00e9t\u00e9s financi\u00e8res\u00a0\u00bb,<\/li>\n<li>\u00ab\u00a0SCI\u00a0\u00bb,<\/li>\n<li>\u00ab\u00a0Le cr\u00e9dit social par les banques sociales\u00a0\u00bb<\/li>\n<li>\u00ab\u00a0les soci\u00e9t\u00e9s anonymes\u00a0\u00bb,<\/li>\n<li>\u00ab\u00a0les dettes des m\u00e9nages\u00a0\u00bb,<\/li>\n<li>\u00ab\u00a0Les dettes des entreprises\u00a0\u00bb,<\/li>\n<li>\u00ab\u00a0Leasing et autres\u00a0\u00bb,<\/li>\n<li>\u00ab\u00a0Plus de d\u00e9lais de paiements, plus de traites, plus d&rsquo;escompte !\u00a0\u00bb<\/li>\n<li>\u00ab\u00a0R\u00e9solution des indivisions sur des propri\u00e9t\u00e9s lucratives\u00a0\u00bb<\/li>\n<li>\u00ab\u00a0Droits d&rsquo;auteur\u00a0\u00bb<\/li>\n<li>\u00ab\u00a0Brevet de l&rsquo;inventeur, Brevet de l&#8217;employeur\u00a0\u00bb<\/li>\n<\/ul>\n<h1>N&rsquo;ayez pas peur<\/h1>\n<p>La propri\u00e9t\u00e9 <strong>lucrative<\/strong> est un m\u00e9canisme arbitraire qui a \u00e9t\u00e9 pouss\u00e9e \u00e0 son maximum supportable. Autoriser une personne \u00e0 accumuler argent ou immobilier pour en toucher un revenu est un choix de soci\u00e9t\u00e9, et non pas une n\u00e9cessite organique naturelle. Respirer, manger, construire, \u00e7a oui. Ran\u00e7onner des locataires, non.<\/p>\n<p>Les brillants causeurs vont hurler au cataclysme, \u00e0 la guerre ! Ils vont bien entendu choisir \u00e0 dessein une alternative horrible, comme le sovi\u00e9tisme stalinien, ou la Cor\u00e9e du Nord. En vous embobinant bien pour cacher que ce ne sont que des alternatives parmi d&rsquo;autres. Le sovi\u00e9tisme voulait supprimer\u00a0 \u00e9galement la propri\u00e9t\u00e9 <strong>financi\u00e8re<\/strong>, ce qui n&rsquo;est pas le cas ici.<\/p>\n<p>Si son r\u00f4le doit \u00eatre pr\u00e9cis\u00e9ment d\u00e9fini, la propri\u00e9t\u00e9 <strong>financi\u00e8re<\/strong> ne peut s&rsquo;entendre que comme moyen d&rsquo;acc\u00e9der \u00e0 la propri\u00e9t\u00e9 d&rsquo;<strong>usage<\/strong>.<\/p>\n<p>Voila une bonne question pour plein de beaux articles ! \u00ab\u00a0Pourquoi poss\u00e9der au del\u00e0 du n\u00e9cessaire, si cette possession ne rapporte pas d&rsquo;argent ?\u00a0\u00bb<\/p>\n<p>C&rsquo;est cela qu&rsquo;il faut \u00e9crire. Je vais tenter de donner l&rsquo;exemple, mais frappez pas, j&rsquo;ai des lunettes. Si vous \u00eates si malin, collez vouzi, donc !<\/p>\n<p>Vouzi, on te demande.<\/p>\n","protected":false},"excerpt":{"rendered":"<p>Le principe est expliqu\u00e9 l\u00e0. Apr\u00e8s avoir lu le glossaire ou les articles acerbes du Coups de gueule, vous avez admis que la propri\u00e9t\u00e9 lucrative et l&rsquo;h\u00e9ritage sont les deux mamelles de la domination oligarchique. En clair : Le propri\u00e9taire de Vuitton poss\u00e8de 39 milliards d&rsquo;euros d&rsquo;actifs, qui lui rapportent entre 2 et 4 milliards [&hellip;]<\/p>\n","protected":false},"author":1,"featured_media":0,"parent":0,"menu_order":0,"comment_status":"open","ping_status":"closed","template":"","meta":{"footnotes":""},"class_list":["post-1191","page","type-page","status-publish","hentry"],"_links":{"self":[{"href":"https:\/\/www.vuncf.org\/index.php?rest_route=\/wp\/v2\/pages\/1191","targetHints":{"allow":["GET"]}}],"collection":[{"href":"https:\/\/www.vuncf.org\/index.php?rest_route=\/wp\/v2\/pages"}],"about":[{"href":"https:\/\/www.vuncf.org\/index.php?rest_route=\/wp\/v2\/types\/page"}],"author":[{"embeddable":true,"href":"https:\/\/www.vuncf.org\/index.php?rest_route=\/wp\/v2\/users\/1"}],"replies":[{"embeddable":true,"href":"https:\/\/www.vuncf.org\/index.php?rest_route=%2Fwp%2Fv2%2Fcomments&post=1191"}],"version-history":[{"count":17,"href":"https:\/\/www.vuncf.org\/index.php?rest_route=\/wp\/v2\/pages\/1191\/revisions"}],"predecessor-version":[{"id":3439,"href":"https:\/\/www.vuncf.org\/index.php?rest_route=\/wp\/v2\/pages\/1191\/revisions\/3439"}],"wp:attachment":[{"href":"https:\/\/www.vuncf.org\/index.php?rest_route=%2Fwp%2Fv2%2Fmedia&parent=1191"}],"curies":[{"name":"wp","href":"https:\/\/api.w.org\/{rel}","templated":true}]}}