{"id":1161,"date":"2013-08-07T16:36:26","date_gmt":"2013-08-07T14:36:26","guid":{"rendered":"http:\/\/www.vuncf.org\/?page_id=1161"},"modified":"2018-11-25T19:38:36","modified_gmt":"2018-11-25T18:38:36","slug":"francois-ruffin","status":"publish","type":"page","link":"https:\/\/www.vuncf.org\/?page_id=1161","title":{"rendered":"Ici &#038; Maintenant : Combien de millions de ch\u00f4meurs ? Fran\u00e7ois Ruffin"},"content":{"rendered":"<p>** F.R. est d\u00e9put\u00e9, suivez le partout sur internet **<\/p>\n<p>Fran\u00e7ois Ruffin est un journaliste ind\u00e9pendant d&rsquo;esprit.<\/p>\n<p>Vous le retrouverez dans certaines \u00e9missions de Mermet de France Inter, dans le journal Fakir, le monde diplo.<\/p>\n<p>Un ton libre, vif et espi\u00e8gle (on me dit que j&rsquo;en fait un peu trop, mais j&#8217;emmerde &lsquo;on&rsquo;)<\/p>\n<p>En tout cas, sa conf\u00e9rence sur le &lsquo;Cercle des \u00c9conomistes&rsquo;, officine ultra lib\u00e9rale de propagande patronale, dont le pr\u00e9sident (un directeur de soci\u00e9t\u00e9 de services financiers), un certain Pastr\u00e9, conseille Mr Hollande.<\/p>\n<p>J&rsquo;ai \u00e9pingl\u00e9 le Cercle des \u00e9conomistes et Mr Pastr\u00e9 avec une certaine jubilation.<\/p>\n<p>Mais Mr Ruffin est mieux inform\u00e9 et plus global.<\/p>\n<p>Amuser vous, instruisez vous avec la vid\u00e9o ci dessous.<\/p>\n<p>&nbsp;<\/p>\n<p><video controls=\"controls\" width=\"320\" height=\"180\"><source src=\"\/video\/RUFFIN_Approche_critique_du_Cercle_des_Econnomistes.mp4\" type=\"video\/mp4\" \/><source src=\"\/video\/RUFFIN_Approche_critique_du_Cercle_des_Econnomistes.webm\" type=\"video\/webm\" \/><object width=\"320\" height=\"180\" classid=\"clsid:d27cdb6e-ae6d-11cf-96b8-444553540000\" codebase=\"http:\/\/download.macromedia.com\/pub\/shockwave\/cabs\/flash\/swflash.cab#version=6,0,40,0\"><param name=\"src\" value=\"https:\/\/www.vuncf.org\/wp-includes\/js\/tinymce\/plugins\/media\/moxieplayer.swf\" \/><param name=\"flashvars\" value=\"url=\/video\/RUFFIN_Approche_critique_du_Cercle_des_Econnomistes.mp4&amp;poster=\/wp-admin\/\" \/><param name=\"allowfullscreen\" value=\"true\" \/><param name=\"allowscriptaccess\" value=\"true\" \/><embed width=\"320\" height=\"180\" type=\"application\/x-shockwave-flash\" src=\"https:\/\/www.vuncf.org\/wp-includes\/js\/tinymce\/plugins\/media\/moxieplayer.swf\" flashvars=\"url=\/video\/RUFFIN_Approche_critique_du_Cercle_des_Econnomistes.mp4&amp;poster=\/wp-admin\/\" allowfullscreen=\"allowfullscreen\" allowscriptaccess=\"true\" \/><\/object><\/video><\/p>\n<h2>Approche critique du cercle des \u00e9conomistes<\/h2>\n<p>Francois Ruffin est \u00e9galement l&rsquo;auteur d&rsquo;un livre que nous vous conseillons :<\/p>\n<p>\u00ab\u00a0Leur grande trouille\u00a0\u00bb<br \/>\nsous-titr\u00e9 : \u00ab\u00a0Journal intime de mes pulsions protectionnistes\u00a0\u00bb<br \/>\nEdition Les Liens qui Lib\u00e8rent<\/p>\n<p>Vous y trouverez une saine motivation \u00e0 envoyer pa\u00eetre les tenants de la mondialisation, d\u00e9fendeurs du libre \u00e9change, jusqu&rsquo;\u00e0 la gauche de la gauche !<\/p>\n<p>C&rsquo;est bient\u00f4t les f\u00eates, faites vous un cadeau.<\/p>\n","protected":false},"excerpt":{"rendered":"<p>** F.R. est d\u00e9put\u00e9, suivez le partout sur internet ** Fran\u00e7ois Ruffin est un journaliste ind\u00e9pendant d&rsquo;esprit. Vous le retrouverez dans certaines \u00e9missions de Mermet de France Inter, dans le journal Fakir, le monde diplo. Un ton libre, vif et espi\u00e8gle (on me dit que j&rsquo;en fait un peu trop, mais j&#8217;emmerde &lsquo;on&rsquo;) En tout [&hellip;]<\/p>\n","protected":false},"author":1,"featured_media":0,"parent":0,"menu_order":0,"comment_status":"open","ping_status":"closed","template":"","meta":{"footnotes":""},"class_list":["post-1161","page","type-page","status-publish","hentry"],"_links":{"self":[{"href":"https:\/\/www.vuncf.org\/index.php?rest_route=\/wp\/v2\/pages\/1161","targetHints":{"allow":["GET"]}}],"collection":[{"href":"https:\/\/www.vuncf.org\/index.php?rest_route=\/wp\/v2\/pages"}],"about":[{"href":"https:\/\/www.vuncf.org\/index.php?rest_route=\/wp\/v2\/types\/page"}],"author":[{"embeddable":true,"href":"https:\/\/www.vuncf.org\/index.php?rest_route=\/wp\/v2\/users\/1"}],"replies":[{"embeddable":true,"href":"https:\/\/www.vuncf.org\/index.php?rest_route=%2Fwp%2Fv2%2Fcomments&post=1161"}],"version-history":[{"count":10,"href":"https:\/\/www.vuncf.org\/index.php?rest_route=\/wp\/v2\/pages\/1161\/revisions"}],"predecessor-version":[{"id":3406,"href":"https:\/\/www.vuncf.org\/index.php?rest_route=\/wp\/v2\/pages\/1161\/revisions\/3406"}],"wp:attachment":[{"href":"https:\/\/www.vuncf.org\/index.php?rest_route=%2Fwp%2Fv2%2Fmedia&parent=1161"}],"curies":[{"name":"wp","href":"https:\/\/api.w.org\/{rel}","templated":true}]}}