{"id":1132,"date":"2013-08-07T03:31:15","date_gmt":"2013-08-07T01:31:15","guid":{"rendered":"http:\/\/www.vuncf.org\/?page_id=1132"},"modified":"2013-08-26T12:20:17","modified_gmt":"2013-08-26T10:20:17","slug":"au-debut-des-colibris","status":"publish","type":"page","link":"https:\/\/www.vuncf.org\/?page_id=1132","title":{"rendered":"Au d\u00e9but, des colibris."},"content":{"rendered":"<p>Un type nomm\u00e9 Pierre Rabhi a racont\u00e9 une histoire. Il n&rsquo;a pas fait que \u00e7a, mais bon.<\/p>\n<p>Un jour, c&rsquo;est l\u2019incendie dans la savane. Tous les animaux concluent rapidement une tr\u00eave : on va tous aller chercher de l&rsquo;eau et la jeter sur le feu.<\/p>\n<p>\u00c9videmment l&rsquo;\u00e9l\u00e9phant est tr\u00e8s efficace, mais les autres se d\u00e9brouillent pas mal non plus.<\/p>\n<p>Se pointe un colibri (un gramme et cinq dixi\u00e8mes au garrot).<\/p>\n<p>Le colibri va a la rivi\u00e8re, aspire une goutte d&rsquo;eau et fonce sur le brasier. Il y jette sa goutte.<\/p>\n<p>\u00c9videmment tout le monde se marre.<\/p>\n<p>Pierre Rabhi, philosophe, nous explique que la modeste contribution du colibri est une contribution comme les autres.<\/p>\n<p>Qu&rsquo;un colibri n&rsquo;a pas \u00e0 avoir honte de sa contribution, s&rsquo;il se consid\u00e8re solidaire et impliqu\u00e9. Qu&rsquo;il a la satisfaction d&rsquo;avoir contribu\u00e9 au maximum de ses possibilit\u00e9s.<\/p>\n<p>Chers colibris, pardon, mes chers concitoyens, vous qui avez pris la peine de venir jusqu&rsquo;ici, o\u00f9 l&rsquo;on vous parle de constitution, de changement lourds et visiblement compliqu\u00e9s, vous pourriez \u00eatre l\u00e9g\u00e8rement tent\u00e9s de vous chier dessus devant ce qui vous semble impossible.<\/p>\n<p>Il n&rsquo;aurait peut \u00eatre pas fallu reprendre trois fois du tiramisu hier soir, surtout apr\u00e8s le Kig-A-Farz ou la choucroute garnie.<\/p>\n<p>Votre sentiment d&rsquo;impuissance est l\u00e9gitime mais injustifi\u00e9.<\/p>\n<p>Si chacun, comme un colibri, apporte sa goutte d&rsquo;eau, sa comp\u00e9tence sp\u00e9cifique dans le domaine qu&rsquo;il connait, et si tous partagent, entre autre, les informations de ce site, ce n&rsquo;est pas un manque de volontaire qui se profile pour la constituante, mais plut\u00f4t la n\u00e9cessit\u00e9 de refuser du monde.<\/p>\n<p>Par tirage au sort par exemple.<\/p>\n<p>Pour chaque question qui vous fait flipper, vous ne voyez plus la question \u00e0 laquelle vous savez r\u00e9pondre.<\/p>\n<p>Le premier devoir du colibri, c&rsquo;est de travailler en bande. Puis de convaincre quelques sp\u00e9cialistes de se pencher, avec un \u0153il neuf sur un chantier de reconstruction juridique.<\/p>\n<p>A force de regarder les conf\u00e9rences, de lire des articles, vous allez acqu\u00e9rir, oui, vous qui pensez n&rsquo;y rien connaitre, une comp\u00e9tence d&rsquo;\u00e9l\u00e9phants.<\/p>\n<p>Faire muter une nu\u00e9e de Colibris en troupeaux d&rsquo;\u00e9l\u00e9phants, c&rsquo;est l&rsquo;affaire de chaque colibri.<\/p>\n<p>Faites ce qui est \u00e0 port\u00e9 de votre bras pour nous sortir tous de la poisse, ici et maintenant.<\/p>\n<p>Pour cela, le colibri ne vole pas seul : il recherche la compagnie, puis ensemble, goutte \u00e0 goutte, ils porte la parole de la d\u00e9mocratie.<\/p>\n<p>C&rsquo;est un peu fatiguant, certes. A part gagner au loto, solution al\u00e9atoire et \u00e9go\u00efste, je ne vois pas.<\/p>\n<p><a title=\"Colibris Pierre Rabhi\" href=\"http:\/\/www.colibris-lemouvement.org\/colibris\/aux-origines-du-mouvement\/pierre-rabhi\" target=\"_blank\">\u00a0Pour en savoir plus sur les colibris<\/a><\/p>\n","protected":false},"excerpt":{"rendered":"<p>Un type nomm\u00e9 Pierre Rabhi a racont\u00e9 une histoire. Il n&rsquo;a pas fait que \u00e7a, mais bon. Un jour, c&rsquo;est l\u2019incendie dans la savane. Tous les animaux concluent rapidement une tr\u00eave : on va tous aller chercher de l&rsquo;eau et la jeter sur le feu. \u00c9videmment l&rsquo;\u00e9l\u00e9phant est tr\u00e8s efficace, mais les autres se d\u00e9brouillent [&hellip;]<\/p>\n","protected":false},"author":1,"featured_media":0,"parent":0,"menu_order":0,"comment_status":"open","ping_status":"closed","template":"","meta":{"footnotes":""},"class_list":["post-1132","page","type-page","status-publish","hentry"],"_links":{"self":[{"href":"https:\/\/www.vuncf.org\/index.php?rest_route=\/wp\/v2\/pages\/1132","targetHints":{"allow":["GET"]}}],"collection":[{"href":"https:\/\/www.vuncf.org\/index.php?rest_route=\/wp\/v2\/pages"}],"about":[{"href":"https:\/\/www.vuncf.org\/index.php?rest_route=\/wp\/v2\/types\/page"}],"author":[{"embeddable":true,"href":"https:\/\/www.vuncf.org\/index.php?rest_route=\/wp\/v2\/users\/1"}],"replies":[{"embeddable":true,"href":"https:\/\/www.vuncf.org\/index.php?rest_route=%2Fwp%2Fv2%2Fcomments&post=1132"}],"version-history":[{"count":5,"href":"https:\/\/www.vuncf.org\/index.php?rest_route=\/wp\/v2\/pages\/1132\/revisions"}],"predecessor-version":[{"id":1142,"href":"https:\/\/www.vuncf.org\/index.php?rest_route=\/wp\/v2\/pages\/1132\/revisions\/1142"}],"wp:attachment":[{"href":"https:\/\/www.vuncf.org\/index.php?rest_route=%2Fwp%2Fv2%2Fmedia&parent=1132"}],"curies":[{"name":"wp","href":"https:\/\/api.w.org\/{rel}","templated":true}]}}