{"id":1112,"date":"2013-08-07T00:47:18","date_gmt":"2013-08-06T22:47:18","guid":{"rendered":"http:\/\/www.vuncf.org\/?page_id=1112"},"modified":"2015-01-15T22:36:44","modified_gmt":"2015-01-15T21:36:44","slug":"les-trois-proprietes","status":"publish","type":"page","link":"https:\/\/www.vuncf.org\/?page_id=1112","title":{"rendered":"Les trois propri\u00e9t\u00e9s"},"content":{"rendered":"<p>Afin de bien nous comprendre, je pr\u00e9cise ici la diff\u00e9rence entre les trois et le sens pr\u00e9cis attach\u00e9 \u00e0 chacune.<\/p>\n<h1>La propri\u00e9t\u00e9 financi\u00e8re<\/h1>\n<p>La propri\u00e9t\u00e9 financi\u00e8re s&rsquo;acqui\u00e8re en \u00e9change d&rsquo;argent, ou par h\u00e9ritage ou donation. Le troisi\u00e8me cas est anecdotique quand il ne masque pas un h\u00e9ritage anticip\u00e9.<\/p>\n<p>Vous payez la voiture et vous partez avec, vous en avez la propri\u00e9t\u00e9 financi\u00e8re. Pareil une maison ou un malabar.<\/p>\n<p>Si vous avez la propri\u00e9t\u00e9 financi\u00e8re, vous pouvez la c\u00e9der. En fran\u00e7ais &lsquo;<em>revendre&rsquo;<\/em>. Facile pour une voiture usag\u00e9e, plus difficile pour un malabar.<\/p>\n<p>Si vous revendez plus cher que vous n&rsquo;avez achet\u00e9, vous r\u00e9alisez une &lsquo;plus-value&rsquo;, au del\u00e0 de l&rsquo;inflation.<\/p>\n<h1>La propri\u00e9t\u00e9 d&rsquo;usage<\/h1>\n<p>Vous utilisez vous-m\u00eame, ou un membre de votre famille, le bien acquis financi\u00e8rement. <em>Vous<\/em> usez du bien. C&rsquo;est \u00e7a la propri\u00e9t\u00e9 d&rsquo;usage.<\/p>\n<p>La maison o\u00f9 vous habitez. Votre voiture, votre montre. Votre piscine.<\/p>\n<p>Vue de l&rsquo;entreprise, le ma\u00e7on ach\u00e8te une b\u00e9tonni\u00e8re (propri\u00e9t\u00e9 financi\u00e8re), puis s&rsquo;en sert pour construire des maisons : propri\u00e9t\u00e9 d&rsquo;usage. Idem l\u2019h\u00f4telier dans son h\u00f4tel dont il est propri\u00e9taires des murs.<\/p>\n<p>Le fauteuil du dentiste, l&rsquo;atelier du garagiste qui lui-m\u00eame travaille dans le garage. Peu importe qu&rsquo;il ait ou non des salari\u00e9s, ne m\u00e9langeons pas tout.<\/p>\n<p>La propri\u00e9t\u00e9 d&rsquo;usage s&rsquo;entend quand le propri\u00e9taire use pour sa vie priv\u00e9, mais aussi quand il use pour travailler<em> lui-m\u00eame.<\/em><\/p>\n<h1>La propri\u00e9t\u00e9 lucrative<\/h1>\n<p>Passe par la propri\u00e9t\u00e9 financi\u00e8re. Sauf qu&rsquo;une fois l&rsquo;achat effectu\u00e9, le bien n&rsquo;est pas utilis\u00e9 par son propri\u00e9taire financier, mais lou\u00e9.<\/p>\n<p>Tous les propri\u00e9taires de maisons ou d&rsquo;apparts, ou de locaux commerciaux lou\u00e9s \u00e0 des tiers tirent des revenus de la propri\u00e9t\u00e9 financi\u00e8re, sans travailler en proportion du revenu.<\/p>\n<p>Des gens qui ach\u00e8tent des actions, directement ou par le biais de produits financiers plus ou moins transparents usent de propri\u00e9t\u00e9 financi\u00e8re ET lucrative.<\/p>\n<p>Ils poss\u00e8dent des actions d&rsquo;une usine de casseroles, et touchent des dividendes. Ils n&rsquo;ont jamais mis et ne mettrons jamais les pieds dans l&rsquo;usine, et ils peuvent ne voir jamais une des casseroles fabriqu\u00e9es dans l&rsquo;usine.<\/p>\n<p>C&rsquo;est le cas de tous les produits de retraite, qui sont simplement des &lsquo;placements&rsquo; \u00e0 fins de rente au cours de la retraite. L&rsquo;assurance vie est un fourre-tout juridique pour d\u00e9fiscaliser des placements.<\/p>\n<p>Les banques utilisent des privil\u00e8ges professionnels et de l&rsquo;argent, argent dont la possession est utilis\u00e9e pour toucher des int\u00e9r\u00eats de cr\u00e9dits bancaires, sans contre-partie aux int\u00e9r\u00eats.<\/p>\n<p>Cette op\u00e9ration absurde est simplement forc\u00e9e par des circonstances qui sont tout sauf anodines.<\/p>\n<p>La propri\u00e9t\u00e9 lucrative fournit un revenu du seul fait de la possession de la propri\u00e9t\u00e9 financi\u00e8re.<\/p>\n<h3>Particularit\u00e9 :<\/h3>\n<p>Le cas d&rsquo;un appartement vide, ou d&rsquo;une machine au garage, sont des cas particuliers de propri\u00e9t\u00e9s financi\u00e8res qui ne sont pas doubl\u00e9es de l&rsquo;une des deux autres. On appelle \u00e7a un &lsquo;g\u00e2chi&rsquo;.<\/p>\n<p>Un certain nombre de propri\u00e9t\u00e9s financi\u00e8res n&rsquo;ont aujourd&rsquo;hui de sens que si elle sont accompagn\u00e9es de propri\u00e9t\u00e9s lucratives.<\/p>\n<p>Exemple : Vous poss\u00e9dez votre r\u00e9sidence principale. OK, propri\u00e9t\u00e9 financi\u00e8re d&rsquo;usage. Vous avez une maison de campagne que seuls vous ou vos amis ou des membres de votre famille fr\u00e9quentent sans contrepartie (autre que la note d&rsquo;eau et d&rsquo;\u00e9lectricit\u00e9 par exemple). idem financi\u00e8re + usage.<\/p>\n<p>Vous achetez un immeuble de 10 apparts. Vous louez \u00e0 des pauvres qui ne peuvent pas \u00eatre propri\u00e9taires : en restant modestes vous gagnez 12 000 euros. Sans rien faire d&rsquo;autre que de la paperasse que vous pouvez m\u00eame sous-traiter.<\/p>\n<p>Ce genre d&rsquo;achat ne peut avoir lieu que dans deux cas :<\/p>\n<ol>\n<li>Vous logez gratuitement des gens parce que vous \u00eates riches et partageurs : propri\u00e9t\u00e9 financi\u00e8re sans lucrative ni usage. Bravo ! Continuez !<\/li>\n<li>Vous voulez gagner de l&rsquo;argent sans rien faire.<\/li>\n<\/ol>\n<p>Donc personne n\u2019ach\u00e8terait un immeuble (neuf ou pas) si les revenus sans contrepartie n&rsquo;\u00e9taient pas certains.<\/p>\n<p>Je vous laisse m\u00e9diter l\u00e0-dessus.<\/p>\n","protected":false},"excerpt":{"rendered":"<p>Afin de bien nous comprendre, je pr\u00e9cise ici la diff\u00e9rence entre les trois et le sens pr\u00e9cis attach\u00e9 \u00e0 chacune. La propri\u00e9t\u00e9 financi\u00e8re La propri\u00e9t\u00e9 financi\u00e8re s&rsquo;acqui\u00e8re en \u00e9change d&rsquo;argent, ou par h\u00e9ritage ou donation. Le troisi\u00e8me cas est anecdotique quand il ne masque pas un h\u00e9ritage anticip\u00e9. Vous payez la voiture et vous partez [&hellip;]<\/p>\n","protected":false},"author":1,"featured_media":0,"parent":0,"menu_order":0,"comment_status":"open","ping_status":"closed","template":"","meta":{"footnotes":""},"class_list":["post-1112","page","type-page","status-publish","hentry"],"_links":{"self":[{"href":"https:\/\/www.vuncf.org\/index.php?rest_route=\/wp\/v2\/pages\/1112","targetHints":{"allow":["GET"]}}],"collection":[{"href":"https:\/\/www.vuncf.org\/index.php?rest_route=\/wp\/v2\/pages"}],"about":[{"href":"https:\/\/www.vuncf.org\/index.php?rest_route=\/wp\/v2\/types\/page"}],"author":[{"embeddable":true,"href":"https:\/\/www.vuncf.org\/index.php?rest_route=\/wp\/v2\/users\/1"}],"replies":[{"embeddable":true,"href":"https:\/\/www.vuncf.org\/index.php?rest_route=%2Fwp%2Fv2%2Fcomments&post=1112"}],"version-history":[{"count":6,"href":"https:\/\/www.vuncf.org\/index.php?rest_route=\/wp\/v2\/pages\/1112\/revisions"}],"predecessor-version":[{"id":2841,"href":"https:\/\/www.vuncf.org\/index.php?rest_route=\/wp\/v2\/pages\/1112\/revisions\/2841"}],"wp:attachment":[{"href":"https:\/\/www.vuncf.org\/index.php?rest_route=%2Fwp%2Fv2%2Fmedia&parent=1112"}],"curies":[{"name":"wp","href":"https:\/\/api.w.org\/{rel}","templated":true}]}}