{"id":111,"date":"2013-06-08T15:18:55","date_gmt":"2013-06-08T13:18:55","guid":{"rendered":"http:\/\/test.briosoft.com\/?page_id=111"},"modified":"2013-07-27T12:52:27","modified_gmt":"2013-07-27T10:52:27","slug":"valeur-2","status":"publish","type":"page","link":"https:\/\/www.vuncf.org\/?page_id=111","title":{"rendered":"Vos Valeurs"},"content":{"rendered":"<p>La valeur est une notion religieuse. C&rsquo;est d\u2019ailleurs une expression qu&rsquo;on emploie dans des cas tr\u00e8s vari\u00e9s : un homme de valeur, par exemple, d&rsquo;une haute moralit\u00e9, probit\u00e9 et honn\u00eatet\u00e9; donc que par d\u00e9finition on ne peut acheter. Comment peut-on dire qu&rsquo;il a de la valeur si on ne peut en fixer le prix ? Ce qui montre que la valeur est dans l\u2019\u0153il de celui qui regarde.<\/p>\n<p>Le mot valeur, quand il n&rsquo;est pas employ\u00e9 par des \u00e9conomistes ou des comptables, est souvent li\u00e9 \u00e0 une \u00e9chelle morale. C&rsquo;est effectivement une fa\u00e7on de s&rsquo;int\u00e9resser \u00e0 ce mot, mais ce n&rsquo;est pas le cas dans cet article.<\/p>\n<p>La d\u00e9termination des valeurs va d\u00e9terminer votre qualit\u00e9 de vie. Si vous ne valez rien, vous devenez ch\u00f4meur. Si vous ne valez pas grand-chose, vous \u00eates comme 85 % de la population salari\u00e9e, qui gagne entre 1 et 4 fois le Smic. Si vous avez de la valeur, selon les crit\u00e8res de ceux qui d\u00e9cident, c&rsquo;est \u00e0 dire au final, les actionnaires, vous faites braire. On va vous tol\u00e9rer, mais on se passera de vous au plus vite, en fin de projet ou d\u00e8s lors qu&rsquo;un petit niaiseux viendra vendre son cerveau \u00e0 peine d\u00e9moul\u00e9, mais fra\u00eechement dress\u00e9, pour 4 fois moins cher. Comme au rayon frais, ou une marchandise perd toute sa valeur apr\u00e8s la date limite de vente, les gens de valeur se p\u00e9riment vers 45 ans.<\/p>\n<p>Voil\u00e0 ou m\u00e8nent les distorsions entre valeur et co\u00fbt. Allez lire Bernard Friot, \u00ab\u00a0L\u2019enjeu du salaire\u00a0\u00bb qui en sait beaucoup sur le salaire.<\/p>\n<p>Ou allez voir \u00e7a\u00a0:<\/p>\n<p><a href=\"http:\/\/youtu.be\/McpiXYVWtDs\">Bernard Friot &#8211; L&rsquo;enjeu du salaire<\/a><\/p>\n<p>Dans la Soci\u00e9t\u00e9, on passe par des usages tr\u00e8s pragmatiques et vari\u00e9s de la valeur : combien pour mon salaire ? Combien une astreinte ? Combien une heure suppl\u00e9mentaire ? Combien le droit de r\u00e9pandre du lisier dans la nappe phr\u00e9atique ? Combien ce cr\u00e9dit ? Selon que l&rsquo;on est vendeur ou acheteur, selon le service ou la marchandise, selon que l&rsquo;on est ou pas en situation de monopole, que l&rsquo;offre est tr\u00e8s \u00e9loign\u00e9e ou proche de la demande, ou que c&rsquo;est les soldes, vous voyez bien que la valeur est une chose totalement abstraite, mais qui d\u00e9termine la qualit\u00e9 de notre vie.<\/p>\n<p>Entre autre, la soci\u00e9t\u00e9 n&rsquo;est ni plus ni moins qu&rsquo;un m\u00e9canisme r\u00e9gulateur et organisateur des valeurs ou des conditions des n\u00e9gociations qui tournent autour. N&rsquo;importe quelle valeur.<br \/>\nDirectement, en collant une taxe \u00e0 un produit pour compenser par ailleurs les co\u00fbts que son emploi g\u00e9n\u00e8re. L&rsquo;essence par exemple. Indirectement, avec des niches fiscales. Des exemptions, des subventions. Un salaire minimum.<\/p>\n<p>Par exemple, les exemptions de charges entre 1 et 1,6 fois le smic baissent automatiquement la valeur du travail pour l&#8217;employ\u00e9. Ben oui, pourquoi l&#8217;employeur tirerait ses grilles de salaires vers le haut, alors qu&rsquo;il y perd deux fois : l&rsquo;augmentation de salaire plus le suppl\u00e9ment de charge ou son retour \u00e0 un niveau qui avait \u00e9t\u00e9 artificiellement baiss\u00e9. La mesure d\u2019exemption de 39 euros par smic baisse en fait la valeur de tous les emplois entre 1 et 1.6 smic. C\u2019est un peu le but d\u2019ailleurs\u2026<\/p>\n<p>Quand Renault se d\u00e9localise dans les pays \u00e9mergents, il vient de baisser la valeur du travail en France. Il ne l&rsquo;a pas m\u00e9caniquement, r\u00e8glementairement chang\u00e9. Mais quand tu te pr\u00e9sentes pour une embauche, va falloir un peu rabattre sur les pr\u00e9tentions.<\/p>\n<p>Donc la valeur est modifi\u00e9e notamment par l&rsquo;Etat, quand il prend des d\u00e9cisions sur les co\u00fbts. \u00c9videment les soci\u00e9t\u00e9s priv\u00e9es ont int\u00e9r\u00eat \u00e0 le faire \u00e9galement, chaque fois qu&rsquo;elles peuvent en tirer un b\u00e9n\u00e9fice suppl\u00e9mentaire.<\/p>\n<p>La valeur et le co\u00fbt sont deux choses parfois distinctes : la diff\u00e9rence entre les deux s&rsquo;appelle b\u00e9n\u00e9fice ou perte. Et sont fluctuants selon les cas, l&rsquo;endroit, le moment, la politique.<br \/>\nLa preuve : les soldes. Mais dans la vie courante, des n\u00e9gociateurs sans scrupules aiment bien les m\u00e9langer.<\/p>\n<p>Pour un acheteur, le co\u00fbt et la valeur sont les m\u00eames, pour du neuf au prix normal. Mais pas pour le vendeur, dont le mod\u00e8le capitaliste pr\u00e9voie une seule ligne, une seule th\u00e9ologie, une seule morale : le co\u00fbt, on s&rsquo;en fout. La valeur, on s&rsquo;en fout. Un seul but : augmenter la diff\u00e9rence entre les deux, le plus petit devant bien entendu \u00eatre le co\u00fbt.<\/p>\n<p>Notez \u00e9galement que le co\u00fbt peut rapidement d\u00e9passer la valeur. Vous achetez un frigo \u00e0 300 Euros sur internet. Plus 70 \u20ac de livraison. Mais si, \u00e0 peine install\u00e9, vous devez le revendre, ne r\u00eavez pas r\u00e9cup\u00e9rer vos co\u00fbts\u00a0: premi\u00e8rement le port est d\u00e9finitivement perdu. Et maintenant que c\u2019est une deuxi\u00e8me main, sa valeur est bien inf\u00e9rieure \u00e0 300 \u20ac. Quand vous l\u2019aurez laiss\u00e9 partir \u00e0 200 \u20ac, vous commencerez \u00e0 ressentir la diff\u00e9rence entre co\u00fbt et valeur.<\/p>\n<p>La valeur (gr\u00e2ce \u00e0 la pub) peut servir \u00e0 vendre un machin inutile tr\u00e8s cher. Mais elle r\u00e9duit donc aussi votre salaire en tant que celui-ci ob\u00e8re les revenus des propri\u00e9taires de votre entreprise. Et vous n\u2019y \u00eates pas pour rien, oui vous, l\u2019\u00e9chantillon du peuple\u00a0! (Vous verrez, au d\u00e9but \u00e7a fait bizarre de se faire traiter d\u2019\u00e9chantillon, mais apr\u00e8s, en lisant la constitution de 58, on est bien oblig\u00e9 de s\u2019y faire)<\/p>\n<p>Et, cher lecteur, il suffit d&rsquo;agiter une femme \u00e0 poil avec \u00e9crit \u00ab\u00a0modernit\u00e9\u00a0\u00bb dessus, et tu remplis ta d\u00e9claration d&rsquo;imp\u00f4t sur le net. C&rsquo;est commode, t&rsquo;as un d\u00e9lai qui te tient lieu de susucre.<\/p>\n<p>La d\u00e9claration des revenus sur internet\u00a0: une belle escroquerie. Comme l\u2019\u00e9tat loue son budget un prix exorsexant aux banques priv\u00e9es &#8211; c\u2019est comme \u00e7a, ferme l\u00e0, on n\u2019aime pas les populistes ici &#8211; l\u2019\u00e9tat dis-je, doit rogner. Saisir des formulaires est de peu de valeur, et d\u2019un co\u00fbt forc\u00e9ment excessif. Donc on vire des fonctionnaires, financi\u00e8rement pesants.<\/p>\n<p>\u00d4 toi hydroc\u00e9phale lecteur, de ce fait, tu perds ton boulot. C\u2019est toi, ou ta femme, ou ton fils ou autre qui perd \u00e0 jamais le droit d\u2019exister dans la soci\u00e9t\u00e9. Tu n\u2019as pas pris en compte la valeur de la vie du fonctionnaire, qui n\u2019est peut-\u00eatre pas toi, pas un de tes potes, cet \u00e9tranger qui peux bien crever. Sauf que c\u2019est oublier bien vite que la vaste majorit\u00e9 des fonctionnaires fait son taf comme les autres, et d\u00e9pense sa paye tous les mois en achetant des biens et des services aux capitalistes qui n\u2019ont pas la reconnaissance du ventre. C\u2019est donc un mauvais calcul de leur part. Les fonctionnaire stabilisent les volumes d\u2019\u00e9changes ET la masse mon\u00e9taire M1, celle qui tourne, qui joue son r\u00f4le de lubrifiant des \u00e9changes.<\/p>\n<p>Et qui c&rsquo;est qui va payer sur ses revenus le co\u00fbt de la solidarit\u00e9 pour ces nouveaux ch\u00f4meurs ?<\/p>\n<p>Parce que tu n&rsquo;es pas coh\u00e9rent, cher lecteur. Tu places des gens dans une merde noire, tu r\u00e2les pour les aider. OK. Pourquoi je me casserai le cul \u00e0 bosser pour ces ch\u00f4meurs ! On ach\u00e8ve bien les chevaux, pourquoi ne pas euthanasier tous ces gens qui n&rsquo;ont aucun espoir de retrouver moyen de faire gagner du fric \u00e0 un actionnaire (condition n\u00e9cessaire pour entrer dans le priv\u00e9, mais aussi dans le public, qui se comporte comme un actionnaire depuis&#8230; depuis 30 ans).<\/p>\n<p>Vous pouvez d\u00e9tecter ici, que la fa\u00e7on de calculer et pr\u00e9senter la valeur d\u00e9pend essentiellement des donn\u00e9es que l&rsquo;on conserve, ou que l&rsquo;on \u00e9carte : Le cr\u00e9tin de comptable qui va chercher son susucre \u00e0 Bercy va expliquer qu&rsquo;il a fait gagner 50 K\u20ac\/an tout compris \u00e0 l\u2019administration des imp\u00f4ts par fonctionnaire remplac\u00e9 par le site web FaitMonBoulotToiMeme.impots.gouv.fr. Il a tout compt\u00e9, les frais de CE, les colos pour les gosses \u00e0 payer en moins. Ce type lutte contre ces fonctionnaires qui sucent la moelle productive du pays. Donc il fait 50 K\u20ac d&rsquo;\u00e9conomies d&rsquo;un c\u00f4t\u00e9, probablement contre sensiblement la m\u00eame chose en salaire \u00e0 p\u00f4le-emploi, dans les assocs de r\u00e9insertion, les rsa et autre traitements somptuaires. Sans compter que ce comptable est un \u00ab\u00a0haut\u00a0\u00bb fonctionnaire.<\/p>\n<p>Si on veut jouer le jeu de la compta, jouons le \u00e0 fond. Fusionnons les co\u00fbts de la fonction publique avec les co\u00fbts des inactivit\u00e9s diverses : un fonctionnaire non remplac\u00e9 ou pas embauch\u00e9, c&rsquo;est math\u00e9matiquement un ch\u00f4meur. Donc une cascade de co\u00fbts, de cotises pas per\u00e7ues etc.<\/p>\n<p>Et pourquoi ne pas donner un peu de valeur au malheur subi par une population, en mettant un co\u00fbt \u00e0 l&rsquo;envie de se flinguer, geste accompli ou non\u00a0? Combien co\u00fbte l&rsquo;envie de flinguer sa femme et ses gosses puis soi-m\u00eame pour mettre fin au malheur de chacun\u00a0? J&rsquo;ai bien dit \u00ab\u00a0l&rsquo;envie\u00a0\u00bb. Celle qui vous accompagne des ann\u00e9es sans pour autant vous faire passer \u00e0 l\u2019acte&#8230;<\/p>\n<p>Selon que des d\u00e9cideurs vous voient comme une valeur, qui est pr\u00e9misse des richesses que vous cr\u00e9erez et sur lesquels un actionnaire pourra faire librement une ponction, o\u00f9 un co\u00fbt, obstacle \u00e0 un peu plus de rente, votre vie bascule.<\/p>\n<p>N&rsquo;oubliez donc jamais que co\u00fbt et valeur sont intimement li\u00e9s comme des siamois, et qu&rsquo;on parle souvent de l&rsquo;un plut\u00f4t que de l&rsquo;autre pour de pures raisons de propagande, de travestissement du langage. Donc quand on vous dit : \u00ab\u00a0D\u00e9sol\u00e9, on ne peut pas te garder, tu co\u00fbtes trop cher\u00a0\u00bb, on \u00e9vite de dire que vos comp\u00e9tences ne seront pas ou mal pay\u00e9es, car vous nuisez \u00e0 l&rsquo;\u00e9panouissement de la rente des actionnaires. Que votre comp\u00e9tence soit r\u00e9elle, importe peu.<\/p>\n<p>Cette confusion permet de mettre un bac + 6 \u00e0 un poste d&rsquo;aide-comptable.<\/p>\n<p>Vous pourrez r\u00e9fl\u00e9chir au paradoxe suivant : un cheval vaut deux livres (de m\u00e9tal argent), donc une livre d&rsquo;argent vaut un demi-cheval ? Mais selon quelle r\u00e9f\u00e9rence ? On pourrait donc dire que l&rsquo;argent est index\u00e9 sur le demi-cheval&#8230; Ceci vaut cela. Parce que cela vaut ceci, ou bien ? Je vous laisse m\u00e9diter.<\/p>\n<p>L&rsquo;usage d&rsquo;une monnaie est donc forc\u00e9ment bas\u00e9 sur une religion, une foi particuli\u00e8re : un &lsquo;truc&rsquo; particulier poss\u00e8de une propri\u00e9t\u00e9 connue et surtout stable dans le temps et on en fixe arbitrairement la valeur. Et on y croit ! Dur comme fer. Heu, non : Mou comme l&rsquo;or !<br \/>\nToute autre valeur viendra s&rsquo;\u00e9prouver par rapport au &lsquo;truc&rsquo;. Quand on vous dit que le m\u00e8tre \u00e9talon est conserv\u00e9 \u00e0 S\u00e8vres (pr\u00e8s de Paris), cela veut dire qu&rsquo;un fabricant de ruban de couturi\u00e8re ou un fabricant de m\u00e8tres de charpentier pourrait venir comparer ses productions avec l&rsquo;\u00e9talon pour v\u00e9rifier que ses outils indiquent une valeur correcte. Donc le m\u00e9tal pr\u00e9cieux est le m\u00e8tre-\u00e9talon de la valeur, vous me permettez cette facilit\u00e9 de langage. Mais l&rsquo;or, totalement inutile en pratique, n&rsquo;a pour qualit\u00e9 que son inalt\u00e9rabilit\u00e9 et son aspect reconnaissable. En clair : il ne rouille pas, ne se d\u00e9grade pas en poudre, ne s&rsquo;\u00e9vapore pas spontan\u00e9ment. Le fer rouille (donc s\u2019alourdit), la rouille est friable et ne tient pas au fer sur lequel elle s&rsquo;est form\u00e9e, donc le fer s&rsquo;all\u00e8ge dans le temps apr\u00e8s s&rsquo;\u00eatre l\u00e9g\u00e8rement alourdi. Donc, ton tas de fer change de poids spontan\u00e9ment, ne serait-ce qu&rsquo;\u00e0 cause de l&rsquo;humidit\u00e9 de l&rsquo;air. Bonjour la r\u00e9f\u00e9rence fondante ! Autant dire que l&rsquo;\u00e9talon, c&rsquo;est un gla\u00e7on dans mon cong\u00e9lo. Vous imaginez le pouvoir de gr\u00e9vistes \u00e0 EDF ?<\/p>\n<p>Notez aussi que la valeur, que l&rsquo;homme augmente proportionnellement \u00e0 son d\u00e9sir de la poss\u00e9der ET \u00e0 la difficult\u00e9 de se la procurer, est r\u00e9ellement totalement follement subjective : des milliers de jeunes gens, en pleine possession de leurs moyens, \u00e9duqu\u00e9s, choy\u00e9s, friqu\u00e9s vont coucher depuis la veille devant un ShtroumphStore afin d&rsquo;\u00e9changer leur glavouilleur \u00e0 vistule de crambure m\u00e9lamin\u00e9 version 4 contre le m\u00eame en version 5, parce que c&rsquo;est trop de la balle, quoi ! \u00c7a d\u00e9chire grave, mec ! Et \u00e7a leur co\u00fbte un rein. Les m\u00eames pensent aussi qu\u2019il faut sauver les baleines.<\/p>\n<p>Donc, un truc totalement gratuit serait un truc totalement librement disponible sans limite pratique, ou dont on n\u2019aurait strictement rien \u00e0 faire. Donc, le fait que je vous prive d&rsquo;air pendant, mettons un quart d&rsquo;heure, ne vous posera pas de probl\u00e8me ? D\u00e9connez pas, un quart d&rsquo;heure, c&rsquo;est quoi dans une vie ? Remarquez que je viens de vous introduire la notion de valeur r\u00e9siduelle.<br \/>\nNon ! Ne zappez pas !<\/p>\n<p>Il reste un myst\u00e8re : comment se fait-il que des prix s&rsquo;\u00e9tablissent ? Qui a dit un \u00ab\u00a0cheval c&rsquo;est deux livres\u00a0\u00bb, \u00ab\u00a0un pain c&rsquo;est un sou\u00a0\u00bb ? Ton salaire c\u2019est 900 \u20ac net\u00a0?<\/p>\n<p>L&rsquo;usage collectif d&rsquo;une monnaie, pour peu qu&rsquo;elle soit adoss\u00e9e \u00e0 une r\u00e9f\u00e9rence r\u00e9put\u00e9e fiable, donne lieu spontan\u00e9ment \u00e0 une esp\u00e8ce de n\u00e9gociation de la valeur. La valeur n&rsquo;est qu&rsquo;une convention mentale. La valeur, ce n\u2019est pas comme du sable : on ne peut en peser un gros ou un petit morceau.<\/p>\n<p>Dans notre monde, le mot \u00ab\u00a0valeur\u00a0\u00bb n\u2019est compr\u00e9hensible que si on le compl\u00e8te\u00a0: \u00ab\u00a0valeur marchande\u00a0\u00bb. Ce qui en soi n\u2019est pas encore un probl\u00e8me, \u00e0 moins que les marchands n\u2019appliquent la <i>valeur<\/i> \u00e0 leur revenu.<\/p>\n<p>Ainsi, construire des prisons est d\u2019une grande valeur pour les groupes Vinci, Eiffage ou Accord.<\/p>\n<p>Vendre des munitions est de grande valeur pour Ruggieri. Des Rafales pour Dassault.<\/p>\n<p>La valeur est le fruit d\u2019une production, du travail pour payer cette production le moins possible (corruption pour des concessions, pressions sur les salaires au moyen du ch\u00f4mage, lui-m\u00eame au moyen d\u2019une interdiction de d\u00e9ficit faite aux \u00e9tats), des magouilles pour \u00e9chapper aux pr\u00e9l\u00e8vements sociaux, aux imp\u00f4ts et surtout, vendre le produit le plus cher possible. Merci le cr\u00e9dit d\u2019imp\u00f4t recherche\u00a0! Et merci la Terre, qui ne se fait pas payer pour ce qu\u2019on lui prend, ou ce qu\u2019on d\u00e9truit.<\/p>\n<p>Si la valeur de l\u2019amiante avait \u00e9t\u00e9 correctement \u00e9valu\u00e9e, on aurait d\u00fb prendre en compte pour un sac de fibre isolante ou un textile anti-feu, ou un bout de toiture ondul\u00e9e, tous les co\u00fbts pour soigner ceux qui vont en souffrir et pour le retirer plus tard. Et ces co\u00fbts auraient d\u00fb \u00eatre pr\u00e9lev\u00e9s sur les comptes bancaires de tous ceux qui ont touch\u00e9 des dividendes des soci\u00e9t\u00e9s comme Eternit.<\/p>\n<p>Si les actionnaires disposent de moyens pour r\u00e9duire leurs co\u00fbts, ils les utiliseront.<\/p>\n<p>Votre valeur ne fait pas le poids. Votre vision de la valeur ne fait pas le poids.<\/p>\n<p>Parce que votre vision n\u2019a aucune valeur juridique, parce que le patron est le ma\u00eetre chez lui, et que gr\u00e2ce \u00e0 notre constitution et \u00e0 l\u2019Europe des financiers, le patron est chez lui partout, ce qui n\u2019est pas votre cas.<\/p>\n<p>Donc la valeur n\u2019est pas une donn\u00e9e universelle. La valeur est fix\u00e9e par celui ou ceux qui ont le pouvoir de l\u2019imposer. En morale ou en \u00e9conomie.<\/p>\n<p>Et en l\u2019occurrence, c\u2019est l\u2019accumulation sans limite de valeur qui est promue comme l\u2019espoir, le phantasme, l\u2019objectif ultime de chacun\u00a0: notre constitution en \u00e9tablit la primaut\u00e9, via la constitution europ\u00e9enne que nous avons rejet\u00e9e mais qui est quand m\u00eame entr\u00e9e en application.<\/p>\n<p>\u00ab\u00a0Concurrence libre et non fauss\u00e9e\u00a0\u00bb<\/p>\n<p>\u00ab\u00a0Mobilit\u00e9 garantie des capitaux\u00a0\u00bb<\/p>\n<p>Dans nos constitutions, rien \u00e0 propos du ch\u00f4mage ni de la destruction industrielle et \u00e9cologique.<\/p>\n<p>Parce que vous le voulez bien. Alors vos valeurs\u2026\u2026\u2026<\/p>\n","protected":false},"excerpt":{"rendered":"<p>La valeur est une notion religieuse. C&rsquo;est d\u2019ailleurs une expression qu&rsquo;on emploie dans des cas tr\u00e8s vari\u00e9s : un homme de valeur, par exemple, d&rsquo;une haute moralit\u00e9, probit\u00e9 et honn\u00eatet\u00e9; donc que par d\u00e9finition on ne peut acheter. Comment peut-on dire qu&rsquo;il a de la valeur si on ne peut en fixer le prix ? [&hellip;]<\/p>\n","protected":false},"author":1,"featured_media":0,"parent":0,"menu_order":0,"comment_status":"closed","ping_status":"closed","template":"","meta":{"footnotes":""},"class_list":["post-111","page","type-page","status-publish","hentry"],"_links":{"self":[{"href":"https:\/\/www.vuncf.org\/index.php?rest_route=\/wp\/v2\/pages\/111","targetHints":{"allow":["GET"]}}],"collection":[{"href":"https:\/\/www.vuncf.org\/index.php?rest_route=\/wp\/v2\/pages"}],"about":[{"href":"https:\/\/www.vuncf.org\/index.php?rest_route=\/wp\/v2\/types\/page"}],"author":[{"embeddable":true,"href":"https:\/\/www.vuncf.org\/index.php?rest_route=\/wp\/v2\/users\/1"}],"replies":[{"embeddable":true,"href":"https:\/\/www.vuncf.org\/index.php?rest_route=%2Fwp%2Fv2%2Fcomments&post=111"}],"version-history":[{"count":35,"href":"https:\/\/www.vuncf.org\/index.php?rest_route=\/wp\/v2\/pages\/111\/revisions"}],"predecessor-version":[{"id":116,"href":"https:\/\/www.vuncf.org\/index.php?rest_route=\/wp\/v2\/pages\/111\/revisions\/116"}],"wp:attachment":[{"href":"https:\/\/www.vuncf.org\/index.php?rest_route=%2Fwp%2Fv2%2Fmedia&parent=111"}],"curies":[{"name":"wp","href":"https:\/\/api.w.org\/{rel}","templated":true}]}}