{"id":1056,"date":"2013-08-02T16:32:13","date_gmt":"2013-08-02T14:32:13","guid":{"rendered":"http:\/\/www.vuncf.org\/?page_id=1056"},"modified":"2013-10-25T23:14:19","modified_gmt":"2013-10-25T21:14:19","slug":"hg-laffaire-dreyfus","status":"publish","type":"page","link":"https:\/\/www.vuncf.org\/?page_id=1056","title":{"rendered":"HG &#8211; L&rsquo;affaire Dreyfus"},"content":{"rendered":"<p>L&rsquo;affaire Dreyfus est l&rsquo;histoire d&rsquo;une caste, de sa violence, de son sentiment d&rsquo;impunit\u00e9.<\/p>\n<p>Elle r\u00e9v\u00e8le l&rsquo;antis\u00e9mitisme de la France. Mais ce sont ses d\u00e9fendeurs qui nous int\u00e9ressent : qui sont ils, pourquoi&#8230;<\/p>\n<p>Vous avez l&rsquo;occasion de connaitre ce qui n&rsquo;est plus qu&rsquo;un mythe historique aujourd&rsquo;hui.<\/p>\n<p>Prenez la le\u00e7on &#8211; celle-ci est rapide ! &#8211; et resituez les mentalit\u00e9, les prises de pouvoirs, la maladie du pouvoir et surtout, surtout, le profond m\u00e9pris des dominants sur les domin\u00e9s.<\/p>\n<h2>Dreyfus 1<\/h2>\n<p><video width=\"320\" height=\"180\" controls=\"controls\" autobuffer=\"\"><source src=\"\/video\/L_affaire_Dreyfus_(1)_Henri_Guillemin.mp4\" type=\"video\/mp4\" \/><source src=\"\/video\/L_affaire_Dreyfus_(1)_Henri_Guillemin.webm\" type=\"video\/webm\" \/><object width=\"320\" height=\"180\" classid=\"clsid:d27cdb6e-ae6d-11cf-96b8-444553540000\" codebase=\"http:\/\/download.macromedia.com\/pub\/shockwave\/cabs\/flash\/swflash.cab#version=6,0,40,0\"><param name=\"src\" value=\"https:\/\/www.vuncf.org\/wp-includes\/js\/tinymce\/plugins\/media\/moxieplayer.swf\" \/><param name=\"flashvars\" value=\"url=\/video\/L_affaire_Dreyfus_%281%29_Henri_Guillemin.mp4&amp;poster=\/wp-admin\/\" \/><param name=\"allowfullscreen\" value=\"true\" \/><param name=\"allowscriptaccess\" value=\"true\" \/><embed width=\"320\" height=\"180\" type=\"application\/x-shockwave-flash\" src=\"https:\/\/www.vuncf.org\/wp-includes\/js\/tinymce\/plugins\/media\/moxieplayer.swf\" flashvars=\"url=\/video\/L_affaire_Dreyfus_%281%29_Henri_Guillemin.mp4&amp;poster=\/wp-admin\/\" allowfullscreen=\"true\" allowscriptaccess=\"true\" \/><\/object><\/video><\/p>\n<p>&nbsp;<\/p>\n<h2>Dreyfus 2<\/h2>\n<p><video width=\"320\" height=\"180\" controls=\"controls\" autobuffer=\"\"><source src=\"\/video\/L_affaire_Dreyfus_(2)_Henri_Guillemin.mp4\" type=\"video\/mp4\" \/><source src=\"\/video\/L_affaire_Dreyfus_(2)_Henri_Guillemin.webm\" type=\"video\/webm\" \/><object width=\"320\" height=\"180\" classid=\"clsid:d27cdb6e-ae6d-11cf-96b8-444553540000\" codebase=\"http:\/\/download.macromedia.com\/pub\/shockwave\/cabs\/flash\/swflash.cab#version=6,0,40,0\"><param name=\"src\" value=\"https:\/\/www.vuncf.org\/wp-includes\/js\/tinymce\/plugins\/media\/moxieplayer.swf\" \/><param name=\"flashvars\" value=\"url=\/video\/L_affaire_Dreyfus_%282%29_Henri_Guillemin.mp4&amp;poster=\/wp-admin\/\" \/><param name=\"allowfullscreen\" value=\"true\" \/><param name=\"allowscriptaccess\" value=\"true\" \/><embed width=\"320\" height=\"180\" type=\"application\/x-shockwave-flash\" src=\"https:\/\/www.vuncf.org\/wp-includes\/js\/tinymce\/plugins\/media\/moxieplayer.swf\" flashvars=\"url=\/video\/L_affaire_Dreyfus_%282%29_Henri_Guillemin.mp4&amp;poster=\/wp-admin\/\" allowfullscreen=\"true\" allowscriptaccess=\"true\" \/><\/object><\/video><\/p>\n<p>&nbsp;<\/p>\n<p>&nbsp;<\/p>\n<h2>Dreyfus 3<\/h2>\n<p><video width=\"320\" height=\"180\" controls=\"controls\" autobuffer=\"\"><source src=\"\/video\/L_affaire_Dreyfus_(3)_Henri_Guillemin.mp4\" type=\"video\/mp4\" \/><source src=\"\/video\/L_affaire_Dreyfus_(3)_Henri_Guillemin.webm\" type=\"video\/webm\" \/><object width=\"320\" height=\"180\" classid=\"clsid:d27cdb6e-ae6d-11cf-96b8-444553540000\" codebase=\"http:\/\/download.macromedia.com\/pub\/shockwave\/cabs\/flash\/swflash.cab#version=6,0,40,0\"><param name=\"src\" value=\"https:\/\/www.vuncf.org\/wp-includes\/js\/tinymce\/plugins\/media\/moxieplayer.swf\" \/><param name=\"flashvars\" value=\"url=\/video\/L_affaire_Dreyfus_%283%29_Henri_Guillemin.mp4&amp;poster=\/wp-admin\/\" \/><param name=\"allowfullscreen\" value=\"true\" \/><param name=\"allowscriptaccess\" value=\"true\" \/><embed width=\"320\" height=\"180\" type=\"application\/x-shockwave-flash\" src=\"https:\/\/www.vuncf.org\/wp-includes\/js\/tinymce\/plugins\/media\/moxieplayer.swf\" flashvars=\"url=\/video\/L_affaire_Dreyfus_%283%29_Henri_Guillemin.mp4&amp;poster=\/wp-admin\/\" allowfullscreen=\"true\" allowscriptaccess=\"true\" \/><\/object><\/video><\/p>\n<p>&nbsp;<\/p>\n<p>&nbsp;<\/p>\n","protected":false},"excerpt":{"rendered":"<p>L&rsquo;affaire Dreyfus est l&rsquo;histoire d&rsquo;une caste, de sa violence, de son sentiment d&rsquo;impunit\u00e9. Elle r\u00e9v\u00e8le l&rsquo;antis\u00e9mitisme de la France. Mais ce sont ses d\u00e9fendeurs qui nous int\u00e9ressent : qui sont ils, pourquoi&#8230; Vous avez l&rsquo;occasion de connaitre ce qui n&rsquo;est plus qu&rsquo;un mythe historique aujourd&rsquo;hui. Prenez la le\u00e7on &#8211; celle-ci est rapide ! &#8211; et [&hellip;]<\/p>\n","protected":false},"author":1,"featured_media":0,"parent":0,"menu_order":0,"comment_status":"open","ping_status":"closed","template":"","meta":{"footnotes":""},"class_list":["post-1056","page","type-page","status-publish","hentry"],"_links":{"self":[{"href":"https:\/\/www.vuncf.org\/index.php?rest_route=\/wp\/v2\/pages\/1056","targetHints":{"allow":["GET"]}}],"collection":[{"href":"https:\/\/www.vuncf.org\/index.php?rest_route=\/wp\/v2\/pages"}],"about":[{"href":"https:\/\/www.vuncf.org\/index.php?rest_route=\/wp\/v2\/types\/page"}],"author":[{"embeddable":true,"href":"https:\/\/www.vuncf.org\/index.php?rest_route=\/wp\/v2\/users\/1"}],"replies":[{"embeddable":true,"href":"https:\/\/www.vuncf.org\/index.php?rest_route=%2Fwp%2Fv2%2Fcomments&post=1056"}],"version-history":[{"count":8,"href":"https:\/\/www.vuncf.org\/index.php?rest_route=\/wp\/v2\/pages\/1056\/revisions"}],"predecessor-version":[{"id":2015,"href":"https:\/\/www.vuncf.org\/index.php?rest_route=\/wp\/v2\/pages\/1056\/revisions\/2015"}],"wp:attachment":[{"href":"https:\/\/www.vuncf.org\/index.php?rest_route=%2Fwp%2Fv2%2Fmedia&parent=1056"}],"curies":[{"name":"wp","href":"https:\/\/api.w.org\/{rel}","templated":true}]}}