{"id":1042,"date":"2013-08-02T15:03:36","date_gmt":"2013-08-02T13:03:36","guid":{"rendered":"http:\/\/www.vuncf.org\/?page_id=1042"},"modified":"2019-01-27T21:29:05","modified_gmt":"2019-01-27T20:29:05","slug":"frank-lepage-et-ses-bebes","status":"publish","type":"page","link":"https:\/\/www.vuncf.org\/?page_id=1042","title":{"rendered":"Education populaire  Frank Lepage"},"content":{"rendered":"<p>Alors l\u00e0, vous allez vous d\u00e9tendre !<\/p>\n<p>Mais pas que.<\/p>\n<p>Frank Lepage est un ex-travailleur social. Il a dig\u00e9r\u00e9 le syst\u00e8me et choisi une autre activit\u00e9. Comme il l&rsquo;explique tr\u00e8s bien dans ses conf\u00e9rences, je ne m&rsquo;\u00e9tendrai pas.<\/p>\n<p>Il anime un collectif, qui a prit la forme juridique d&rsquo;une SCOP (coop\u00e9rative ouvri\u00e8re de production).<\/p>\n<p>Cette scop est une soci\u00e9t\u00e9 \u00ab\u00a0animation et spectacle\u00a0\u00bb. Il a invent\u00e9 le concept de<strong> \u00ab\u00a0Conf\u00e9rence gesticul\u00e9e\u00a0\u00bb.<\/strong><\/p>\n<p>En r\u00e9sum\u00e9 : le sujet est grave, mais on se marre quand m\u00eame. Mais c&rsquo;est s\u00e9rieux. Mais on se marre.<\/p>\n<p>Voici donc les principales conf\u00e9rences gesticul\u00e9es.<\/p>\n<h2>1) L&rsquo;\u00e9ducation populaire : comment une belle id\u00e9e sombre par la fureur des poss\u00e9dants qui pr\u00e9f\u00e8rent des travailleurs cons et ob\u00e9issants<\/h2>\n<p><video controls=\"controls\" width=\"320\" height=\"180\"><source src=\"\/video\/Inculture(s)_1_La_culture_Franck_Lepage_Scop_Le_Pave_Conference_gesticulee.mp4\" type=\"video\/mp4\" \/><source src=\"\/video\/Inculture(s)_1_La_culture_Franck_Lepage_Scop_Le_Pave_Conference_gesticulee.webm\" type=\"video\/webm\" \/><object width=\"320\" height=\"180\" classid=\"clsid:d27cdb6e-ae6d-11cf-96b8-444553540000\" codebase=\"http:\/\/download.macromedia.com\/pub\/shockwave\/cabs\/flash\/swflash.cab#version=6,0,40,0\"><param name=\"src\" value=\"https:\/\/www.vuncf.org\/wp-includes\/js\/tinymce\/plugins\/media\/moxieplayer.swf\" \/><param name=\"br\" value=\"\" \/><param name=\"flashvars\" value=\"url=\/video\/Inculture%28s%29_1_La_culture_Franck_Lepage_Scop_Le_Pave_Conference_gesticulee.mp4&amp;poster=\/wp-admin\/\" \/><param name=\"allowfullscreen\" value=\"true\" \/><param name=\"allowscriptaccess\" value=\"true\" \/><embed width=\"320\" height=\"180\" type=\"application\/x-shockwave-flash\" src=\"https:\/\/www.vuncf.org\/wp-includes\/js\/tinymce\/plugins\/media\/moxieplayer.swf\" br=\"\" flashvars=\"url=\/video\/Inculture%28s%29_1_La_culture_Franck_Lepage_Scop_Le_Pave_Conference_gesticulee.mp4&amp;poster=\/wp-admin\/\" allowfullscreen=\"allowfullscreen\" allowscriptaccess=\"true\" \/><\/object><\/video><br \/>\n&nbsp;<br \/>\n&nbsp;<\/p>\n<h2>\u00a02) Education Nationale : Acte 1<\/h2>\n<p><video controls=\"controls\" width=\"320\" height=\"180\"><source src=\"\/video\/FLI2Part1.mp4\" type=\"video\/mp4\" \/><source src=\"\/video\/FLI2Part1.webm\" type=\"video\/webm\" \/><object width=\"320\" height=\"180\" classid=\"clsid:d27cdb6e-ae6d-11cf-96b8-444553540000\" codebase=\"http:\/\/download.macromedia.com\/pub\/shockwave\/cabs\/flash\/swflash.cab#version=6,0,40,0\"><param name=\"src\" value=\"https:\/\/www.vuncf.org\/wp-includes\/js\/tinymce\/plugins\/media\/moxieplayer.swf\" \/><param name=\"br\" value=\"\" \/><param name=\"flashvars\" value=\"url=\/video\/FLI2Part1.mp4&amp;poster=\/wp-admin\/\" \/><param name=\"allowfullscreen\" value=\"true\" \/><param name=\"allowscriptaccess\" value=\"true\" \/><embed width=\"320\" height=\"180\" type=\"application\/x-shockwave-flash\" src=\"https:\/\/www.vuncf.org\/wp-includes\/js\/tinymce\/plugins\/media\/moxieplayer.swf\" br=\"\" flashvars=\"url=\/video\/FLI2Part1.mp4&amp;poster=\/wp-admin\/\" allowfullscreen=\"allowfullscreen\" allowscriptaccess=\"true\" \/><\/object><\/video><\/p>\n<h2> 2) Education Nationale : Acte 2<\/h2>\n<p><video controls=\"controls\" width=\"320\" height=\"180\"><source src=\"\/video\/FLI2Part2.mp4\" type=\"video\/mp4\" \/><source src=\"\/video\/FLI2Part2.webm\" type=\"video\/webm\" \/><object width=\"320\" height=\"180\" classid=\"clsid:d27cdb6e-ae6d-11cf-96b8-444553540000\" codebase=\"http:\/\/download.macromedia.com\/pub\/shockwave\/cabs\/flash\/swflash.cab#version=6,0,40,0\"><param name=\"src\" value=\"https:\/\/www.vuncf.org\/wp-includes\/js\/tinymce\/plugins\/media\/moxieplayer.swf\" \/><param name=\"br\" value=\"\" \/><param name=\"flashvars\" value=\"url=\/video\/FLI2Part2.mp4&amp;poster=\/wp-admin\/\" \/><param name=\"allowfullscreen\" value=\"true\" \/><param name=\"allowscriptaccess\" value=\"true\" \/><embed width=\"320\" height=\"180\" type=\"application\/x-shockwave-flash\" src=\"https:\/\/www.vuncf.org\/wp-includes\/js\/tinymce\/plugins\/media\/moxieplayer.swf\" br=\"\" flashvars=\"url=\/video\/FLI2Part2.mp4&amp;poster=\/wp-admin\/\" allowfullscreen=\"allowfullscreen\" allowscriptaccess=\"true\" \/><\/object><\/video><\/p>\n<p>&nbsp;<\/p>\n<h2>5) Travail, salaire, syndicats : Une pr\u00e9sentation salutaire. Arr\u00eatez de dire que vous n&rsquo;y connaissez rien ! Maintenant ce n&rsquo;est plus possible.<\/h2>\n<p><video controls=\"controls\" width=\"320\" height=\"180\"><source src=\"\/video\/Incultures_5_Le_travail_Franck_Lepage_Ga\u00ebl_Tanguy_Scop_Le_Pave_Conference_gesticulee.mp4\" type=\"video\/mp4\" \/><source src=\"\/video\/Incultures_5_Le_travail_Franck_Lepage_Ga\u00ebl_Tanguy_Scop_Le_Pave_Conference_gesticulee.webm\" type=\"video\/webm\" \/><object width=\"320\" height=\"180\" classid=\"clsid:d27cdb6e-ae6d-11cf-96b8-444553540000\" codebase=\"http:\/\/download.macromedia.com\/pub\/shockwave\/cabs\/flash\/swflash.cab#version=6,0,40,0\"><param name=\"src\" value=\"https:\/\/www.vuncf.org\/wp-includes\/js\/tinymce\/plugins\/media\/moxieplayer.swf\" \/><param name=\"flashvars\" value=\"url=\/video\/Incultures_5_Le_travail_Franck_Lepage_Ga%EBl_Tanguy_Scop_Le_Pave_Conference_gesticulee.mp4&amp;poster=\/wp-admin\/\" \/><param name=\"allowfullscreen\" value=\"true\" \/><param name=\"allowscriptaccess\" value=\"true\" \/><embed width=\"320\" height=\"180\" type=\"application\/x-shockwave-flash\" src=\"https:\/\/www.vuncf.org\/wp-includes\/js\/tinymce\/plugins\/media\/moxieplayer.swf\" flashvars=\"url=\/video\/Incultures_5_Le_travail_Franck_Lepage_Ga%EBl_Tanguy_Scop_Le_Pave_Conference_gesticulee.mp4&amp;poster=\/wp-admin\/\" allowfullscreen=\"allowfullscreen\" allowscriptaccess=\"true\" \/><\/object><\/video><\/p>\n<p>&nbsp;<\/p>\n<p>&nbsp;<\/p>\n<h2>8)\u00a0 L&rsquo;eau, \u00e7a chie !<\/h2>\n<p><video controls=\"controls\" width=\"320\" height=\"180\"><source src=\"\/video\/Incultures_8_L_eau_\u00e7a_chie._Anthony_Brault_Samuel_Lanoe_Scop_Le_Pave_Conference_gesticule.mp4\" type=\"video\/mp4\" \/><source src=\"\/video\/Incultures_8_L_eau_\u00e7a_chie._Anthony_Brault_Samuel_Lanoe_Scop_Le_Pave_Conference_gesticule.webm\" type=\"video\/webm\" \/><object width=\"320\" height=\"180\" classid=\"clsid:d27cdb6e-ae6d-11cf-96b8-444553540000\" codebase=\"http:\/\/download.macromedia.com\/pub\/shockwave\/cabs\/flash\/swflash.cab#version=6,0,40,0\"><param name=\"src\" value=\"https:\/\/www.vuncf.org\/wp-includes\/js\/tinymce\/plugins\/media\/moxieplayer.swf\" \/><param name=\"flashvars\" value=\"url=\/video\/Incultures_8_L_eau_%E7a_chie._Anthony_Brault_Samuel_Lanoe_Scop_Le_Pave_Conference_gesticule.mp4&amp;poster=\/wp-admin\/\" \/><param name=\"allowfullscreen\" value=\"true\" \/><param name=\"allowscriptaccess\" value=\"true\" \/><embed width=\"320\" height=\"180\" type=\"application\/x-shockwave-flash\" src=\"https:\/\/www.vuncf.org\/wp-includes\/js\/tinymce\/plugins\/media\/moxieplayer.swf\" flashvars=\"url=\/video\/Incultures_8_L_eau_%E7a_chie._Anthony_Brault_Samuel_Lanoe_Scop_Le_Pave_Conference_gesticule.mp4&amp;poster=\/wp-admin\/\" allowfullscreen=\"allowfullscreen\" allowscriptaccess=\"true\" \/><\/object><\/video><\/p>\n<p>&nbsp;<\/p>\n<h2>9) Le Management.<\/h2>\n<p><video controls=\"controls\" width=\"320\" height=\"180\"><source src=\"\/video\/Inculture(s)_9_Le_Management_Anna\u00efg_Mesnil_Alexia_Morvan_Scop_Le_Pave_Conference.mp4\" type=\"video\/mp4\" \/><source src=\"\/video\/Inculture(s)_9_Le_Management_Anna\u00efg_Mesnil_Alexia_Morvan_Scop_Le_Pave_Conference.webm\" type=\"video\/webm\" \/><object width=\"320\" height=\"180\" classid=\"clsid:d27cdb6e-ae6d-11cf-96b8-444553540000\" codebase=\"http:\/\/download.macromedia.com\/pub\/shockwave\/cabs\/flash\/swflash.cab#version=6,0,40,0\"><param name=\"src\" value=\"https:\/\/www.vuncf.org\/wp-includes\/js\/tinymce\/plugins\/media\/moxieplayer.swf\" \/><param name=\"flashvars\" value=\"url=\/video\/Inculture%28s%29_9_Le_Management_Anna%EFg_Mesnil_Alexia_Morvan_Scop_Le_Pave_Conference.mp4&amp;poster=\/wp-admin\/\" \/><param name=\"allowfullscreen\" value=\"true\" \/><param name=\"allowscriptaccess\" value=\"true\" \/><embed width=\"320\" height=\"180\" type=\"application\/x-shockwave-flash\" src=\"https:\/\/www.vuncf.org\/wp-includes\/js\/tinymce\/plugins\/media\/moxieplayer.swf\" flashvars=\"url=\/video\/Inculture%28s%29_9_Le_Management_Anna%EFg_Mesnil_Alexia_Morvan_Scop_Le_Pave_Conference.mp4&amp;poster=\/wp-admin\/\" allowfullscreen=\"allowfullscreen\" allowscriptaccess=\"true\" \/><\/object><\/video><\/p>\n<p>&nbsp;<\/p>\n","protected":false},"excerpt":{"rendered":"<p>Alors l\u00e0, vous allez vous d\u00e9tendre ! Mais pas que. Frank Lepage est un ex-travailleur social. Il a dig\u00e9r\u00e9 le syst\u00e8me et choisi une autre activit\u00e9. Comme il l&rsquo;explique tr\u00e8s bien dans ses conf\u00e9rences, je ne m&rsquo;\u00e9tendrai pas. Il anime un collectif, qui a prit la forme juridique d&rsquo;une SCOP (coop\u00e9rative ouvri\u00e8re de production). Cette [&hellip;]<\/p>\n","protected":false},"author":1,"featured_media":0,"parent":0,"menu_order":0,"comment_status":"open","ping_status":"closed","template":"","meta":{"footnotes":""},"class_list":["post-1042","page","type-page","status-publish","hentry"],"_links":{"self":[{"href":"https:\/\/www.vuncf.org\/index.php?rest_route=\/wp\/v2\/pages\/1042","targetHints":{"allow":["GET"]}}],"collection":[{"href":"https:\/\/www.vuncf.org\/index.php?rest_route=\/wp\/v2\/pages"}],"about":[{"href":"https:\/\/www.vuncf.org\/index.php?rest_route=\/wp\/v2\/types\/page"}],"author":[{"embeddable":true,"href":"https:\/\/www.vuncf.org\/index.php?rest_route=\/wp\/v2\/users\/1"}],"replies":[{"embeddable":true,"href":"https:\/\/www.vuncf.org\/index.php?rest_route=%2Fwp%2Fv2%2Fcomments&post=1042"}],"version-history":[{"count":13,"href":"https:\/\/www.vuncf.org\/index.php?rest_route=\/wp\/v2\/pages\/1042\/revisions"}],"predecessor-version":[{"id":1047,"href":"https:\/\/www.vuncf.org\/index.php?rest_route=\/wp\/v2\/pages\/1042\/revisions\/1047"}],"wp:attachment":[{"href":"https:\/\/www.vuncf.org\/index.php?rest_route=%2Fwp%2Fv2%2Fmedia&parent=1042"}],"curies":[{"name":"wp","href":"https:\/\/api.w.org\/{rel}","templated":true}]}}