{"id":1032,"date":"2013-08-02T14:18:45","date_gmt":"2013-08-02T12:18:45","guid":{"rendered":"http:\/\/www.vuncf.org\/?page_id=1032"},"modified":"2016-12-04T05:08:57","modified_gmt":"2016-12-04T04:08:57","slug":"bernard-friot","status":"publish","type":"page","link":"https:\/\/www.vuncf.org\/?page_id=1032","title":{"rendered":"Salaire, cotisation, rapports de force : Bernard Friot &#038; R\u00e9seau-Salariat"},"content":{"rendered":"<p>Bernard Friot travaille sur tout ce qui touche aux salaires et aux retraites. Comment \u00e7a marche, par o\u00f9 passent les sous, tout \u00e7a.<\/p>\n<p>En extrapolant certain cas, comme celui des fonctionnaires par exemple, il s&rsquo;est aper\u00e7u qu&rsquo;un nombre important de travailleurs \u00e9taient quasiment salari\u00e9 \u00ab\u00a0a vie\u00a0\u00bb.<\/p>\n<p>Et que cela fonctionnait tr\u00e8s bien. Il d\u00e9montre que la situation actuelle est un choix parmi d&rsquo;autre, choix laiss\u00e9 exclusivement aux employeurs priv\u00e9s.<\/p>\n<p>Il propose \u00e9galement une toute nouvelle approche du sujet : le salaire \u00e0 vie h\u00e9risse les poils des poss\u00e9dants, car il sugg\u00e8re de retirer le <em>travail<\/em> du march\u00e9 priv\u00e9.<\/p>\n<p>Pas l&rsquo;activit\u00e9 des employeurs ! Juste le bizness de la chair \u00e0 boulot. Non pas en confiant \u00e0 l&rsquo;\u00e9tat la charge de donner du boulot \u00e0 tout le monde, mais en \u00e9tendant le champs de la cotisation.<\/p>\n<p>Rassurez vous donc, Monsieur Friot n&rsquo;est pas un collectiviste d\u00e9jant\u00e9. J&rsquo;ose affirmer que Mr Friot est un \u00ab\u00a0super-mutualiste\u00a0\u00bb. Comme on penserai le \u00ab\u00a0mutualisme\u00a0\u00bb par opposition au \u00ab\u00a0capitalisme\u00a0\u00bb, ou au \u00ab\u00a0communisme\u00a0\u00bb.<\/p>\n<p>Il est absolument indispensable d&rsquo;examiner soigneusement ses propositions, car si cela ne rel\u00e8ve pas sp\u00e9cialement de la constitution, cela devient vite un sujet br\u00fblant.<\/p>\n<p>Pour le dire autrement, en refaisant la constitution dans l&rsquo;axe \u00ab\u00a0d\u00e9mocratique ath\u00e9nien\u00a0\u00bb, Friot vient juste apr\u00e8s.<\/p>\n<p>Et ses r\u00e9flexions doivent \u00eatre dans votre t\u00eate quand vous pensez la \u00ab\u00a0constitution sociale\u00a0\u00bb.<\/p>\n<p>Une derni\u00e8re pr\u00e9cision : \u00ab\u00a0salaire \u00e0 vie\u00a0\u00bb et \u00ab\u00a0revenu de base\u00a0\u00bb ne sont pas du tout la m\u00eame chose. Friot parle du \u00ab\u00a0salaire \u00e0 vie\u00a0\u00bb, et apparemment, les tenants du \u00ab\u00a0revenu de base\u00a0\u00bb lui en veulent \u00e0 mort.<\/p>\n<p>Biblio :<\/p>\n<p><i>L\u2019Enjeu du salaire<\/i>, 2012, \u00e9d. La Dispute<\/p>\n<p><i>L\u2019Enjeu des retraites<\/i>, 2010, \u00e9d. La Dispute<\/p>\n<p><a title=\"Friot\" href=\"http:\/\/www.france.attac.org\/cs\/spip.php?page=revue-cs&amp;id_article=1308&amp;id_newsletter=1\" target=\"_blank\">Ici, sur le site d&rsquo;Attac, un article utile pour comprendre<\/a><\/p>\n<p>&nbsp;<\/p>\n<h2>La conf\u00e9rence gesticul\u00e9e<\/h2>\n<p><video controls=\"controls\" width=\"320\" height=\"180\"><source src=\"\/video\/Bernard_Friot_La_conference_gesticulee-low.mp4\" type=\"video\/mp4\" \/><source src=\"\/video\/Bernard_Friot_La_conference_gesticulee-low.webm\" type=\"video\/webm\" \/><object width=\"320\" height=\"180\" classid=\"clsid:d27cdb6e-ae6d-11cf-96b8-444553540000\" codebase=\"http:\/\/download.macromedia.com\/pub\/shockwave\/cabs\/flash\/swflash.cab#version=6,0,40,0\"><param name=\"src\" value=\"https:\/\/www.vuncf.org\/wp-includes\/js\/tinymce\/plugins\/media\/moxieplayer.swf\" \/><param name=\"flashvars\" value=\"url=\/video\/Bernard_Friot_La_conference_gesticulee-low.mp4&amp;poster=\/wp-admin\/\" \/><param name=\"allowfullscreen\" value=\"true\" \/><param name=\"allowscriptaccess\" value=\"true\" \/><embed width=\"320\" height=\"180\" type=\"application\/x-shockwave-flash\" src=\"https:\/\/www.vuncf.org\/wp-includes\/js\/tinymce\/plugins\/media\/moxieplayer.swf\" flashvars=\"url=\/video\/Bernard_Friot_La_conference_gesticulee-low.mp4&amp;poster=\/wp-admin\/\" allowfullscreen=\"allowfullscreen\" allowscriptaccess=\"true\" \/><\/object><\/video><\/p>\n<p>&nbsp;<\/p>\n<h2>La r\u00e9volution du salaire \u00e0 vie<\/h2>\n<p><video controls=\"controls\" width=\"320\" height=\"180\"><source src=\"\/video\/Entretien_avec_Bernard_Friot_La_revolution_du_salaire_\u00e0_vie.mp4\" type=\"video\/mp4\" \/><source src=\"\/video\/Entretien_avec_Bernard_Friot_La_revolution_du_salaire_\u00e0_vie.webm\" type=\"video\/webm\" \/><object width=\"320\" height=\"180\" classid=\"clsid:d27cdb6e-ae6d-11cf-96b8-444553540000\" codebase=\"http:\/\/download.macromedia.com\/pub\/shockwave\/cabs\/flash\/swflash.cab#version=6,0,40,0\"><param name=\"src\" value=\"https:\/\/www.vuncf.org\/wp-includes\/js\/tinymce\/plugins\/media\/moxieplayer.swf\" \/><param name=\"flashvars\" value=\"url=\/video\/Entretien_avec_Bernard_Friot_La_revolution_du_salaire_%E0_vie.mp4&amp;poster=\/wp-admin\/\" \/><param name=\"allowfullscreen\" value=\"true\" \/><param name=\"allowscriptaccess\" value=\"true\" \/><embed width=\"320\" height=\"180\" type=\"application\/x-shockwave-flash\" src=\"https:\/\/www.vuncf.org\/wp-includes\/js\/tinymce\/plugins\/media\/moxieplayer.swf\" flashvars=\"url=\/video\/Entretien_avec_Bernard_Friot_La_revolution_du_salaire_%E0_vie.mp4&amp;poster=\/wp-admin\/\" allowfullscreen=\"allowfullscreen\" allowscriptaccess=\"true\" \/><\/object><\/video><\/p>\n<p>&nbsp;<\/p>\n<p>&nbsp;<\/p>\n<h2>Salaire et retraite : l&#8217;employeur frappe deux fois<\/h2>\n<p><video controls=\"controls\" width=\"320\" height=\"180\"><source src=\"\/video\/Salaire_retraite_l_employeur_frappe_toujours_deux_fois_Bernard_Friot.mp4\" type=\"video\/mp4\" \/><source src=\"\/video\/Salaire_retraite_l_employeur_frappe_toujours_deux_fois_Bernard_Friot.webm\" type=\"video\/webm\" \/><object width=\"320\" height=\"180\" classid=\"clsid:d27cdb6e-ae6d-11cf-96b8-444553540000\" codebase=\"http:\/\/download.macromedia.com\/pub\/shockwave\/cabs\/flash\/swflash.cab#version=6,0,40,0\"><param name=\"src\" value=\"https:\/\/www.vuncf.org\/wp-includes\/js\/tinymce\/plugins\/media\/moxieplayer.swf\" \/><param name=\"flashvars\" value=\"url=\/video\/Salaire_retraite_l_employeur_frappe_toujours_deux_fois_Bernard_Friot.mp4&amp;poster=\/wp-admin\/\" \/><param name=\"allowfullscreen\" value=\"true\" \/><param name=\"allowscriptaccess\" value=\"true\" \/><embed width=\"320\" height=\"180\" type=\"application\/x-shockwave-flash\" src=\"https:\/\/www.vuncf.org\/wp-includes\/js\/tinymce\/plugins\/media\/moxieplayer.swf\" flashvars=\"url=\/video\/Salaire_retraite_l_employeur_frappe_toujours_deux_fois_Bernard_Friot.mp4&amp;poster=\/wp-admin\/\" allowfullscreen=\"allowfullscreen\" allowscriptaccess=\"true\" \/><\/object><\/video><\/p>\n<h2><\/h2>\n<h2>R\u00e9seau-Salariat<\/h2>\n<p>C&rsquo;est un fan-club de chercheurs qui \u00e9tendent l&rsquo;action de Friot. On a tendance \u00e0 stariser Friot, n&rsquo;y voyez l\u00e0 aucune connotation p\u00e9jorative, mais le R\u00e9seau-Salariat\u00a0 qu&rsquo;il inspire est tout aussi fertile, et ses membres sont de la m\u00eame trempe.<\/p>\n<p>Nous avons s\u00e9lectionn\u00e9 une conf\u00e9rence formidable, tr\u00e8s compl\u00e8te. A ne pas manquer donc.<\/p>\n<p>&nbsp;<\/p>\n<h2>L&rsquo;enjeu du salaire et de la cotisation sociale Reseau Salariat<\/h2>\n<p><video controls=\"controls\" width=\"320\" height=\"180\"><source src=\"\/video\/Lenjeu du salaire et de la cotisation sociale Reseau Salariat.mp4\" type=\"video\/mp4\" \/><source src=\"\/video\/Lenjeu du salaire et de la cotisation sociale Reseau Salariat.webm\" type=\"video\/webm\" \/><object width=\"320\" height=\"180\" classid=\"clsid:d27cdb6e-ae6d-11cf-96b8-444553540000\" codebase=\"http:\/\/download.macromedia.com\/pub\/shockwave\/cabs\/flash\/swflash.cab#version=6,0,40,0\"><param name=\"src\" value=\"https:\/\/www.vuncf.org\/wp-includes\/js\/tinymce\/plugins\/media\/moxieplayer.swf\" \/><param name=\"flashvars\" value=\"url=\/video\/Lenjeu%20du%20salaire%20et%20de%20la%20cotisation%20sociale%20Reseau%20Salariat.mp4&amp;poster=\/wp-admin\/\" \/><param name=\"allowfullscreen\" value=\"true\" \/><param name=\"allowscriptaccess\" value=\"true\" \/><embed width=\"320\" height=\"180\" type=\"application\/x-shockwave-flash\" src=\"https:\/\/www.vuncf.org\/wp-includes\/js\/tinymce\/plugins\/media\/moxieplayer.swf\" flashvars=\"url=\/video\/Lenjeu%20du%20salaire%20et%20de%20la%20cotisation%20sociale%20Reseau%20Salariat.mp4&amp;poster=\/wp-admin\/\" allowfullscreen=\"allowfullscreen\" allowscriptaccess=\"true\" \/><\/object><\/video><\/p>\n<h2><\/h2>\n<p>&nbsp;<\/p>\n","protected":false},"excerpt":{"rendered":"<p>Bernard Friot travaille sur tout ce qui touche aux salaires et aux retraites. Comment \u00e7a marche, par o\u00f9 passent les sous, tout \u00e7a. En extrapolant certain cas, comme celui des fonctionnaires par exemple, il s&rsquo;est aper\u00e7u qu&rsquo;un nombre important de travailleurs \u00e9taient quasiment salari\u00e9 \u00ab\u00a0a vie\u00a0\u00bb. Et que cela fonctionnait tr\u00e8s bien. Il d\u00e9montre que [&hellip;]<\/p>\n","protected":false},"author":1,"featured_media":0,"parent":0,"menu_order":0,"comment_status":"open","ping_status":"closed","template":"","meta":{"footnotes":""},"class_list":["post-1032","page","type-page","status-publish","hentry"],"_links":{"self":[{"href":"https:\/\/www.vuncf.org\/index.php?rest_route=\/wp\/v2\/pages\/1032","targetHints":{"allow":["GET"]}}],"collection":[{"href":"https:\/\/www.vuncf.org\/index.php?rest_route=\/wp\/v2\/pages"}],"about":[{"href":"https:\/\/www.vuncf.org\/index.php?rest_route=\/wp\/v2\/types\/page"}],"author":[{"embeddable":true,"href":"https:\/\/www.vuncf.org\/index.php?rest_route=\/wp\/v2\/users\/1"}],"replies":[{"embeddable":true,"href":"https:\/\/www.vuncf.org\/index.php?rest_route=%2Fwp%2Fv2%2Fcomments&post=1032"}],"version-history":[{"count":15,"href":"https:\/\/www.vuncf.org\/index.php?rest_route=\/wp\/v2\/pages\/1032\/revisions"}],"predecessor-version":[{"id":3258,"href":"https:\/\/www.vuncf.org\/index.php?rest_route=\/wp\/v2\/pages\/1032\/revisions\/3258"}],"wp:attachment":[{"href":"https:\/\/www.vuncf.org\/index.php?rest_route=%2Fwp%2Fv2%2Fmedia&parent=1032"}],"curies":[{"name":"wp","href":"https:\/\/api.w.org\/{rel}","templated":true}]}}