{"id":1005,"date":"2013-08-01T18:08:04","date_gmt":"2013-08-01T16:08:04","guid":{"rendered":"http:\/\/www.vuncf.org\/?page_id=1005"},"modified":"2013-10-25T22:53:26","modified_gmt":"2013-10-25T20:53:26","slug":"hg-napoleon","status":"publish","type":"page","link":"https:\/\/www.vuncf.org\/?page_id=1005","title":{"rendered":"HG &#8211; Napol\u00e9on : une mystification."},"content":{"rendered":"<p>Napol\u00e9on : l&rsquo;exemple de la mystification r\u00e9ussie.<br \/>\nOu comment transformer un dictateur autocrate assoiff\u00e9 d&rsquo;argent en h\u00e9ros national.<\/p>\n<h2>Le faux d\u00e9part<\/h2>\n<p><video width=\"320\" height=\"180\" controls=\"controls\" autobuffer=\"\"><source src=\"\/video\/Napoleon_(1)_Le_faux_depart_Henri_Guillemin.mp4\" type=\"video\/mp4\" \/><source src=\"\/video\/Napoleon_(1)_Le_faux_depart_Henri_Guillemin.webm\" type=\"video\/webm\" \/><object width=\"320\" height=\"180\" classid=\"clsid:d27cdb6e-ae6d-11cf-96b8-444553540000\" codebase=\"http:\/\/download.macromedia.com\/pub\/shockwave\/cabs\/flash\/swflash.cab#version=6,0,40,0\"><param name=\"src\" value=\"https:\/\/www.vuncf.org\/wp-includes\/js\/tinymce\/plugins\/media\/moxieplayer.swf\" \/><param name=\"flashvars\" value=\"url=\/video\/Napoleon_%281%29_Le_faux_depart_Henri_Guillemin.mp4&amp;poster=\/wp-admin\/\" \/><param name=\"allowfullscreen\" value=\"true\" \/><param name=\"allowscriptaccess\" value=\"true\" \/><embed width=\"320\" height=\"180\" type=\"application\/x-shockwave-flash\" src=\"https:\/\/www.vuncf.org\/wp-includes\/js\/tinymce\/plugins\/media\/moxieplayer.swf\" flashvars=\"url=\/video\/Napoleon_%281%29_Le_faux_depart_Henri_Guillemin.mp4&amp;poster=\/wp-admin\/\" allowfullscreen=\"true\" allowscriptaccess=\"true\" \/><\/object><\/video><\/p>\n<p>&nbsp;<\/p>\n<p>&nbsp;<\/p>\n<h2>Les d\u00e9buts de l&rsquo;escalade<\/h2>\n<p><video width=\"320\" height=\"180\" ontrols=\"controls\" autobuffer=\"\"><source src=\"\/video\/Napoleon_(2)_Les_debuts_de_l_escalade_Henri_Guillemin.mp4\" type=\"video\/mp4\" \/><source src=\"\/video\/Napoleon_(2)_Les_debuts_de_l_escalade_Henri_Guillemin.webm\" type=\"video\/webm\" \/><object width=\"320\" height=\"180\" classid=\"clsid:d27cdb6e-ae6d-11cf-96b8-444553540000\" codebase=\"http:\/\/download.macromedia.com\/pub\/shockwave\/cabs\/flash\/swflash.cab#version=6,0,40,0\"><param name=\"src\" value=\"https:\/\/www.vuncf.org\/wp-includes\/js\/tinymce\/plugins\/media\/moxieplayer.swf\" \/><param name=\"flashvars\" value=\"url=\/video\/Napoleon_%282%29_Les_debuts_de_l_escalade_Henri_Guillemin.mp4&amp;poster=\/wp-admin\/\" \/><param name=\"allowfullscreen\" value=\"true\" \/><param name=\"allowscriptaccess\" value=\"true\" \/><embed width=\"320\" height=\"180\" type=\"application\/x-shockwave-flash\" src=\"https:\/\/www.vuncf.org\/wp-includes\/js\/tinymce\/plugins\/media\/moxieplayer.swf\" flashvars=\"url=\/video\/Napoleon_%282%29_Les_debuts_de_l_escalade_Henri_Guillemin.mp4&amp;poster=\/wp-admin\/\" allowfullscreen=\"true\" allowscriptaccess=\"true\" \/><\/object><\/video><\/p>\n<p>&nbsp;<\/p>\n<p>&nbsp;<\/p>\n<h2>Le militaire abusif<\/h2>\n<p><video width=\"320\" height=\"180\" controls=\"controls\" autobuffer=\"\"><source src=\"\/video\/Napoleon_(3)_Le_militaire_abusif_Henri_Guillemin.mp4\" type=\"video\/mp4\" \/><source src=\"\/video\/Napoleon_(3)_Le_militaire_abusif_Henri_Guillemin.webm\" type=\"video\/webm\" \/><object width=\"320\" height=\"180\" classid=\"clsid:d27cdb6e-ae6d-11cf-96b8-444553540000\" codebase=\"http:\/\/download.macromedia.com\/pub\/shockwave\/cabs\/flash\/swflash.cab#version=6,0,40,0\"><param name=\"src\" value=\"https:\/\/www.vuncf.org\/wp-includes\/js\/tinymce\/plugins\/media\/moxieplayer.swf\" \/><param name=\"flashvars\" value=\"url=\/video\/Napoleon_%283%29_Le_militaire_abusif_Henri_Guillemin.mp4&amp;poster=\/wp-admin\/\" \/><param name=\"allowfullscreen\" value=\"true\" \/><param name=\"allowscriptaccess\" value=\"true\" \/><embed width=\"320\" height=\"180\" type=\"application\/x-shockwave-flash\" src=\"https:\/\/www.vuncf.org\/wp-includes\/js\/tinymce\/plugins\/media\/moxieplayer.swf\" flashvars=\"url=\/video\/Napoleon_%283%29_Le_militaire_abusif_Henri_Guillemin.mp4&amp;poster=\/wp-admin\/\" allowfullscreen=\"true\" allowscriptaccess=\"true\" \/><\/object><\/video><\/p>\n<p>&nbsp;<\/p>\n<p>&nbsp;<\/p>\n<h2>Les sphynx avec moi<\/h2>\n<h2><video width=\"320\" height=\"180\" controls=\"controls\" autobuffer=\"\"><source src=\"\/video\/Napoleon_(4)_Les_sphynx_avec_moi_Henri_Guillemin.mp4\" type=\"video\/mp4\" \/><source src=\"\/video\/Napoleon_(4)_Les_sphynx_avec_moi_Henri_Guillemin.webm\" type=\"video\/webm\" \/><object width=\"320\" height=\"180\" classid=\"clsid:d27cdb6e-ae6d-11cf-96b8-444553540000\" codebase=\"http:\/\/download.macromedia.com\/pub\/shockwave\/cabs\/flash\/swflash.cab#version=6,0,40,0\"><param name=\"src\" value=\"https:\/\/www.vuncf.org\/wp-includes\/js\/tinymce\/plugins\/media\/moxieplayer.swf\" \/><param name=\"flashvars\" value=\"url=\/video\/Napoleon_%284%29_Les_sphynx_avec_moi_Henri_Guillemin.mp4&amp;poster=\/wp-admin\/\" \/><param name=\"allowfullscreen\" value=\"true\" \/><param name=\"allowscriptaccess\" value=\"true\" \/><embed width=\"320\" height=\"180\" type=\"application\/x-shockwave-flash\" src=\"https:\/\/www.vuncf.org\/wp-includes\/js\/tinymce\/plugins\/media\/moxieplayer.swf\" flashvars=\"url=\/video\/Napoleon_%284%29_Les_sphynx_avec_moi_Henri_Guillemin.mp4&amp;poster=\/wp-admin\/\" allowfullscreen=\"true\" allowscriptaccess=\"true\" \/><\/object>&nbsp;<\/p>\n<p>&nbsp;<\/video><\/h2>\n<p>&nbsp;<\/p>\n<h2>Brumaire<\/h2>\n<p><video width=\"320\" height=\"180\" controls=\"controls\" autobuffer=\"\"><source src=\"\/video\/Napoleon_(5)_Brumaire_Henri_Guillemin.mp4\" type=\"video\/mp4\" \/><source src=\"\/video\/Napoleon_(5)_Brumaire_Henri_Guillemin.webm\" type=\"video\/webm\" \/><object width=\"320\" height=\"180\" classid=\"clsid:d27cdb6e-ae6d-11cf-96b8-444553540000\" codebase=\"http:\/\/download.macromedia.com\/pub\/shockwave\/cabs\/flash\/swflash.cab#version=6,0,40,0\"><param name=\"src\" value=\"https:\/\/www.vuncf.org\/wp-includes\/js\/tinymce\/plugins\/media\/moxieplayer.swf\" \/><param name=\"flashvars\" value=\"url=\/video\/Napoleon_%285%29_Brumaire_Henri_Guillemin.mp4&amp;poster=\/wp-admin\/\" \/><param name=\"allowfullscreen\" value=\"true\" \/><param name=\"allowscriptaccess\" value=\"true\" \/><embed width=\"320\" height=\"180\" type=\"application\/x-shockwave-flash\" src=\"https:\/\/www.vuncf.org\/wp-includes\/js\/tinymce\/plugins\/media\/moxieplayer.swf\" flashvars=\"url=\/video\/Napoleon_%285%29_Brumaire_Henri_Guillemin.mp4&amp;poster=\/wp-admin\/\" allowfullscreen=\"true\" allowscriptaccess=\"true\" \/><\/object><\/video><\/p>\n<p>&nbsp;<\/p>\n<h2>Un ca\u00efd respectueux<\/h2>\n<p><video width=\"320\" height=\"180\" controls=\"controls\" autobuffer=\"\"><source src=\"\/video\/Napoleon_(6)_Un_ca\u00efd_respectueux_Henri_Guillemin.mp4\" type=\"video\/mp4\" \/><source src=\"\/video\/Napoleon_(6)_Un_ca\u00efd_respectueux_Henri_Guillemin.webm\" type=\"video\/webm\" \/><object width=\"320\" height=\"180\" classid=\"clsid:d27cdb6e-ae6d-11cf-96b8-444553540000\" codebase=\"http:\/\/download.macromedia.com\/pub\/shockwave\/cabs\/flash\/swflash.cab#version=6,0,40,0\"><param name=\"src\" value=\"https:\/\/www.vuncf.org\/wp-includes\/js\/tinymce\/plugins\/media\/moxieplayer.swf\" \/><param name=\"flashvars\" value=\"url=\/video\/Napoleon_%286%29_Un_ca%EFd_respectueux_Henri_Guillemin.mp4&amp;poster=\/wp-admin\/\" \/><param name=\"allowfullscreen\" value=\"true\" \/><param name=\"allowscriptaccess\" value=\"true\" \/><embed width=\"320\" height=\"180\" type=\"application\/x-shockwave-flash\" src=\"https:\/\/www.vuncf.org\/wp-includes\/js\/tinymce\/plugins\/media\/moxieplayer.swf\" flashvars=\"url=\/video\/Napoleon_%286%29_Un_ca%EFd_respectueux_Henri_Guillemin.mp4&amp;poster=\/wp-admin\/\" allowfullscreen=\"true\" allowscriptaccess=\"true\" \/><\/object><\/video><\/p>\n<p>&nbsp;<\/p>\n<p>&nbsp;<\/p>\n<h2>L&rsquo;annexion de l&rsquo;\u00e9glise<\/h2>\n<p><video width=\"320\" height=\"180\" controls=\"controls\" autobuffer=\"\"><source src=\"\/video\/Napoleon_(7)_L_annexion_de_l_eglise_Henri_Guillemin.mp4\" type=\"video\/mp4\" \/><source src=\"\/video\/Napoleon_(7)_L_annexion_de_l_eglise_Henri_Guillemin.webm\" type=\"video\/webm\" \/><object width=\"320\" height=\"180\" classid=\"clsid:d27cdb6e-ae6d-11cf-96b8-444553540000\" codebase=\"http:\/\/download.macromedia.com\/pub\/shockwave\/cabs\/flash\/swflash.cab#version=6,0,40,0\"><param name=\"src\" value=\"https:\/\/www.vuncf.org\/wp-includes\/js\/tinymce\/plugins\/media\/moxieplayer.swf\" \/><param name=\"flashvars\" value=\"url=\/video\/Napoleon_%287%29_L_annexion_de_l_eglise_Henri_Guillemin.mp4&amp;poster=\/wp-admin\/\" \/><param name=\"allowfullscreen\" value=\"true\" \/><param name=\"allowscriptaccess\" value=\"true\" \/><embed width=\"320\" height=\"180\" type=\"application\/x-shockwave-flash\" src=\"https:\/\/www.vuncf.org\/wp-includes\/js\/tinymce\/plugins\/media\/moxieplayer.swf\" flashvars=\"url=\/video\/Napoleon_%287%29_L_annexion_de_l_eglise_Henri_Guillemin.mp4&amp;poster=\/wp-admin\/\" allowfullscreen=\"true\" allowscriptaccess=\"true\" \/><\/object><\/video><\/p>\n<p>&nbsp;<\/p>\n<p>&nbsp;<\/p>\n<h2>Le pr\u00e9nom suffira<\/h2>\n<p><video width=\"320\" height=\"180\" controls=\"controls\" autobuffer=\"\"><source src=\"\/video\/Napoleon_(8)_Le_prenom_suffira_Henri_Guillemin.mp4\" type=\"video\/mp4\" \/><source src=\"\/video\/Napoleon_(8)_Le_prenom_suffira_Henri_Guillemin.webm\" type=\"video\/webm\" \/><object width=\"320\" height=\"180\" classid=\"clsid:d27cdb6e-ae6d-11cf-96b8-444553540000\" codebase=\"http:\/\/download.macromedia.com\/pub\/shockwave\/cabs\/flash\/swflash.cab#version=6,0,40,0\"><param name=\"src\" value=\"https:\/\/www.vuncf.org\/wp-includes\/js\/tinymce\/plugins\/media\/moxieplayer.swf\" \/><param name=\"flashvars\" value=\"url=\/video\/Napoleon_%288%29_Le_prenom_suffira_Henri_Guillemin.mp4&amp;poster=\/wp-admin\/\" \/><param name=\"allowfullscreen\" value=\"true\" \/><param name=\"allowscriptaccess\" value=\"true\" \/><embed width=\"320\" height=\"180\" type=\"application\/x-shockwave-flash\" src=\"https:\/\/www.vuncf.org\/wp-includes\/js\/tinymce\/plugins\/media\/moxieplayer.swf\" flashvars=\"url=\/video\/Napoleon_%288%29_Le_prenom_suffira_Henri_Guillemin.mp4&amp;poster=\/wp-admin\/\" allowfullscreen=\"true\" allowscriptaccess=\"true\" \/><\/object><\/video><\/p>\n<p>&nbsp;<\/p>\n<p>&nbsp;<\/p>\n<h2>Le repos du monde<\/h2>\n<p><video width=\"320\" height=\"180\" controls=\"controls\" autobuffer=\"\"><source src=\"\/video\/Napoleon_(9)_Le_repos_du_monde_Henri_Guillemin.mp4\" type=\"video\/mp4\" \/><source src=\"\/video\/Napoleon_(9)_Le_repos_du_monde_Henri_Guillemin.webm\" type=\"video\/webm\" \/><object width=\"320\" height=\"180\" classid=\"clsid:d27cdb6e-ae6d-11cf-96b8-444553540000\" codebase=\"http:\/\/download.macromedia.com\/pub\/shockwave\/cabs\/flash\/swflash.cab#version=6,0,40,0\"><param name=\"src\" value=\"https:\/\/www.vuncf.org\/wp-includes\/js\/tinymce\/plugins\/media\/moxieplayer.swf\" \/><param name=\"flashvars\" value=\"url=\/video\/Napoleon_%289%29_Le_repos_du_monde_Henri_Guillemin.mp4&amp;poster=\/wp-admin\/\" \/><param name=\"allowfullscreen\" value=\"true\" \/><param name=\"allowscriptaccess\" value=\"true\" \/><embed width=\"320\" height=\"180\" type=\"application\/x-shockwave-flash\" src=\"https:\/\/www.vuncf.org\/wp-includes\/js\/tinymce\/plugins\/media\/moxieplayer.swf\" flashvars=\"url=\/video\/Napoleon_%289%29_Le_repos_du_monde_Henri_Guillemin.mp4&amp;poster=\/wp-admin\/\" allowfullscreen=\"true\" allowscriptaccess=\"true\" \/><\/object><\/video><\/p>\n<p>&nbsp;<\/p>\n<p>&nbsp;<\/p>\n<h2>La grande parade<\/h2>\n<p><video width=\"320\" height=\"180\" controls=\"controls\" autobuffer=\"\"><source src=\"\/video\/Napoleon_(10)_La_grande_parade_henri_Guillemin.mp4\" type=\"video\/mp4\" \/><source src=\"\/video\/Napoleon_(10)_La_grande_parade_henri_Guillemin.webm\" type=\"video\/webm\" \/><object width=\"320\" height=\"180\" classid=\"clsid:d27cdb6e-ae6d-11cf-96b8-444553540000\" codebase=\"http:\/\/download.macromedia.com\/pub\/shockwave\/cabs\/flash\/swflash.cab#version=6,0,40,0\"><param name=\"src\" value=\"https:\/\/www.vuncf.org\/wp-includes\/js\/tinymce\/plugins\/media\/moxieplayer.swf\" \/><param name=\"flashvars\" value=\"url=\/video\/Napoleon_%2810%29_La_grande_parade_henri_Guillemin.mp4&amp;poster=\/wp-admin\/\" \/><param name=\"allowfullscreen\" value=\"true\" \/><param name=\"allowscriptaccess\" value=\"true\" \/><embed width=\"320\" height=\"180\" type=\"application\/x-shockwave-flash\" src=\"https:\/\/www.vuncf.org\/wp-includes\/js\/tinymce\/plugins\/media\/moxieplayer.swf\" flashvars=\"url=\/video\/Napoleon_%2810%29_La_grande_parade_henri_Guillemin.mp4&amp;poster=\/wp-admin\/\" allowfullscreen=\"true\" allowscriptaccess=\"true\" \/><\/object><\/video><\/p>\n<p>&nbsp;<\/p>\n<p>&nbsp;<\/p>\n<h2>??<\/h2>\n<p><video width=\"320\" height=\"180\" controls=\"controls\" autobuffer=\"\"><source src=\"\/video\/Napoleon_(11)_Henri_Guillemin.mp4\" type=\"video\/mp4\" \/><source src=\"\/video\/Napoleon_(11)_Henri_Guillemin.webm\" type=\"video\/webm\" \/><object width=\"320\" height=\"180\" classid=\"clsid:d27cdb6e-ae6d-11cf-96b8-444553540000\" codebase=\"http:\/\/download.macromedia.com\/pub\/shockwave\/cabs\/flash\/swflash.cab#version=6,0,40,0\"><param name=\"src\" value=\"https:\/\/www.vuncf.org\/wp-includes\/js\/tinymce\/plugins\/media\/moxieplayer.swf\" \/><param name=\"flashvars\" value=\"url=\/video\/Napoleon_%2811%29_Henri_Guillemin.mp4&amp;poster=\/wp-admin\/\" \/><param name=\"allowfullscreen\" value=\"true\" \/><param name=\"allowscriptaccess\" value=\"true\" \/><embed width=\"320\" height=\"180\" type=\"application\/x-shockwave-flash\" src=\"https:\/\/www.vuncf.org\/wp-includes\/js\/tinymce\/plugins\/media\/moxieplayer.swf\" flashvars=\"url=\/video\/Napoleon_%2811%29_Henri_Guillemin.mp4&amp;poster=\/wp-admin\/\" allowfullscreen=\"true\" allowscriptaccess=\"true\" \/><\/object><\/video><\/p>\n<p>&nbsp;<\/p>\n<p>&nbsp;<\/p>\n<h2>La chanson de geste<\/h2>\n<p><video width=\"320\" height=\"180\" controls=\"controls\" autobuffer=\"\"><source src=\"\/video\/Napoleon_(12)_La_chanson_de_geste_Henri_Guillemin.mp4\" type=\"video\/mp4\" \/><source src=\"\/video\/Napoleon_(12)_La_chanson_de_geste_Henri_Guillemin.webm\" type=\"video\/webm\" \/><object width=\"320\" height=\"180\" classid=\"clsid:d27cdb6e-ae6d-11cf-96b8-444553540000\" codebase=\"http:\/\/download.macromedia.com\/pub\/shockwave\/cabs\/flash\/swflash.cab#version=6,0,40,0\"><param name=\"src\" value=\"https:\/\/www.vuncf.org\/wp-includes\/js\/tinymce\/plugins\/media\/moxieplayer.swf\" \/><param name=\"flashvars\" value=\"url=\/video\/Napoleon_%2812%29_La_chanson_de_geste_Henri_Guillemin.mp4&amp;poster=\/wp-admin\/\" \/><param name=\"allowfullscreen\" value=\"true\" \/><param name=\"allowscriptaccess\" value=\"true\" \/><embed width=\"320\" height=\"180\" type=\"application\/x-shockwave-flash\" src=\"https:\/\/www.vuncf.org\/wp-includes\/js\/tinymce\/plugins\/media\/moxieplayer.swf\" flashvars=\"url=\/video\/Napoleon_%2812%29_La_chanson_de_geste_Henri_Guillemin.mp4&amp;poster=\/wp-admin\/\" allowfullscreen=\"true\" allowscriptaccess=\"true\" \/><\/object><\/video><\/p>\n<p>&nbsp;<\/p>\n<p>&nbsp;<\/p>\n<h2>La d\u00e9b\u00e2cle<\/h2>\n<p><video width=\"320\" height=\"180\" controls=\"controls\" autobuffer=\"\"><source src=\"\/video\/Napoleon_(13)_La_debacle_Henri_Guillemin.mp4\" type=\"video\/mp4\" \/><source src=\"\/video\/Napoleon_(13)_La_debacle_Henri_Guillemin.webm\" type=\"video\/webm\" \/><object width=\"320\" height=\"180\" classid=\"clsid:d27cdb6e-ae6d-11cf-96b8-444553540000\" codebase=\"http:\/\/download.macromedia.com\/pub\/shockwave\/cabs\/flash\/swflash.cab#version=6,0,40,0\"><param name=\"src\" value=\"https:\/\/www.vuncf.org\/wp-includes\/js\/tinymce\/plugins\/media\/moxieplayer.swf\" \/><param name=\"flashvars\" value=\"url=\/video\/Napoleon_%2813%29_La_debacle_Henri_Guillemin.mp4&amp;poster=\/wp-admin\/\" \/><param name=\"allowfullscreen\" value=\"true\" \/><param name=\"allowscriptaccess\" value=\"true\" \/><embed width=\"320\" height=\"180\" type=\"application\/x-shockwave-flash\" src=\"https:\/\/www.vuncf.org\/wp-includes\/js\/tinymce\/plugins\/media\/moxieplayer.swf\" flashvars=\"url=\/video\/Napoleon_%2813%29_La_debacle_Henri_Guillemin.mp4&amp;poster=\/wp-admin\/\" allowfullscreen=\"true\" allowscriptaccess=\"true\" \/><\/object><\/video><\/p>\n<p>&nbsp;<\/p>\n<p>&nbsp;<\/p>\n<h2>Le r\u00e9cidiviste<\/h2>\n<p><video width=\"320\" height=\"180\" controls=\"controls\" autobuffer=\"\"><source src=\"\/video\/Napoleon_(14)_Le_recidiviste_Henri_Guillemin.mp4\" type=\"video\/mp4\" \/><source src=\"\/video\/Napoleon_(14)_Le_recidiviste_Henri_Guillemin.webm\" type=\"video\/webm\" \/><object width=\"320\" height=\"180\" classid=\"clsid:d27cdb6e-ae6d-11cf-96b8-444553540000\" codebase=\"http:\/\/download.macromedia.com\/pub\/shockwave\/cabs\/flash\/swflash.cab#version=6,0,40,0\"><param name=\"src\" value=\"https:\/\/www.vuncf.org\/wp-includes\/js\/tinymce\/plugins\/media\/moxieplayer.swf\" \/><param name=\"flashvars\" value=\"url=\/video\/Napoleon_%2814%29_Le_recidiviste_Henri_Guillemin.mp4&amp;poster=\/wp-admin\/\" \/><param name=\"allowfullscreen\" value=\"true\" \/><param name=\"allowscriptaccess\" value=\"true\" \/><embed width=\"320\" height=\"180\" type=\"application\/x-shockwave-flash\" src=\"https:\/\/www.vuncf.org\/wp-includes\/js\/tinymce\/plugins\/media\/moxieplayer.swf\" flashvars=\"url=\/video\/Napoleon_%2814%29_Le_recidiviste_Henri_Guillemin.mp4&amp;poster=\/wp-admin\/\" allowfullscreen=\"true\" allowscriptaccess=\"true\" \/><\/object><\/video><\/p>\n<p>&nbsp;<\/p>\n<p>&nbsp;<\/p>\n<h2>Bilan<\/h2>\n<p><video width=\"320\" height=\"180\" controls=\"controls\" autobuffer=\"\"><source src=\"\/video\/Napoleon_(15)_Bilan_Henri_Guillemin.mp4\" type=\"video\/mp4\" \/><source src=\"\/video\/Napoleon_(15)_Bilan_Henri_Guillemin.webm\" type=\"video\/webm\" \/><object width=\"320\" height=\"180\" classid=\"clsid:d27cdb6e-ae6d-11cf-96b8-444553540000\" codebase=\"http:\/\/download.macromedia.com\/pub\/shockwave\/cabs\/flash\/swflash.cab#version=6,0,40,0\"><param name=\"src\" value=\"https:\/\/www.vuncf.org\/wp-includes\/js\/tinymce\/plugins\/media\/moxieplayer.swf\" \/><param name=\"flashvars\" value=\"url=\/video\/Napoleon_%2815%29_Bilan_Henri_Guillemin.mp4&amp;poster=\/wp-admin\/\" \/><param name=\"allowfullscreen\" value=\"true\" \/><param name=\"allowscriptaccess\" value=\"true\" \/><embed width=\"320\" height=\"180\" type=\"application\/x-shockwave-flash\" src=\"https:\/\/www.vuncf.org\/wp-includes\/js\/tinymce\/plugins\/media\/moxieplayer.swf\" flashvars=\"url=\/video\/Napoleon_%2815%29_Bilan_Henri_Guillemin.mp4&amp;poster=\/wp-admin\/\" allowfullscreen=\"true\" allowscriptaccess=\"true\" \/><\/object><\/video><\/p>\n<p>&nbsp;<\/p>\n<p>&nbsp;<\/p>\n","protected":false},"excerpt":{"rendered":"<p>Napol\u00e9on : l&rsquo;exemple de la mystification r\u00e9ussie. Ou comment transformer un dictateur autocrate assoiff\u00e9 d&rsquo;argent en h\u00e9ros national. Le faux d\u00e9part &nbsp; &nbsp; Les d\u00e9buts de l&rsquo;escalade &nbsp; &nbsp; Le militaire abusif &nbsp; &nbsp; Les sphynx avec moi &nbsp; &nbsp; &nbsp; Brumaire &nbsp; Un ca\u00efd respectueux &nbsp; &nbsp; L&rsquo;annexion de l&rsquo;\u00e9glise &nbsp; &nbsp; Le pr\u00e9nom [&hellip;]<\/p>\n","protected":false},"author":1,"featured_media":0,"parent":0,"menu_order":0,"comment_status":"open","ping_status":"closed","template":"","meta":{"footnotes":""},"class_list":["post-1005","page","type-page","status-publish","hentry"],"_links":{"self":[{"href":"https:\/\/www.vuncf.org\/index.php?rest_route=\/wp\/v2\/pages\/1005","targetHints":{"allow":["GET"]}}],"collection":[{"href":"https:\/\/www.vuncf.org\/index.php?rest_route=\/wp\/v2\/pages"}],"about":[{"href":"https:\/\/www.vuncf.org\/index.php?rest_route=\/wp\/v2\/types\/page"}],"author":[{"embeddable":true,"href":"https:\/\/www.vuncf.org\/index.php?rest_route=\/wp\/v2\/users\/1"}],"replies":[{"embeddable":true,"href":"https:\/\/www.vuncf.org\/index.php?rest_route=%2Fwp%2Fv2%2Fcomments&post=1005"}],"version-history":[{"count":9,"href":"https:\/\/www.vuncf.org\/index.php?rest_route=\/wp\/v2\/pages\/1005\/revisions"}],"predecessor-version":[{"id":2005,"href":"https:\/\/www.vuncf.org\/index.php?rest_route=\/wp\/v2\/pages\/1005\/revisions\/2005"}],"wp:attachment":[{"href":"https:\/\/www.vuncf.org\/index.php?rest_route=%2Fwp%2Fv2%2Fmedia&parent=1005"}],"curies":[{"name":"wp","href":"https:\/\/api.w.org\/{rel}","templated":true}]}}